{"id":1183,"date":"2025-11-06T11:46:56","date_gmt":"2025-11-06T10:46:56","guid":{"rendered":"https:\/\/www.regionalis.shop\/krismar-seewinkler-naturkosmetik\/?post_type=product&#038;p=1183"},"modified":"2025-11-06T12:35:47","modified_gmt":"2025-11-06T11:35:47","slug":"handcreme-sanddorn","status":"publish","type":"product","link":"https:\/\/www.regionalis.shop\/krismar-seewinkler-naturkosmetik\/shop\/handcreme-sanddorn\/","title":{"rendered":"Handcreme Sanddorn"},"content":{"rendered":"<div class=\"fusion-title title fusion-title-1 fusion-sep-none fusion-title-text fusion-title-size-two\">\n<div class=\"fusion-title title fusion-title-1 fusion-sep-none fusion-title-text fusion-title-size-two\">\n<h2 class=\"fusion-title-heading title-heading-left\">Handcreme Sanddorn 50ml<\/h2>\n<\/div>\n<div class=\"fusion-text fusion-text-1\">\n<p><strong>Unsere beliebte Handcreme Sanddorn<\/strong>\u00a0ist die perfekte Pflege f\u00fcr zarte, geschmeidige H\u00e4nde. Mit einer einzigartigen Kombination aus hochwertigen, kaltgepressten \u00d6len und nat\u00fcrlichen Inhaltsstoffen zieht sie schnell ein und hinterl\u00e4sst ein seidiges Hautgef\u00fchl.<\/p>\n<\/div>\n<div class=\"fusion-title title fusion-title-2 fusion-sep-none fusion-title-text fusion-title-size-three\">\n<h3 class=\"fusion-title-heading title-heading-left\">Pflegende Inhaltsstoffe:<\/h3>\n<\/div>\n<div class=\"fusion-text fusion-text-2\">\n<ul>\n<li><strong>Sanddornfruchtfleisch\u00f6l:<\/strong>\u00a0reich an Vitaminen und Antioxidantien, regeneriert die Haut und sch\u00fctzt vor Umwelteinfl\u00fcssen<\/li>\n<li><strong>Jojoba\u00f6l:<\/strong>\u00a0spendet Feuchtigkeit und unterst\u00fctzt die nat\u00fcrliche Hautbarriere<\/li>\n<li><strong>Sheabutter:<\/strong>\u00a0n\u00e4hrt intensiv und macht die Haut geschmeidig<\/li>\n<li><strong>Mandel\u00f6l:<\/strong>\u00a0gl\u00e4ttet und pflegt trockene H\u00e4nde<\/li>\n<li><strong>Ringelblumen\u00f6l:<\/strong>\u00a0beruhigt und regeneriert beanspruchte Haut<\/li>\n<\/ul>\n<\/div>\n<div class=\"fusion-title title fusion-title-3 fusion-sep-none fusion-title-text fusion-title-size-three\">\n<h3 class=\"fusion-title-heading title-heading-left\">Vorteile:<\/h3>\n<\/div>\n<div class=\"fusion-text fusion-text-3\">\n<ul>\n<li><strong>Schnell einziehend:<\/strong>\u00a0kein klebriges Gef\u00fchl, perfekt f\u00fcr den Alltag<\/li>\n<li><strong>Erfrischender Duft:<\/strong>\u00a0die zarte Note von Mandarine erinnert an einen sonnigen Sommertag<\/li>\n<li><strong>Intensive Pflege:<\/strong>\u00a0sch\u00fctzt die H\u00e4nde vor Trockenheit und sorgt f\u00fcr nachhaltige Geschmeidigkeit<\/li>\n<\/ul>\n<p>Praktischer\u00a0<strong>Airless-Spender<\/strong>:\u00a0Dank des innovativen Doppelbodens wird der Inhalt bis zum letzten Tropfen aufgebraucht \u2013 f\u00fcr eine nachhaltige Nutzung ohne Produktverlust.<\/p>\n<p>G\u00f6nn deinen H\u00e4nden eine Extraportion Pflege mit unserer erfrischenden Sanddorn-Handcreme \u2013 f\u00fcr streichelzarte Haut, jeden Tag!<\/p>\n<\/div>\n<\/div>\n","protected":false},"excerpt":{"rendered":"<p>Handcreme Sanddorn 50ml Unsere beliebte Handcreme Sanddorn\u00a0ist die perfekte Pflege f\u00fcr zarte, geschmeidige H\u00e4nde. Mit einer einzigartigen Kombination aus hochwertigen, kaltgepressten \u00d6len und nat\u00fcrlichen Inhaltsstoffen zieht sie schnell ein und hinterl\u00e4sst ein seidiges Hautgef\u00fchl. Pflegende Inhaltsstoffe: Sanddornfruchtfleisch\u00f6l:\u00a0reich an Vitaminen und Antioxidantien, regeneriert die Haut und sch\u00fctzt vor Umwelteinfl\u00fcssen Jojoba\u00f6l:\u00a0spendet Feuchtigkeit und unterst\u00fctzt die nat\u00fcrliche Hautbarriere &hellip; <a href=\"https:\/\/www.regionalis.shop\/krismar-seewinkler-naturkosmetik\/shop\/handcreme-sanddorn\/\">Continued<\/a><\/p>\n","protected":false},"featured_media":1167,"template":"","meta":{"_acf_changed":false},"product_brand":[],"product_cat":[122,52],"product_tag":[],"class_list":{"0":"post-1183","1":"product","2":"type-product","3":"status-publish","4":"has-post-thumbnail","6":"product_cat-cremen-salben","7":"product_cat-kosmetika","9":"first","10":"instock","11":"purchasable","12":"product-type-simple"},"acf":[],"_links":{"self":[{"href":"https:\/\/www.regionalis.shop\/krismar-seewinkler-naturkosmetik\/wp-json\/wp\/v2\/product\/1183","targetHints":{"allow":["GET"]}}],"collection":[{"href":"https:\/\/www.regionalis.shop\/krismar-seewinkler-naturkosmetik\/wp-json\/wp\/v2\/product"}],"about":[{"href":"https:\/\/www.regionalis.shop\/krismar-seewinkler-naturkosmetik\/wp-json\/wp\/v2\/types\/product"}],"wp:featuredmedia":[{"embeddable":true,"href":"https:\/\/www.regionalis.shop\/krismar-seewinkler-naturkosmetik\/wp-json\/wp\/v2\/media\/1167"}],"wp:attachment":[{"href":"https:\/\/www.regionalis.shop\/krismar-seewinkler-naturkosmetik\/wp-json\/wp\/v2\/media?parent=1183"}],"wp:term":[{"taxonomy":"product_brand","embeddable":true,"href":"https:\/\/www.regionalis.shop\/krismar-seewinkler-naturkosmetik\/wp-json\/wp\/v2\/product_brand?post=1183"},{"taxonomy":"product_cat","embeddable":true,"href":"https:\/\/www.regionalis.shop\/krismar-seewinkler-naturkosmetik\/wp-json\/wp\/v2\/product_cat?post=1183"},{"taxonomy":"product_tag","embeddable":true,"href":"https:\/\/www.regionalis.shop\/krismar-seewinkler-naturkosmetik\/wp-json\/wp\/v2\/product_tag?post=1183"}],"curies":[{"name":"wp","href":"https:\/\/api.w.org\/{rel}","templated":true}]}}