{"id":1194,"date":"2025-11-06T12:31:01","date_gmt":"2025-11-06T11:31:01","guid":{"rendered":"https:\/\/www.regionalis.shop\/krismar-seewinkler-naturkosmetik\/?post_type=product&#038;p=1194"},"modified":"2025-11-06T12:35:25","modified_gmt":"2025-11-06T11:35:25","slug":"gesichtscreme-federleicht","status":"publish","type":"product","link":"https:\/\/www.regionalis.shop\/krismar-seewinkler-naturkosmetik\/shop\/gesichtscreme-federleicht\/","title":{"rendered":"Gesichtscreme Federleicht"},"content":{"rendered":"<div class=\"fusion-title title fusion-title-1 fusion-sep-none fusion-title-text fusion-title-size-two\">\n<h2 class=\"fusion-title-heading title-heading-left\">Gesichtscreme Federleicht 50ml<\/h2>\n<\/div>\n<div class=\"fusion-title title fusion-title-2 fusion-sep-none fusion-title-text fusion-title-size-three\">\n<h3 class=\"fusion-title-heading title-heading-left\">Leichte Pflege f\u00fcr ein mattiertes Hautbild<\/h3>\n<\/div>\n<div class=\"fusion-text fusion-text-1\">\n<p>Unsere G<strong>esichtscreme Federleicht<\/strong>\u00a0ist die perfekte Wahl f\u00fcr alle, die sich eine schnell einziehende und erfrischende Pflege w\u00fcnschen. Die innovative Rezeptur mit\u00a0<strong>Bakuchiol, Orangenbl\u00fcten, Cannabidiol, Callabl\u00fctenextrakt<\/strong>\u00a0und\u00a0<strong>Magnolienrindenextrakt<\/strong>\u00a0bietet eine optimale Balance aus Feuchtigkeit und Mattierung.<\/p>\n<p>\u2714<strong>\u00a0Sorgt f\u00fcr Feuchtigkeit:<\/strong>\u00a0Pflegt die Haut, ohne sie zu beschweren.<br \/>\n\u2714<strong>\u00a0Mattiert und verfeinert:<\/strong>\u00a0F\u00fcr ein ebenm\u00e4\u00dfiges, feinporiges Hautbild.<br \/>\n\u2714\u00a0<strong>Perfekt f\u00fcr den Sommer<\/strong>:\u00a0Ideal f\u00fcr \u00f6lige, unreine Haut und Mischhaut \u2013 selbst bei warmen Temperaturen bleibt die Haut frisch und gepflegt.<br \/>\n\u2714\u00a0<strong>Vielseitig:\u00a0<\/strong>F\u00fcr jeden Hauttyp geeignet.<\/p>\n<p><strong>Anwendung<\/strong>:<br \/>\nMorgens und abends auf die gereinigte Haut auftragen. Dank der ergiebigen Textur reicht eine kleine Menge f\u00fcr langanhaltende Frische.<\/p>\n<p>Erlebe die leichte, effektive Pflege \u2013 f\u00fcr einen frischen und nat\u00fcrlichen Teint!<\/p>\n<\/div>\n","protected":false},"excerpt":{"rendered":"<p>Gesichtscreme Federleicht 50ml Leichte Pflege f\u00fcr ein mattiertes Hautbild Unsere Gesichtscreme Federleicht\u00a0ist die perfekte Wahl f\u00fcr alle, die sich eine schnell einziehende und erfrischende Pflege w\u00fcnschen. Die innovative Rezeptur mit\u00a0Bakuchiol, Orangenbl\u00fcten, Cannabidiol, Callabl\u00fctenextrakt\u00a0und\u00a0Magnolienrindenextrakt\u00a0bietet eine optimale Balance aus Feuchtigkeit und Mattierung. \u2714\u00a0Sorgt f\u00fcr Feuchtigkeit:\u00a0Pflegt die Haut, ohne sie zu beschweren. \u2714\u00a0Mattiert und verfeinert:\u00a0F\u00fcr ein ebenm\u00e4\u00dfiges, feinporiges &hellip; <a href=\"https:\/\/www.regionalis.shop\/krismar-seewinkler-naturkosmetik\/shop\/gesichtscreme-federleicht\/\">Continued<\/a><\/p>\n","protected":false},"featured_media":1138,"template":"","meta":{"_acf_changed":false},"product_brand":[],"product_cat":[122,138,52],"product_tag":[],"class_list":{"0":"post-1194","1":"product","2":"type-product","3":"status-publish","4":"has-post-thumbnail","6":"product_cat-cremen-salben","7":"product_cat-gesichtspflege","8":"product_cat-kosmetika","10":"first","11":"instock","12":"purchasable","13":"product-type-simple"},"acf":[],"_links":{"self":[{"href":"https:\/\/www.regionalis.shop\/krismar-seewinkler-naturkosmetik\/wp-json\/wp\/v2\/product\/1194","targetHints":{"allow":["GET"]}}],"collection":[{"href":"https:\/\/www.regionalis.shop\/krismar-seewinkler-naturkosmetik\/wp-json\/wp\/v2\/product"}],"about":[{"href":"https:\/\/www.regionalis.shop\/krismar-seewinkler-naturkosmetik\/wp-json\/wp\/v2\/types\/product"}],"wp:featuredmedia":[{"embeddable":true,"href":"https:\/\/www.regionalis.shop\/krismar-seewinkler-naturkosmetik\/wp-json\/wp\/v2\/media\/1138"}],"wp:attachment":[{"href":"https:\/\/www.regionalis.shop\/krismar-seewinkler-naturkosmetik\/wp-json\/wp\/v2\/media?parent=1194"}],"wp:term":[{"taxonomy":"product_brand","embeddable":true,"href":"https:\/\/www.regionalis.shop\/krismar-seewinkler-naturkosmetik\/wp-json\/wp\/v2\/product_brand?post=1194"},{"taxonomy":"product_cat","embeddable":true,"href":"https:\/\/www.regionalis.shop\/krismar-seewinkler-naturkosmetik\/wp-json\/wp\/v2\/product_cat?post=1194"},{"taxonomy":"product_tag","embeddable":true,"href":"https:\/\/www.regionalis.shop\/krismar-seewinkler-naturkosmetik\/wp-json\/wp\/v2\/product_tag?post=1194"}],"curies":[{"name":"wp","href":"https:\/\/api.w.org\/{rel}","templated":true}]}}