{"id":1195,"date":"2025-11-06T12:37:33","date_gmt":"2025-11-06T11:37:33","guid":{"rendered":"https:\/\/www.regionalis.shop\/krismar-seewinkler-naturkosmetik\/?post_type=product&#038;p=1195"},"modified":"2026-01-12T12:35:50","modified_gmt":"2026-01-12T11:35:50","slug":"wolkenschaum_gesichtsreinigung","status":"publish","type":"product","link":"https:\/\/www.regionalis.shop\/krismar-seewinkler-naturkosmetik\/shop\/wolkenschaum_gesichtsreinigung\/","title":{"rendered":"Wolkenschaum Gesichtsreinigung"},"content":{"rendered":"<div class=\"fusion-title title fusion-title-1 fusion-sep-none fusion-title-text fusion-title-size-two\">\n<div class=\"fusion-title title fusion-title-1 fusion-sep-none fusion-title-text fusion-title-size-two\">\n<h2 class=\"fusion-title-heading title-heading-left\"><span style=\"font-size: 16px\">Zarte Reinigung f\u00fcr strahlend sch\u00f6ne Haut<\/span><\/h2>\n<\/div>\n<div class=\"fusion-text fusion-text-1\">\n<p>Unser milder Gesichtsreinigungsschaum ist die perfekte Wahl f\u00fcr deine t\u00e4gliche Hautpflege. Die sanfte Formel mit\u00a0<strong>Haferprotein, milden Zuckertensiden<\/strong>\u00a0und\u00a0<strong>Jojoba\u00f6l<\/strong>\u00a0entfernt gr\u00fcndlich Schmutz, \u00fcbersch\u00fcssiges \u00d6l und Make-up-Reste, ohne die Haut auszutrocknen.<\/p>\n<p>\u2714\u00a0<strong>Porentiefe Reinigung<\/strong>: Befreit die Haut sanft von Unreinheiten.<br \/>\n\u2714\u00a0<strong>Pflegt und hydratisiert<\/strong>: Bewahrt die nat\u00fcrliche Feuchtigkeitsbalance deiner Haut.<br \/>\n\u2714\u00a0<strong>F\u00fcr jeden Hauttyp geeignet<\/strong>: Schonend und vielseitig einsetzbar.<br \/>\n\u2714\u00a0<strong>Angenehmer Duft<\/strong>: Zarter Hauch von Bergamotte und Apfel.<\/p>\n<p><strong>Anwendung<\/strong>:<br \/>\nEine kleine Menge auf die angefeuchtete Gesichtshaut auftragen, sanft mit kreisenden Bewegungen einmassieren und anschlie\u00dfend gr\u00fcndlich abwaschen.<\/p>\n<p>Genie\u00dfe das Gef\u00fchl einer porentief gereinigten und geschmeidigen Haut \u2013 jeden Tag!<\/p>\n<\/div>\n<h2 class=\"fusion-title-heading title-heading-left\">\u00a0115ml<\/h2>\n<\/div>\n","protected":false},"excerpt":{"rendered":"<p>Zarte Reinigung f\u00fcr strahlend sch\u00f6ne Haut Unser milder Gesichtsreinigungsschaum ist die perfekte Wahl f\u00fcr deine t\u00e4gliche Hautpflege. Die sanfte Formel mit\u00a0Haferprotein, milden Zuckertensiden\u00a0und\u00a0Jojoba\u00f6l\u00a0entfernt gr\u00fcndlich Schmutz, \u00fcbersch\u00fcssiges \u00d6l und Make-up-Reste, ohne die Haut auszutrocknen. \u2714\u00a0Porentiefe Reinigung: Befreit die Haut sanft von Unreinheiten. \u2714\u00a0Pflegt und hydratisiert: Bewahrt die nat\u00fcrliche Feuchtigkeitsbalance deiner Haut. \u2714\u00a0F\u00fcr jeden Hauttyp geeignet: Schonend &hellip; <a href=\"https:\/\/www.regionalis.shop\/krismar-seewinkler-naturkosmetik\/shop\/wolkenschaum_gesichtsreinigung\/\">Continued<\/a><\/p>\n","protected":false},"featured_media":1173,"template":"","meta":{"_acf_changed":false},"product_brand":[],"product_cat":[138,52],"product_tag":[],"class_list":{"0":"post-1195","1":"product","2":"type-product","3":"status-publish","4":"has-post-thumbnail","6":"product_cat-gesichtspflege","7":"product_cat-kosmetika","9":"first","10":"instock","11":"purchasable","12":"product-type-simple"},"acf":[],"_links":{"self":[{"href":"https:\/\/www.regionalis.shop\/krismar-seewinkler-naturkosmetik\/wp-json\/wp\/v2\/product\/1195","targetHints":{"allow":["GET"]}}],"collection":[{"href":"https:\/\/www.regionalis.shop\/krismar-seewinkler-naturkosmetik\/wp-json\/wp\/v2\/product"}],"about":[{"href":"https:\/\/www.regionalis.shop\/krismar-seewinkler-naturkosmetik\/wp-json\/wp\/v2\/types\/product"}],"wp:featuredmedia":[{"embeddable":true,"href":"https:\/\/www.regionalis.shop\/krismar-seewinkler-naturkosmetik\/wp-json\/wp\/v2\/media\/1173"}],"wp:attachment":[{"href":"https:\/\/www.regionalis.shop\/krismar-seewinkler-naturkosmetik\/wp-json\/wp\/v2\/media?parent=1195"}],"wp:term":[{"taxonomy":"product_brand","embeddable":true,"href":"https:\/\/www.regionalis.shop\/krismar-seewinkler-naturkosmetik\/wp-json\/wp\/v2\/product_brand?post=1195"},{"taxonomy":"product_cat","embeddable":true,"href":"https:\/\/www.regionalis.shop\/krismar-seewinkler-naturkosmetik\/wp-json\/wp\/v2\/product_cat?post=1195"},{"taxonomy":"product_tag","embeddable":true,"href":"https:\/\/www.regionalis.shop\/krismar-seewinkler-naturkosmetik\/wp-json\/wp\/v2\/product_tag?post=1195"}],"curies":[{"name":"wp","href":"https:\/\/api.w.org\/{rel}","templated":true}]}}