{"id":3,"date":"2023-10-31T09:02:46","date_gmt":"2023-10-31T09:02:46","guid":{"rendered":"https:\/\/stage.shop-it.at\/?page_id=3"},"modified":"2025-10-23T16:29:26","modified_gmt":"2025-10-23T14:29:26","slug":"datenschutzerklarung","status":"publish","type":"page","link":"https:\/\/www.regionalis.shop\/kunsthandwerk-johann-haiszan\/datenschutzerklarung\/","title":{"rendered":"Datenschutzerkl\u00e4rung"},"content":{"rendered":"<section>\n            <p>In meiner kleinen Werkstatt fertige ich allerlei Werkst\u00fccke aus Holz in liebevoller Handarbeit und verarbeite dazu fast ausschlie\u00dflich heimisches Holz aus der Region.<\/p>\n<p>Vorwiegend mache ich Kunsthandwerk und Schmuck, Kugelschreiber und F\u00fcllfedern, Kinderspielzeug, Weihnachtskugeln und Christbaumspitzen &#8211; nat\u00fcrlich alles aus Holz &#8230;<\/p>\n<p>Meine Produkte sind Einzelst\u00fccke eigener Ideen und Entw\u00fcrfe, nat\u00fcrlich fertige ich auch auf Wunsch deine\/ihre Vorstellungen an.<\/p>\n<p>F\u00fcr die Herstellung verwende ich neben Handwerkszeugen wie Hammer, S\u00e4ge, Stemmeisen, Zangen, Feilen, Schleifpapier in unterschiedlichen K\u00f6rnungen auch Elektromaschinen wie Bohrmaschine, Dekupiers\u00e4ge und Schleifmaschine.<\/p>\n<p>F\u00fcr den groben Zuschnitt der St\u00e4mme werden zuerst eine Kettens\u00e4ge und danach Kreiss\u00e4ge oder Bands\u00e4ge verwendet. Alle runden und zylindrischen Teile werden gedrechselt.<\/p>\n\n    <\/section>","protected":false},"excerpt":{"rendered":"","protected":false},"author":1,"featured_media":0,"parent":0,"menu_order":0,"comment_status":"closed","ping_status":"closed","template":"","meta":{"_acf_changed":false,"footnotes":""},"class_list":["post-3","page","type-page","status-publish","hentry"],"acf":[],"_links":{"self":[{"href":"https:\/\/www.regionalis.shop\/kunsthandwerk-johann-haiszan\/wp-json\/wp\/v2\/pages\/3","targetHints":{"allow":["GET"]}}],"collection":[{"href":"https:\/\/www.regionalis.shop\/kunsthandwerk-johann-haiszan\/wp-json\/wp\/v2\/pages"}],"about":[{"href":"https:\/\/www.regionalis.shop\/kunsthandwerk-johann-haiszan\/wp-json\/wp\/v2\/types\/page"}],"author":[{"embeddable":true,"href":"https:\/\/www.regionalis.shop\/kunsthandwerk-johann-haiszan\/wp-json\/wp\/v2\/users\/1"}],"replies":[{"embeddable":true,"href":"https:\/\/www.regionalis.shop\/kunsthandwerk-johann-haiszan\/wp-json\/wp\/v2\/comments?post=3"}],"version-history":[{"count":4,"href":"https:\/\/www.regionalis.shop\/kunsthandwerk-johann-haiszan\/wp-json\/wp\/v2\/pages\/3\/revisions"}],"predecessor-version":[{"id":1047,"href":"https:\/\/www.regionalis.shop\/kunsthandwerk-johann-haiszan\/wp-json\/wp\/v2\/pages\/3\/revisions\/1047"}],"wp:attachment":[{"href":"https:\/\/www.regionalis.shop\/kunsthandwerk-johann-haiszan\/wp-json\/wp\/v2\/media?parent=3"}],"curies":[{"name":"wp","href":"https:\/\/api.w.org\/{rel}","templated":true}]}}