{"id":862,"date":"2025-05-24T13:44:06","date_gmt":"2025-05-24T11:44:06","guid":{"rendered":"https:\/\/starter.stage.shop-it.at\/?page_id=862"},"modified":"2025-10-23T15:21:37","modified_gmt":"2025-10-23T13:21:37","slug":"startseite","status":"publish","type":"page","link":"https:\/\/www.regionalis.shop\/kunsthandwerk-johann-haiszan\/","title":{"rendered":"Startseite"},"content":{"rendered":"<section>\n        <div class=\"header-image\">\n            <img decoding=\"async\" src=\"https:\/\/www.regionalis.shop\/app\/uploads\/sites\/325\/846_2020_02_17_10_01_14_932540993.jpg\" alt=\"\">\n        <\/div>\n    \n    <\/section>\n    <section>\n    <div class=\"header-title\">\n        <h1 class=\"h2\">Willkommen bei Kunsthandwerk Johann Haiszan<\/h1>\n    <\/div>\n            <h2 class=\"h3\">Handgemacht in Ramsau<\/h2>\n                <p>In meiner kleinen Werkstatt fertige ich allerlei Werkst\u00fccke aus Holz in liebevoller Handarbeit und verarbeite dazu fast ausschlie\u00dflich heimisches Holz aus der Region.<\/p>\n<p>Vorwiegend mache ich Kunsthandwerk und Schmuck, Kugelschreiber und F\u00fcllfedern, Kinderspielzeug, Weihnachtskugeln und Christbaumspitzen &#8211; nat\u00fcrlich alles aus Holz &#8230;<\/p>\n<p>Meine Produkte sind Einzelst\u00fccke eigener Ideen und Entw\u00fcrfe, nat\u00fcrlich fertige ich auch auf Wunsch deine\/ihre Vorstellungen an.<\/p>\n<p>F\u00fcr die Herstellung verwende ich neben Handwerkszeugen wie Hammer, S\u00e4ge, Stemmeisen, Zangen, Feilen, Schleifpapier in unterschiedlichen K\u00f6rnungen auch Elektromaschinen wie Bohrmaschine, Dekupiers\u00e4ge und Schleifmaschine.<\/p>\n<p>F\u00fcr den groben Zuschnitt der St\u00e4mme werden zuerst eine Kettens\u00e4ge und danach Kreiss\u00e4ge oder Bands\u00e4ge verwendet. Alle runden und zylindrischen Teile werden gedrechselt.<\/p>\n\n    \n    <h3>Produkte<\/h3>\n\n    <div class=\"woocommerce columns-3 \"><ul class=\"products columns-3\">\n<li class=\"product type-product post-1057 status-publish first instock product_cat-garten-terrasse product_cat-wohnen-deko has-post-thumbnail purchasable product-type-simple\">\n\t<a href=\"https:\/\/www.regionalis.shop\/kunsthandwerk-johann-haiszan\/shop\/holzscheit-katze\/\" class=\"woocommerce-LoopProduct-link woocommerce-loop-product__link\"><div class=\"wc-block-grid__product-image\"><img loading=\"lazy\" decoding=\"async\" width=\"420\" height=\"420\" src=\"https:\/\/www.regionalis.shop\/app\/uploads\/sites\/325\/846_2020_03_24_14_03_31_456898319.jpg\" class=\"attachment-large size-large\" alt=\"Holzscheit Katze\" srcset=\"https:\/\/www.regionalis.shop\/app\/uploads\/sites\/325\/846_2020_03_24_14_03_31_456898319.jpg 420w, https:\/\/www.regionalis.shop\/app\/uploads\/sites\/325\/846_2020_03_24_14_03_31_456898319-300x300.jpg 300w, https:\/\/www.regionalis.shop\/app\/uploads\/sites\/325\/846_2020_03_24_14_03_31_456898319-150x150.jpg 150w, https:\/\/www.regionalis.shop\/app\/uploads\/sites\/325\/846_2020_03_24_14_03_31_456898319-100x100.jpg 100w\" sizes=\"auto, (max-width: 420px) 100vw, 420px\" \/><\/div><h2 class=\"woocommerce-loop-product__title\">Holzscheit Katze<\/h2>\n\t<span class=\"price\"><span class=\"woocommerce-Price-amount amount\"><bdi>26,00&nbsp;<span class=\"woocommerce-Price-currencySymbol\">&euro;<\/span><\/bdi><\/span><\/span>\n<\/a><\/li>\n<li class=\"product type-product post-1053 status-publish instock product_cat-garten-terrasse product_cat-wohnen-deko has-post-thumbnail purchasable product-type-simple\">\n\t<a href=\"https:\/\/www.regionalis.shop\/kunsthandwerk-johann-haiszan\/shop\/holzscheit-hund\/\" class=\"woocommerce-LoopProduct-link woocommerce-loop-product__link\"><div class=\"wc-block-grid__product-image\"><img loading=\"lazy\" decoding=\"async\" width=\"420\" height=\"420\" src=\"https:\/\/www.regionalis.shop\/app\/uploads\/sites\/325\/846_2020_03_24_13_54_34_959933336.jpg\" class=\"attachment-large size-large\" alt=\"Holzscheit Hund\" srcset=\"https:\/\/www.regionalis.shop\/app\/uploads\/sites\/325\/846_2020_03_24_13_54_34_959933336.jpg 420w, https:\/\/www.regionalis.shop\/app\/uploads\/sites\/325\/846_2020_03_24_13_54_34_959933336-300x300.jpg 300w, https:\/\/www.regionalis.shop\/app\/uploads\/sites\/325\/846_2020_03_24_13_54_34_959933336-150x150.jpg 150w, https:\/\/www.regionalis.shop\/app\/uploads\/sites\/325\/846_2020_03_24_13_54_34_959933336-100x100.jpg 100w\" sizes=\"auto, (max-width: 420px) 100vw, 420px\" \/><\/div><h2 class=\"woocommerce-loop-product__title\">Holzscheit Hund<\/h2>\n\t<span class=\"price\"><span class=\"woocommerce-Price-amount amount\"><bdi>26,00&nbsp;<span class=\"woocommerce-Price-currencySymbol\">&euro;<\/span><\/bdi><\/span><\/span>\n<\/a><\/li>\n<li class=\"product type-product post-1065 status-publish last instock product_cat-garten-terrasse product_cat-wohnen-deko has-post-thumbnail purchasable product-type-simple\">\n\t<a href=\"https:\/\/www.regionalis.shop\/kunsthandwerk-johann-haiszan\/shop\/holzstamm-deko-lastwagen\/\" class=\"woocommerce-LoopProduct-link woocommerce-loop-product__link\"><div class=\"wc-block-grid__product-image\"><img loading=\"lazy\" decoding=\"async\" width=\"420\" height=\"420\" src=\"https:\/\/www.regionalis.shop\/app\/uploads\/sites\/325\/846_2020_03_23_20_00_42_439225753.jpg\" class=\"attachment-large size-large\" alt=\"Holzstamm Deko Lastwagen\" srcset=\"https:\/\/www.regionalis.shop\/app\/uploads\/sites\/325\/846_2020_03_23_20_00_42_439225753.jpg 420w, https:\/\/www.regionalis.shop\/app\/uploads\/sites\/325\/846_2020_03_23_20_00_42_439225753-300x300.jpg 300w, https:\/\/www.regionalis.shop\/app\/uploads\/sites\/325\/846_2020_03_23_20_00_42_439225753-150x150.jpg 150w, https:\/\/www.regionalis.shop\/app\/uploads\/sites\/325\/846_2020_03_23_20_00_42_439225753-100x100.jpg 100w\" sizes=\"auto, (max-width: 420px) 100vw, 420px\" \/><\/div><h2 class=\"woocommerce-loop-product__title\">Holzstamm Deko Lastwagen<\/h2>\n\t<span class=\"price\"><span class=\"woocommerce-Price-amount amount\"><bdi>24,00&nbsp;<span class=\"woocommerce-Price-currencySymbol\">&euro;<\/span><\/bdi><\/span><\/span>\n<\/a><\/li>\n<\/ul>\n<\/div>\n    <p>\n        <a href=\"https:\/\/www.regionalis.shop\/kunsthandwerk-johann-haiszan\/shop\/\" class=\"btn btn-primary btn-icon-right\">\n            Alle Produkte <i class=\"bi bi-arrow-right-short\"><\/i>\n        <\/a>\n    <\/p>\n<\/section>\n\n<div data-block-name=\"woocommerce\/store-notices\" class=\"wc-block-store-notices woocommerce alignwide alignwide wp-block-woocommerce-store-notices\"><div class=\"woocommerce-notices-wrapper\"><\/div><\/div>","protected":false},"excerpt":{"rendered":"","protected":false},"author":1,"featured_media":0,"parent":0,"menu_order":0,"comment_status":"closed","ping_status":"closed","template":"template-home.blade.php","meta":{"_acf_changed":false,"footnotes":""},"class_list":["post-862","page","type-page","status-publish","hentry"],"acf":[],"_links":{"self":[{"href":"https:\/\/www.regionalis.shop\/kunsthandwerk-johann-haiszan\/wp-json\/wp\/v2\/pages\/862","targetHints":{"allow":["GET"]}}],"collection":[{"href":"https:\/\/www.regionalis.shop\/kunsthandwerk-johann-haiszan\/wp-json\/wp\/v2\/pages"}],"about":[{"href":"https:\/\/www.regionalis.shop\/kunsthandwerk-johann-haiszan\/wp-json\/wp\/v2\/types\/page"}],"author":[{"embeddable":true,"href":"https:\/\/www.regionalis.shop\/kunsthandwerk-johann-haiszan\/wp-json\/wp\/v2\/users\/1"}],"replies":[{"embeddable":true,"href":"https:\/\/www.regionalis.shop\/kunsthandwerk-johann-haiszan\/wp-json\/wp\/v2\/comments?post=862"}],"version-history":[{"count":28,"href":"https:\/\/www.regionalis.shop\/kunsthandwerk-johann-haiszan\/wp-json\/wp\/v2\/pages\/862\/revisions"}],"predecessor-version":[{"id":1041,"href":"https:\/\/www.regionalis.shop\/kunsthandwerk-johann-haiszan\/wp-json\/wp\/v2\/pages\/862\/revisions\/1041"}],"wp:attachment":[{"href":"https:\/\/www.regionalis.shop\/kunsthandwerk-johann-haiszan\/wp-json\/wp\/v2\/media?parent=862"}],"curies":[{"name":"wp","href":"https:\/\/api.w.org\/{rel}","templated":true}]}}