{"id":1060,"date":"2025-04-28T04:20:28","date_gmt":"2025-04-28T02:20:28","guid":{"rendered":"https:\/\/www.regionalis.shop\/kunsthandwerk-johann-haiszan\/product\/holzstamm-deko-lokomotive-mit-waggon\/"},"modified":"2025-04-28T04:20:28","modified_gmt":"2025-04-28T02:20:28","slug":"holzstamm-deko-lokomotive-mit-waggon","status":"publish","type":"product","link":"https:\/\/www.regionalis.shop\/kunsthandwerk-johann-haiszan\/shop\/holzstamm-deko-lokomotive-mit-waggon\/","title":{"rendered":"Holzstamm Deko Lokomotive mit Waggon"},"content":{"rendered":"<p>Diese rustikale Deko Lokomotive mit Anh\u00e4nger wurde aus einem Holzstamm in Handarbeit gefertigt. <\/p>\n<p>Auf den Anh\u00e4nger kann ein Blumenstock oder ein Blumenkisterl bis ca. 40 cm gestellt werden.<\/p>\n<p> Dieses Produkt kann f\u00fcr Innen und Au\u00dfen verwendet werden. Der gesamte Zug besteht aus der Lokomotive (ca. L18cm x B16cm x H21cm) und einem Anh\u00e4nger (ca. L31cm x B18cm x H7cm). <\/p>\n<p>Auf Grund des Naturmaterials Holz und der Ausf\u00fchrung in Handarbeit ist jedes St\u00fcck ein Unikat und es kann zu leichten Abweichungen zu den Bildern kommen.<\/p>\n<p>Abmessungen gesamt ca. L49cm x B16cm x H21cm<\/p>\n","protected":false},"excerpt":{"rendered":"<p>Diese rustikale Deko Lokomotive mit Anh\u00e4nger wurde aus einem Holzstamm in Handarbeit gefertigt. Auf den Anh\u00e4nger kann ein Blumenstock oder ein Blumenkisterl bis ca. 40 cm gestellt werden. Dieses Produkt kann f\u00fcr Innen und Au\u00dfen verwendet werden. Der gesamte Zug besteht aus der Lokomotive (ca. L18cm x B16cm x H21cm) und einem Anh\u00e4nger (ca. L31cm &hellip; <a href=\"https:\/\/www.regionalis.shop\/kunsthandwerk-johann-haiszan\/shop\/holzstamm-deko-lokomotive-mit-waggon\/\">Continued<\/a><\/p>\n","protected":false},"featured_media":1061,"template":"","meta":{"_acf_changed":false},"product_brand":[],"product_cat":[132,103],"product_tag":[],"class_list":{"0":"post-1060","1":"product","2":"type-product","3":"status-publish","4":"has-post-thumbnail","6":"product_cat-garten-terrasse","7":"product_cat-wohnen-deko","9":"first","10":"instock","11":"purchasable","12":"product-type-simple"},"acf":[],"_links":{"self":[{"href":"https:\/\/www.regionalis.shop\/kunsthandwerk-johann-haiszan\/wp-json\/wp\/v2\/product\/1060","targetHints":{"allow":["GET"]}}],"collection":[{"href":"https:\/\/www.regionalis.shop\/kunsthandwerk-johann-haiszan\/wp-json\/wp\/v2\/product"}],"about":[{"href":"https:\/\/www.regionalis.shop\/kunsthandwerk-johann-haiszan\/wp-json\/wp\/v2\/types\/product"}],"wp:featuredmedia":[{"embeddable":true,"href":"https:\/\/www.regionalis.shop\/kunsthandwerk-johann-haiszan\/wp-json\/wp\/v2\/media\/1061"}],"wp:attachment":[{"href":"https:\/\/www.regionalis.shop\/kunsthandwerk-johann-haiszan\/wp-json\/wp\/v2\/media?parent=1060"}],"wp:term":[{"taxonomy":"product_brand","embeddable":true,"href":"https:\/\/www.regionalis.shop\/kunsthandwerk-johann-haiszan\/wp-json\/wp\/v2\/product_brand?post=1060"},{"taxonomy":"product_cat","embeddable":true,"href":"https:\/\/www.regionalis.shop\/kunsthandwerk-johann-haiszan\/wp-json\/wp\/v2\/product_cat?post=1060"},{"taxonomy":"product_tag","embeddable":true,"href":"https:\/\/www.regionalis.shop\/kunsthandwerk-johann-haiszan\/wp-json\/wp\/v2\/product_tag?post=1060"}],"curies":[{"name":"wp","href":"https:\/\/api.w.org\/{rel}","templated":true}]}}