{"id":1065,"date":"2025-04-28T04:20:28","date_gmt":"2025-04-28T02:20:28","guid":{"rendered":"https:\/\/www.regionalis.shop\/kunsthandwerk-johann-haiszan\/product\/holzstamm-deko-lastwagen\/"},"modified":"2025-04-28T04:20:28","modified_gmt":"2025-04-28T02:20:28","slug":"holzstamm-deko-lastwagen","status":"publish","type":"product","link":"https:\/\/www.regionalis.shop\/kunsthandwerk-johann-haiszan\/shop\/holzstamm-deko-lastwagen\/","title":{"rendered":"Holzstamm Deko Lastwagen"},"content":{"rendered":"<p>Dieser rustikale Deko Lastwagen wurde in Handarbeit gefertigt. <\/p>\n<p>Auf die Ladefl\u00e4che kann ein Blumenstock gestellt werden. <\/p>\n<p>Dieses Produkt kann f\u00fcr Innen und Au\u00dfen verwendet werden. <\/p>\n<p>Beliebig mit einem oder mehreren Anh\u00e4ngern kombinierbar.<\/p>\n<p>Auf Grund des Naturmaterial Holz und der Ausf\u00fchrung in Handarbeit ist jedes St\u00fcck ein Unikat und es kann zu leichten Abweichungen zu den Bildern kommen.<\/p>\n<p>Abmessungen ca. L31cm x B17cm x H21cm<\/p>\n","protected":false},"excerpt":{"rendered":"<p>Dieser rustikale Deko Lastwagen wurde in Handarbeit gefertigt. Auf die Ladefl\u00e4che kann ein Blumenstock gestellt werden. Dieses Produkt kann f\u00fcr Innen und Au\u00dfen verwendet werden. Beliebig mit einem oder mehreren Anh\u00e4ngern kombinierbar. Auf Grund des Naturmaterial Holz und der Ausf\u00fchrung in Handarbeit ist jedes St\u00fcck ein Unikat und es kann zu leichten Abweichungen zu den &hellip; <a href=\"https:\/\/www.regionalis.shop\/kunsthandwerk-johann-haiszan\/shop\/holzstamm-deko-lastwagen\/\">Continued<\/a><\/p>\n","protected":false},"featured_media":1066,"template":"","meta":{"_acf_changed":false},"product_brand":[],"product_cat":[132,103],"product_tag":[],"class_list":{"0":"post-1065","1":"product","2":"type-product","3":"status-publish","4":"has-post-thumbnail","6":"product_cat-garten-terrasse","7":"product_cat-wohnen-deko","9":"first","10":"instock","11":"purchasable","12":"product-type-simple"},"acf":[],"_links":{"self":[{"href":"https:\/\/www.regionalis.shop\/kunsthandwerk-johann-haiszan\/wp-json\/wp\/v2\/product\/1065","targetHints":{"allow":["GET"]}}],"collection":[{"href":"https:\/\/www.regionalis.shop\/kunsthandwerk-johann-haiszan\/wp-json\/wp\/v2\/product"}],"about":[{"href":"https:\/\/www.regionalis.shop\/kunsthandwerk-johann-haiszan\/wp-json\/wp\/v2\/types\/product"}],"wp:featuredmedia":[{"embeddable":true,"href":"https:\/\/www.regionalis.shop\/kunsthandwerk-johann-haiszan\/wp-json\/wp\/v2\/media\/1066"}],"wp:attachment":[{"href":"https:\/\/www.regionalis.shop\/kunsthandwerk-johann-haiszan\/wp-json\/wp\/v2\/media?parent=1065"}],"wp:term":[{"taxonomy":"product_brand","embeddable":true,"href":"https:\/\/www.regionalis.shop\/kunsthandwerk-johann-haiszan\/wp-json\/wp\/v2\/product_brand?post=1065"},{"taxonomy":"product_cat","embeddable":true,"href":"https:\/\/www.regionalis.shop\/kunsthandwerk-johann-haiszan\/wp-json\/wp\/v2\/product_cat?post=1065"},{"taxonomy":"product_tag","embeddable":true,"href":"https:\/\/www.regionalis.shop\/kunsthandwerk-johann-haiszan\/wp-json\/wp\/v2\/product_tag?post=1065"}],"curies":[{"name":"wp","href":"https:\/\/api.w.org\/{rel}","templated":true}]}}