{"id":1074,"date":"2025-04-28T04:18:16","date_gmt":"2025-04-28T02:18:16","guid":{"rendered":"https:\/\/www.regionalis.shop\/kunsthandwerk-johann-haiszan\/product\/holzspielzeug-holztransporter\/"},"modified":"2025-04-28T04:18:16","modified_gmt":"2025-04-28T02:18:16","slug":"holzspielzeug-holztransporter","status":"publish","type":"product","link":"https:\/\/www.regionalis.shop\/kunsthandwerk-johann-haiszan\/shop\/holzspielzeug-holztransporter\/","title":{"rendered":"Holzspielzeug Holztransporter"},"content":{"rendered":"<p>Stabiles, buntes Fahrzeug zum Spielen und Nachziehen. Komplett aus heimischem Fichtenholz gearbeitet, mit Holzleim verleimt und g\u00e4nzlich ohne Metallbestandteile wie Schrauben, N\u00e4gel oder Holzverbindern. Die Schnur zum Ziehen ist aus Jutegarn. Bemalt wurde es in Handarbeit mit fr\u00f6hlichen bunten farbenfrohen Farben, die speichelecht und gesundheitlich unbedenklich sind. Der gesamte Lastzug besteht aus 2 Teilen, Zugmaschine und Anh\u00e4nger. <\/p>\n<p>Bitte lassen Sie das Kind nicht unbeaufsichtigt, durch die Schnur besteht Verletzungs- und Strangulationsgefahr.<\/p>\n<p>Holz ist ein Naturprodukt und unterliegt nat\u00fcrlicher Abn\u00fctzung. Bitte kontrollieren Sie das Produkt regelm\u00e4\u00dfig auf Besch\u00e4digungen, damit das Kind beim Spielen sich nicht verletzt. Es wurden keine Kleinteile verwendet, die verschluckt werden k\u00f6nnten.<\/p>\n<p>Von mir empfohlenes Mindestalter 24 Monate und mit h\u00f6chstens 2 Kilogramm belasten<\/p>\n<p>Abmessungen Zugmaschine ca. L25cm x B20cm x H24 cm, Anh\u00e4nger ca. L35cm x B19cm x H20cm.<\/p>\n<p>Verwendetes Material: Naturholz Fichte, Holzleim und Farben<\/p>\n","protected":false},"excerpt":{"rendered":"<p>Stabiles, buntes Fahrzeug zum Spielen und Nachziehen. Komplett aus heimischem Fichtenholz gearbeitet, mit Holzleim verleimt und g\u00e4nzlich ohne Metallbestandteile wie Schrauben, N\u00e4gel oder Holzverbindern. Die Schnur zum Ziehen ist aus Jutegarn. Bemalt wurde es in Handarbeit mit fr\u00f6hlichen bunten farbenfrohen Farben, die speichelecht und gesundheitlich unbedenklich sind. Der gesamte Lastzug besteht aus 2 Teilen, Zugmaschine &hellip; <a href=\"https:\/\/www.regionalis.shop\/kunsthandwerk-johann-haiszan\/shop\/holzspielzeug-holztransporter\/\">Continued<\/a><\/p>\n","protected":false},"featured_media":1075,"template":"","meta":{"_acf_changed":false},"product_brand":[],"product_cat":[38,88],"product_tag":[],"class_list":{"0":"post-1074","1":"product","2":"type-product","3":"status-publish","4":"has-post-thumbnail","6":"product_cat-baby-kinder","7":"product_cat-spielzeug","9":"first","10":"instock","11":"purchasable","12":"product-type-simple"},"acf":[],"_links":{"self":[{"href":"https:\/\/www.regionalis.shop\/kunsthandwerk-johann-haiszan\/wp-json\/wp\/v2\/product\/1074","targetHints":{"allow":["GET"]}}],"collection":[{"href":"https:\/\/www.regionalis.shop\/kunsthandwerk-johann-haiszan\/wp-json\/wp\/v2\/product"}],"about":[{"href":"https:\/\/www.regionalis.shop\/kunsthandwerk-johann-haiszan\/wp-json\/wp\/v2\/types\/product"}],"wp:featuredmedia":[{"embeddable":true,"href":"https:\/\/www.regionalis.shop\/kunsthandwerk-johann-haiszan\/wp-json\/wp\/v2\/media\/1075"}],"wp:attachment":[{"href":"https:\/\/www.regionalis.shop\/kunsthandwerk-johann-haiszan\/wp-json\/wp\/v2\/media?parent=1074"}],"wp:term":[{"taxonomy":"product_brand","embeddable":true,"href":"https:\/\/www.regionalis.shop\/kunsthandwerk-johann-haiszan\/wp-json\/wp\/v2\/product_brand?post=1074"},{"taxonomy":"product_cat","embeddable":true,"href":"https:\/\/www.regionalis.shop\/kunsthandwerk-johann-haiszan\/wp-json\/wp\/v2\/product_cat?post=1074"},{"taxonomy":"product_tag","embeddable":true,"href":"https:\/\/www.regionalis.shop\/kunsthandwerk-johann-haiszan\/wp-json\/wp\/v2\/product_tag?post=1074"}],"curies":[{"name":"wp","href":"https:\/\/api.w.org\/{rel}","templated":true}]}}