{"id":1079,"date":"2025-04-28T04:18:16","date_gmt":"2025-04-28T02:18:16","guid":{"rendered":"https:\/\/www.regionalis.shop\/kunsthandwerk-johann-haiszan\/product\/leiterwagerl-zum-nachziehen\/"},"modified":"2025-04-28T04:18:16","modified_gmt":"2025-04-28T02:18:16","slug":"leiterwagerl-zum-nachziehen","status":"publish","type":"product","link":"https:\/\/www.regionalis.shop\/kunsthandwerk-johann-haiszan\/shop\/leiterwagerl-zum-nachziehen\/","title":{"rendered":"Leiterwagerl zum Nachziehen"},"content":{"rendered":"<p>Stabiles, naturbelassenes Leiterwagerl zum Nachziehen. Komplett aus heimischem Fichten- und Kiefernholz gearbeitet, mit Holzleim verleimt und g\u00e4nzlich ohne Metallbestandteile wie Schrauben, N\u00e4gel, Holzverbindern oder Metallachsen. Die Schnur ist aus Jutegarn. <\/p>\n<p>Meine Holzspielzeuge sind einzeln handgefertigte Naturprodukte aus hochwertigen naturbelassenen und angenehmen Materialien, \u00f6kologisch sinnvoll und nachhaltig bewirtschaftet und von mir liebevoll hergestellt. Sie werden nach \u00fcberlieferten traditionellen Handwerksmethoden nur mit Holzleim verleimt und g\u00e4nzlich ohne Metallbestandteile wie Schrauben, N\u00e4gel, Klammern oder Metallachsen hergestellt.<\/p>\n<p>Zum Wohle unserer Kinder verwende ich nur schadstofffreie und gesundheitsunbedenkliche Farben und Natur\u00f6le und lege auf Qualit\u00e4t enorm viel Wert. Bei mir gibt es keine Waren aus Massenproduktion oder industrieller Fertigung. Nur wenige Sachen werden zugekauft, wie D\u00fcbelstangen, Farben und \u00d6le, die Lieferanten daf\u00fcr sind von mir handverlesen.<\/p>\n<p>Mein Holzspielzeug ist CE konform und entspricht den Vorgaben der europ\u00e4ischen Norm f\u00fcr Spielzeugsicherheit EN71, verschluckbare Kleinteile versuche ich weitestgehend zu vermeiden. Ich finde, das sind wir unseren Kindern und Enkelkindern schuldig.<\/p>\n<p>Bitte lassen Sie das Kind nicht unbeaufsichtigt, durch die Schnur besteht Verletzungs- und Strangulationsgefahr.<\/p>\n<p>Holz ist ein Naturprodukt und unterliegt nat\u00fcrlicher Abn\u00fctzung. Bitte kontrollieren Sie das Produkt regelm\u00e4\u00dfig auf Besch\u00e4digungen, damit das Kind beim Spielen sich nicht verletzt.<\/p>\n<p>Von mir empfohlenes Mindestalter 24 Monate und mit h\u00f6chstens 2 Kilogramm belasten<\/p>\n<p>Abmessungen ca. L31cm x B20cm x H24cm<\/p>\n<p>Verwendetes Material: Naturholz Fichte, Kiefer, Buche und Holzleim<\/p>\n","protected":false},"excerpt":{"rendered":"<p>Stabiles, naturbelassenes Leiterwagerl zum Nachziehen. Komplett aus heimischem Fichten- und Kiefernholz gearbeitet, mit Holzleim verleimt und g\u00e4nzlich ohne Metallbestandteile wie Schrauben, N\u00e4gel, Holzverbindern oder Metallachsen. Die Schnur ist aus Jutegarn. Meine Holzspielzeuge sind einzeln handgefertigte Naturprodukte aus hochwertigen naturbelassenen und angenehmen Materialien, \u00f6kologisch sinnvoll und nachhaltig bewirtschaftet und von mir liebevoll hergestellt. Sie werden nach &hellip; <a href=\"https:\/\/www.regionalis.shop\/kunsthandwerk-johann-haiszan\/shop\/leiterwagerl-zum-nachziehen\/\">Continued<\/a><\/p>\n","protected":false},"featured_media":1080,"template":"","meta":{"_acf_changed":false},"product_brand":[],"product_cat":[38,88],"product_tag":[],"class_list":{"0":"post-1079","1":"product","2":"type-product","3":"status-publish","4":"has-post-thumbnail","6":"product_cat-baby-kinder","7":"product_cat-spielzeug","9":"first","10":"instock","11":"purchasable","12":"product-type-simple"},"acf":[],"_links":{"self":[{"href":"https:\/\/www.regionalis.shop\/kunsthandwerk-johann-haiszan\/wp-json\/wp\/v2\/product\/1079","targetHints":{"allow":["GET"]}}],"collection":[{"href":"https:\/\/www.regionalis.shop\/kunsthandwerk-johann-haiszan\/wp-json\/wp\/v2\/product"}],"about":[{"href":"https:\/\/www.regionalis.shop\/kunsthandwerk-johann-haiszan\/wp-json\/wp\/v2\/types\/product"}],"wp:featuredmedia":[{"embeddable":true,"href":"https:\/\/www.regionalis.shop\/kunsthandwerk-johann-haiszan\/wp-json\/wp\/v2\/media\/1080"}],"wp:attachment":[{"href":"https:\/\/www.regionalis.shop\/kunsthandwerk-johann-haiszan\/wp-json\/wp\/v2\/media?parent=1079"}],"wp:term":[{"taxonomy":"product_brand","embeddable":true,"href":"https:\/\/www.regionalis.shop\/kunsthandwerk-johann-haiszan\/wp-json\/wp\/v2\/product_brand?post=1079"},{"taxonomy":"product_cat","embeddable":true,"href":"https:\/\/www.regionalis.shop\/kunsthandwerk-johann-haiszan\/wp-json\/wp\/v2\/product_cat?post=1079"},{"taxonomy":"product_tag","embeddable":true,"href":"https:\/\/www.regionalis.shop\/kunsthandwerk-johann-haiszan\/wp-json\/wp\/v2\/product_tag?post=1079"}],"curies":[{"name":"wp","href":"https:\/\/api.w.org\/{rel}","templated":true}]}}