{"id":1083,"date":"2025-04-28T04:18:16","date_gmt":"2025-04-28T02:18:16","guid":{"rendered":"https:\/\/www.regionalis.shop\/kunsthandwerk-johann-haiszan\/product\/wagerl-zum-nachziehen\/"},"modified":"2025-04-28T04:18:16","modified_gmt":"2025-04-28T02:18:16","slug":"wagerl-zum-nachziehen","status":"publish","type":"product","link":"https:\/\/www.regionalis.shop\/kunsthandwerk-johann-haiszan\/shop\/wagerl-zum-nachziehen\/","title":{"rendered":"Wagerl zum Nachziehen"},"content":{"rendered":"<p>Stabiles, buntes Wagerl zum Nachziehen. Komplett aus heimischem Fichtenholz gearbeitet, mit Holzleim verleimt und g\u00e4nzlich ohne Metallbestandteile wie Schrauben, N\u00e4gel. Holzverbindern oder Metallachsen. Die Schnur ist aus Jutegarn. Bemalt wurde es in Handarbeit mit fr\u00f6hlichen bunten farbenfrohen Farben, die speichelecht und gesundheitlich unbedenklich sind.<br \/>\nBitte lassen Sie das Kind nicht unbeaufsichtigt, durch die Schnur besteht Verletzungs- und Strangulationsgefahr.<\/p>\n<p>Holz ist ein Naturprodukt und unterliegt nat\u00fcrlicher Abn\u00fctzung. Bitte kontrollieren Sie das Produkt regelm\u00e4\u00dfig auf Besch\u00e4digungen, damit das Kind beim Spielen sich nicht verletzt. Es wurden keine Kleinteile verwendet, die verschluckt werden k\u00f6nnten.<\/p>\n<p>Von mir empfohlenes Mindestalter 24 Monate und mit h\u00f6chstens 2 Kilogramm belasten<\/p>\n<p>Abmessungen ca. L38cm x B24cm x H16cm.<\/p>\n","protected":false},"excerpt":{"rendered":"<p>Stabiles, buntes Wagerl zum Nachziehen. Komplett aus heimischem Fichtenholz gearbeitet, mit Holzleim verleimt und g\u00e4nzlich ohne Metallbestandteile wie Schrauben, N\u00e4gel. Holzverbindern oder Metallachsen. Die Schnur ist aus Jutegarn. Bemalt wurde es in Handarbeit mit fr\u00f6hlichen bunten farbenfrohen Farben, die speichelecht und gesundheitlich unbedenklich sind. Bitte lassen Sie das Kind nicht unbeaufsichtigt, durch die Schnur besteht &hellip; <a href=\"https:\/\/www.regionalis.shop\/kunsthandwerk-johann-haiszan\/shop\/wagerl-zum-nachziehen\/\">Continued<\/a><\/p>\n","protected":false},"featured_media":1084,"template":"","meta":{"_acf_changed":false},"product_brand":[],"product_cat":[38,88],"product_tag":[],"class_list":{"0":"post-1083","1":"product","2":"type-product","3":"status-publish","4":"has-post-thumbnail","6":"product_cat-baby-kinder","7":"product_cat-spielzeug","9":"first","10":"instock","11":"purchasable","12":"product-type-simple"},"acf":[],"_links":{"self":[{"href":"https:\/\/www.regionalis.shop\/kunsthandwerk-johann-haiszan\/wp-json\/wp\/v2\/product\/1083","targetHints":{"allow":["GET"]}}],"collection":[{"href":"https:\/\/www.regionalis.shop\/kunsthandwerk-johann-haiszan\/wp-json\/wp\/v2\/product"}],"about":[{"href":"https:\/\/www.regionalis.shop\/kunsthandwerk-johann-haiszan\/wp-json\/wp\/v2\/types\/product"}],"wp:featuredmedia":[{"embeddable":true,"href":"https:\/\/www.regionalis.shop\/kunsthandwerk-johann-haiszan\/wp-json\/wp\/v2\/media\/1084"}],"wp:attachment":[{"href":"https:\/\/www.regionalis.shop\/kunsthandwerk-johann-haiszan\/wp-json\/wp\/v2\/media?parent=1083"}],"wp:term":[{"taxonomy":"product_brand","embeddable":true,"href":"https:\/\/www.regionalis.shop\/kunsthandwerk-johann-haiszan\/wp-json\/wp\/v2\/product_brand?post=1083"},{"taxonomy":"product_cat","embeddable":true,"href":"https:\/\/www.regionalis.shop\/kunsthandwerk-johann-haiszan\/wp-json\/wp\/v2\/product_cat?post=1083"},{"taxonomy":"product_tag","embeddable":true,"href":"https:\/\/www.regionalis.shop\/kunsthandwerk-johann-haiszan\/wp-json\/wp\/v2\/product_tag?post=1083"}],"curies":[{"name":"wp","href":"https:\/\/api.w.org\/{rel}","templated":true}]}}