{"id":1091,"date":"2025-04-28T04:18:16","date_gmt":"2025-04-28T02:18:16","guid":{"rendered":"https:\/\/www.regionalis.shop\/kunsthandwerk-johann-haiszan\/product\/puppenwiege\/"},"modified":"2025-04-28T04:18:16","modified_gmt":"2025-04-28T02:18:16","slug":"puppenwiege","status":"publish","type":"product","link":"https:\/\/www.regionalis.shop\/kunsthandwerk-johann-haiszan\/shop\/puppenwiege\/","title":{"rendered":"Puppenwiege"},"content":{"rendered":"<p>Wundersch\u00f6ne und robuste Puppenwiege aus Naturholz. Sie ist hochwertig verarbeitet, komplett aus heimischem Fichtenholz gearbeitet, nur mit Holzleim verleimt und g\u00e4nzlich ohne Metallbestandteile wie Schrauben, N\u00e4gel oder Holzverbindern. Bemalt wurde sie in Handarbeit mit fr\u00f6hlichen bunten farbenfrohen Farben, die speichelecht und gesundheitlich unbedenklich sind.<\/p>\n<p>Von mir empfohlenes Mindestalter 36 Monate und mit h\u00f6chstens 2 Kilogramm belasten<\/p>\n<p>Abmessungen ca. L44cm x B32cm x H33cm<\/p>\n<p>Verwendetes Material: Naturholz Fichte, Holzleim und Farben<\/p>\n","protected":false},"excerpt":{"rendered":"<p>Wundersch\u00f6ne und robuste Puppenwiege aus Naturholz. Sie ist hochwertig verarbeitet, komplett aus heimischem Fichtenholz gearbeitet, nur mit Holzleim verleimt und g\u00e4nzlich ohne Metallbestandteile wie Schrauben, N\u00e4gel oder Holzverbindern. Bemalt wurde sie in Handarbeit mit fr\u00f6hlichen bunten farbenfrohen Farben, die speichelecht und gesundheitlich unbedenklich sind. Von mir empfohlenes Mindestalter 36 Monate und mit h\u00f6chstens 2 Kilogramm &hellip; <a href=\"https:\/\/www.regionalis.shop\/kunsthandwerk-johann-haiszan\/shop\/puppenwiege\/\">Continued<\/a><\/p>\n","protected":false},"featured_media":1092,"template":"","meta":{"_acf_changed":false},"product_brand":[],"product_cat":[38,88],"product_tag":[],"class_list":{"0":"post-1091","1":"product","2":"type-product","3":"status-publish","4":"has-post-thumbnail","6":"product_cat-baby-kinder","7":"product_cat-spielzeug","9":"first","10":"instock","11":"purchasable","12":"product-type-simple"},"acf":[],"_links":{"self":[{"href":"https:\/\/www.regionalis.shop\/kunsthandwerk-johann-haiszan\/wp-json\/wp\/v2\/product\/1091","targetHints":{"allow":["GET"]}}],"collection":[{"href":"https:\/\/www.regionalis.shop\/kunsthandwerk-johann-haiszan\/wp-json\/wp\/v2\/product"}],"about":[{"href":"https:\/\/www.regionalis.shop\/kunsthandwerk-johann-haiszan\/wp-json\/wp\/v2\/types\/product"}],"wp:featuredmedia":[{"embeddable":true,"href":"https:\/\/www.regionalis.shop\/kunsthandwerk-johann-haiszan\/wp-json\/wp\/v2\/media\/1092"}],"wp:attachment":[{"href":"https:\/\/www.regionalis.shop\/kunsthandwerk-johann-haiszan\/wp-json\/wp\/v2\/media?parent=1091"}],"wp:term":[{"taxonomy":"product_brand","embeddable":true,"href":"https:\/\/www.regionalis.shop\/kunsthandwerk-johann-haiszan\/wp-json\/wp\/v2\/product_brand?post=1091"},{"taxonomy":"product_cat","embeddable":true,"href":"https:\/\/www.regionalis.shop\/kunsthandwerk-johann-haiszan\/wp-json\/wp\/v2\/product_cat?post=1091"},{"taxonomy":"product_tag","embeddable":true,"href":"https:\/\/www.regionalis.shop\/kunsthandwerk-johann-haiszan\/wp-json\/wp\/v2\/product_tag?post=1091"}],"curies":[{"name":"wp","href":"https:\/\/api.w.org\/{rel}","templated":true}]}}