{"id":1103,"date":"2025-04-28T04:18:16","date_gmt":"2025-04-28T02:18:16","guid":{"rendered":"https:\/\/www.regionalis.shop\/kunsthandwerk-johann-haiszan\/product\/puppenwagen-puppenbuggy-3\/"},"modified":"2025-04-28T04:18:16","modified_gmt":"2025-04-28T02:18:16","slug":"puppenwagen-puppenbuggy-3","status":"publish","type":"product","link":"https:\/\/www.regionalis.shop\/kunsthandwerk-johann-haiszan\/shop\/puppenwagen-puppenbuggy-3\/","title":{"rendered":"Puppenwagen, Puppenbuggy"},"content":{"rendered":"<p>Traumhaft sch\u00f6ner und robuster Puppenbuggy aus Naturholz. Er ist hochwertig verarbeitet, komplett aus heimischem Fichtenholz gearbeitet, nur mit Holzleim verleimt und g\u00e4nzlich ohne Metallbestandteile wie Schrauben, N\u00e4gel, Holzverbindern oder Achsen. Bemalt wurde er in Handarbeit mit fr\u00f6hlichen bunten farbenfrohen Farben, die speichelecht und gesundheitlich unbedenklich sind.<\/p>\n<p>Der Bezug ist aus Bio-Popeline in GOTS-Qualit\u00e4t und nat\u00fcrlich durch 3 nickelfreie Metall-Druckkn\u00f6pfe zum Waschen abnehmbar.<\/p>\n<p>Von mir empfohlenes Mindestalter 36 Monate und mit h\u00f6chstens 2 Kilogramm belasten<\/p>\n<p>Abmessungen ca. L52cm x B34,5cm x H56cm<\/p>\n<p>Verwendetes Material: Naturholz Fichte, Holzleim und Farben, Bio-Popeline, nickelfreie Metall-Druckkn\u00f6pfe<\/p>\n","protected":false},"excerpt":{"rendered":"<p>Traumhaft sch\u00f6ner und robuster Puppenbuggy aus Naturholz. Er ist hochwertig verarbeitet, komplett aus heimischem Fichtenholz gearbeitet, nur mit Holzleim verleimt und g\u00e4nzlich ohne Metallbestandteile wie Schrauben, N\u00e4gel, Holzverbindern oder Achsen. Bemalt wurde er in Handarbeit mit fr\u00f6hlichen bunten farbenfrohen Farben, die speichelecht und gesundheitlich unbedenklich sind. Der Bezug ist aus Bio-Popeline in GOTS-Qualit\u00e4t und nat\u00fcrlich &hellip; <a href=\"https:\/\/www.regionalis.shop\/kunsthandwerk-johann-haiszan\/shop\/puppenwagen-puppenbuggy-3\/\">Continued<\/a><\/p>\n","protected":false},"featured_media":1104,"template":"","meta":{"_acf_changed":false},"product_brand":[],"product_cat":[38,88],"product_tag":[],"class_list":{"0":"post-1103","1":"product","2":"type-product","3":"status-publish","4":"has-post-thumbnail","6":"product_cat-baby-kinder","7":"product_cat-spielzeug","9":"first","10":"instock","11":"purchasable","12":"product-type-simple"},"acf":[],"_links":{"self":[{"href":"https:\/\/www.regionalis.shop\/kunsthandwerk-johann-haiszan\/wp-json\/wp\/v2\/product\/1103","targetHints":{"allow":["GET"]}}],"collection":[{"href":"https:\/\/www.regionalis.shop\/kunsthandwerk-johann-haiszan\/wp-json\/wp\/v2\/product"}],"about":[{"href":"https:\/\/www.regionalis.shop\/kunsthandwerk-johann-haiszan\/wp-json\/wp\/v2\/types\/product"}],"wp:featuredmedia":[{"embeddable":true,"href":"https:\/\/www.regionalis.shop\/kunsthandwerk-johann-haiszan\/wp-json\/wp\/v2\/media\/1104"}],"wp:attachment":[{"href":"https:\/\/www.regionalis.shop\/kunsthandwerk-johann-haiszan\/wp-json\/wp\/v2\/media?parent=1103"}],"wp:term":[{"taxonomy":"product_brand","embeddable":true,"href":"https:\/\/www.regionalis.shop\/kunsthandwerk-johann-haiszan\/wp-json\/wp\/v2\/product_brand?post=1103"},{"taxonomy":"product_cat","embeddable":true,"href":"https:\/\/www.regionalis.shop\/kunsthandwerk-johann-haiszan\/wp-json\/wp\/v2\/product_cat?post=1103"},{"taxonomy":"product_tag","embeddable":true,"href":"https:\/\/www.regionalis.shop\/kunsthandwerk-johann-haiszan\/wp-json\/wp\/v2\/product_tag?post=1103"}],"curies":[{"name":"wp","href":"https:\/\/api.w.org\/{rel}","templated":true}]}}