{"id":1132,"date":"2025-04-28T04:14:00","date_gmt":"2025-04-28T02:14:00","guid":{"rendered":"https:\/\/www.regionalis.shop\/kunsthandwerk-johann-haiszan\/product\/taschenuhr-aus-zwetschkenholz\/"},"modified":"2025-04-28T04:14:00","modified_gmt":"2025-04-28T02:14:00","slug":"taschenuhr-aus-zwetschkenholz","status":"publish","type":"product","link":"https:\/\/www.regionalis.shop\/kunsthandwerk-johann-haiszan\/shop\/taschenuhr-aus-zwetschkenholz\/","title":{"rendered":"Taschenuhr aus Zwetschkenholz"},"content":{"rendered":"<p>&#8211;Taschenuhr Quarzuhrwerk mit Batterie, arabischen Ziffern und Geh\u00e4use aus Zwetschkenholz mit Kette und Krone aus Messing&#8211;<\/p>\n<p>F\u00fcr Einstellung der Zeit und Wechsel der Batterie wird die Uhr aus dem Holzgeh\u00e4use gehoben und danach wieder hineingedr\u00fcckt.<\/p>\n<p>Um das Holz bestm\u00f6glich zu sch\u00fctzen und so richtig strahlen zu lassen, wurde es ge\u00f6lt und danach eine gesundheits- und umweltunbedenkliche aber feuchtigkeits-, speichel- und schwei\u00dfresistente Versiegelung aufgetragen und diese anschlie\u00dfend auf Hochglanz poliert.<\/p>\n","protected":false},"excerpt":{"rendered":"<p>&#8211;Taschenuhr Quarzuhrwerk mit Batterie, arabischen Ziffern und Geh\u00e4use aus Zwetschkenholz mit Kette und Krone aus Messing&#8211; F\u00fcr Einstellung der Zeit und Wechsel der Batterie wird die Uhr aus dem Holzgeh\u00e4use gehoben und danach wieder hineingedr\u00fcckt. Um das Holz bestm\u00f6glich zu sch\u00fctzen und so richtig strahlen zu lassen, wurde es ge\u00f6lt und danach eine gesundheits- und &hellip; <a href=\"https:\/\/www.regionalis.shop\/kunsthandwerk-johann-haiszan\/shop\/taschenuhr-aus-zwetschkenholz\/\">Continued<\/a><\/p>\n","protected":false},"featured_media":1133,"template":"","meta":{"_acf_changed":false},"product_brand":[],"product_cat":[37,82],"product_tag":[],"class_list":{"0":"post-1132","1":"product","2":"type-product","3":"status-publish","4":"has-post-thumbnail","6":"product_cat-accessoires","7":"product_cat-sonstiges-accessoires","9":"first","10":"instock","11":"purchasable","12":"product-type-simple"},"acf":[],"_links":{"self":[{"href":"https:\/\/www.regionalis.shop\/kunsthandwerk-johann-haiszan\/wp-json\/wp\/v2\/product\/1132","targetHints":{"allow":["GET"]}}],"collection":[{"href":"https:\/\/www.regionalis.shop\/kunsthandwerk-johann-haiszan\/wp-json\/wp\/v2\/product"}],"about":[{"href":"https:\/\/www.regionalis.shop\/kunsthandwerk-johann-haiszan\/wp-json\/wp\/v2\/types\/product"}],"wp:featuredmedia":[{"embeddable":true,"href":"https:\/\/www.regionalis.shop\/kunsthandwerk-johann-haiszan\/wp-json\/wp\/v2\/media\/1133"}],"wp:attachment":[{"href":"https:\/\/www.regionalis.shop\/kunsthandwerk-johann-haiszan\/wp-json\/wp\/v2\/media?parent=1132"}],"wp:term":[{"taxonomy":"product_brand","embeddable":true,"href":"https:\/\/www.regionalis.shop\/kunsthandwerk-johann-haiszan\/wp-json\/wp\/v2\/product_brand?post=1132"},{"taxonomy":"product_cat","embeddable":true,"href":"https:\/\/www.regionalis.shop\/kunsthandwerk-johann-haiszan\/wp-json\/wp\/v2\/product_cat?post=1132"},{"taxonomy":"product_tag","embeddable":true,"href":"https:\/\/www.regionalis.shop\/kunsthandwerk-johann-haiszan\/wp-json\/wp\/v2\/product_tag?post=1132"}],"curies":[{"name":"wp","href":"https:\/\/api.w.org\/{rel}","templated":true}]}}