{"id":1151,"date":"2025-04-18T05:04:54","date_gmt":"2025-04-18T03:04:54","guid":{"rendered":"https:\/\/www.regionalis.shop\/kunsthandwerk-johann-haiszan\/product\/wuerfelpuzzle-aus-holz-mit-maerchenmotiven\/"},"modified":"2025-04-18T05:04:54","modified_gmt":"2025-04-18T03:04:54","slug":"wuerfelpuzzle-aus-holz-mit-maerchenmotiven","status":"publish","type":"product","link":"https:\/\/www.regionalis.shop\/kunsthandwerk-johann-haiszan\/shop\/wuerfelpuzzle-aus-holz-mit-maerchenmotiven\/","title":{"rendered":"W\u00fcrfelpuzzle aus Holz mit M\u00e4rchenmotiven"},"content":{"rendered":"<p>Wer kennt es noch, das W\u00fcrfelpuzzle aus fr\u00fcheren Zeiten? Damals waren die einzelnen W\u00fcrfel noch mit Papier beklebt.<\/p>\n<p>W\u00fcrfelpuzzle f\u00fcr Kinder mit 6 Motiven der M\u00e4rchen von den Gebr\u00fcdern Grimm. Das Spielzeug ist in Handarbeit erzeugt worden, die Motive wurden in das Holz gebrannt. Das Spielzeug ist natur und unbehandelt und kann mit einem feuchtem Tuch gereinigt werden. Auf Wunsch wird es auch mit Bienenwachs eingelassen ausgeliefert.<\/p>\n<p>Die einzelnen W\u00fcrfel sind ca. 3,4&#215;3,4&#215;3,4cm und k\u00f6nnen nicht sehr leicht verschluckt werden. Lassen Sie aber bitte Ihr Kind dennoch nicht unbeaufsichtigt damit spielen.<\/p>\n<p>Holz ist ein Naturprodukt und unterliegt nat\u00fcrlicher Abn\u00fctzung. Bitte kontrollieren Sie das Produkt regelm\u00e4\u00dfig auf Besch\u00e4digungen, damit sich das Kind beim Spielen nicht verletzt.<\/p>\n<p>Abmessungen gesamt ca. 10,2&#215;10,2&#215;3,4cm, jeder W\u00fcrfel ca. 3,4&#215;3,4&#215;3,4cm<\/p>\n<p>Verwendetes Material: Naturholz Kiefer<\/p>\n","protected":false},"excerpt":{"rendered":"<p>Wer kennt es noch, das W\u00fcrfelpuzzle aus fr\u00fcheren Zeiten? Damals waren die einzelnen W\u00fcrfel noch mit Papier beklebt. W\u00fcrfelpuzzle f\u00fcr Kinder mit 6 Motiven der M\u00e4rchen von den Gebr\u00fcdern Grimm. Das Spielzeug ist in Handarbeit erzeugt worden, die Motive wurden in das Holz gebrannt. Das Spielzeug ist natur und unbehandelt und kann mit einem feuchtem &hellip; <a href=\"https:\/\/www.regionalis.shop\/kunsthandwerk-johann-haiszan\/shop\/wuerfelpuzzle-aus-holz-mit-maerchenmotiven\/\">Continued<\/a><\/p>\n","protected":false},"featured_media":1152,"template":"","meta":{"_acf_changed":false},"product_brand":[],"product_cat":[38,88],"product_tag":[],"class_list":{"0":"post-1151","1":"product","2":"type-product","3":"status-publish","4":"has-post-thumbnail","6":"product_cat-baby-kinder","7":"product_cat-spielzeug","9":"first","10":"instock","11":"purchasable","12":"product-type-simple"},"acf":[],"_links":{"self":[{"href":"https:\/\/www.regionalis.shop\/kunsthandwerk-johann-haiszan\/wp-json\/wp\/v2\/product\/1151","targetHints":{"allow":["GET"]}}],"collection":[{"href":"https:\/\/www.regionalis.shop\/kunsthandwerk-johann-haiszan\/wp-json\/wp\/v2\/product"}],"about":[{"href":"https:\/\/www.regionalis.shop\/kunsthandwerk-johann-haiszan\/wp-json\/wp\/v2\/types\/product"}],"wp:featuredmedia":[{"embeddable":true,"href":"https:\/\/www.regionalis.shop\/kunsthandwerk-johann-haiszan\/wp-json\/wp\/v2\/media\/1152"}],"wp:attachment":[{"href":"https:\/\/www.regionalis.shop\/kunsthandwerk-johann-haiszan\/wp-json\/wp\/v2\/media?parent=1151"}],"wp:term":[{"taxonomy":"product_brand","embeddable":true,"href":"https:\/\/www.regionalis.shop\/kunsthandwerk-johann-haiszan\/wp-json\/wp\/v2\/product_brand?post=1151"},{"taxonomy":"product_cat","embeddable":true,"href":"https:\/\/www.regionalis.shop\/kunsthandwerk-johann-haiszan\/wp-json\/wp\/v2\/product_cat?post=1151"},{"taxonomy":"product_tag","embeddable":true,"href":"https:\/\/www.regionalis.shop\/kunsthandwerk-johann-haiszan\/wp-json\/wp\/v2\/product_tag?post=1151"}],"curies":[{"name":"wp","href":"https:\/\/api.w.org\/{rel}","templated":true}]}}