{"id":1162,"date":"2025-04-18T04:42:18","date_gmt":"2025-04-18T02:42:18","guid":{"rendered":"https:\/\/www.regionalis.shop\/kunsthandwerk-johann-haiszan\/product\/collier-mit-anhaenger-aus-3-holzarten\/"},"modified":"2025-04-18T04:42:18","modified_gmt":"2025-04-18T02:42:18","slug":"collier-mit-anhaenger-aus-3-holzarten","status":"publish","type":"product","link":"https:\/\/www.regionalis.shop\/kunsthandwerk-johann-haiszan\/shop\/collier-mit-anhaenger-aus-3-holzarten\/","title":{"rendered":"Collier mit Anh\u00e4nger aus 3 Holzarten"},"content":{"rendered":"<p>Dieses Collier mit extravagantem Anh\u00e4nger ist weltweit ein Unikat und g\u00e4nzlich handgefertigt.<\/p>\n<p>Um das Holz so richtig strahlen zu lassen, wurde es ge\u00f6lt und danach eine gesundheits- und umweltunbedenkliche aber feuchtigkeits-, speichel- und schwei\u00dfresistente Versiegelung aufgetragen und diese anschlie\u00dfend auf Hochglanz poliert.<\/p>\n<p>Das Collier ist aus Edelstahl gedreht mit Schraubverschluss.<\/p>\n<p>Abmessungen: Die Scheibe hat ca. 40mm Durchmesser, das Dreieck ca. L 30mm, B 15mm.<\/p>\n<p>Verwendet wurde Nussbaum (Juglans regia), Wildkirsche (Prunus avium) gestockt und Buche (Fagus sylvatica).<\/p>\n","protected":false},"excerpt":{"rendered":"<p>Dieses Collier mit extravagantem Anh\u00e4nger ist weltweit ein Unikat und g\u00e4nzlich handgefertigt. Um das Holz so richtig strahlen zu lassen, wurde es ge\u00f6lt und danach eine gesundheits- und umweltunbedenkliche aber feuchtigkeits-, speichel- und schwei\u00dfresistente Versiegelung aufgetragen und diese anschlie\u00dfend auf Hochglanz poliert. Das Collier ist aus Edelstahl gedreht mit Schraubverschluss. Abmessungen: Die Scheibe hat ca. &hellip; <a href=\"https:\/\/www.regionalis.shop\/kunsthandwerk-johann-haiszan\/shop\/collier-mit-anhaenger-aus-3-holzarten\/\">Continued<\/a><\/p>\n","protected":false},"featured_media":1163,"template":"","meta":{"_acf_changed":false},"product_brand":[],"product_cat":[141,70],"product_tag":[],"class_list":{"0":"post-1162","1":"product","2":"type-product","3":"status-publish","4":"has-post-thumbnail","6":"product_cat-halsketten","7":"product_cat-schmuck","9":"first","10":"instock","11":"purchasable","12":"product-type-simple"},"acf":[],"_links":{"self":[{"href":"https:\/\/www.regionalis.shop\/kunsthandwerk-johann-haiszan\/wp-json\/wp\/v2\/product\/1162","targetHints":{"allow":["GET"]}}],"collection":[{"href":"https:\/\/www.regionalis.shop\/kunsthandwerk-johann-haiszan\/wp-json\/wp\/v2\/product"}],"about":[{"href":"https:\/\/www.regionalis.shop\/kunsthandwerk-johann-haiszan\/wp-json\/wp\/v2\/types\/product"}],"wp:featuredmedia":[{"embeddable":true,"href":"https:\/\/www.regionalis.shop\/kunsthandwerk-johann-haiszan\/wp-json\/wp\/v2\/media\/1163"}],"wp:attachment":[{"href":"https:\/\/www.regionalis.shop\/kunsthandwerk-johann-haiszan\/wp-json\/wp\/v2\/media?parent=1162"}],"wp:term":[{"taxonomy":"product_brand","embeddable":true,"href":"https:\/\/www.regionalis.shop\/kunsthandwerk-johann-haiszan\/wp-json\/wp\/v2\/product_brand?post=1162"},{"taxonomy":"product_cat","embeddable":true,"href":"https:\/\/www.regionalis.shop\/kunsthandwerk-johann-haiszan\/wp-json\/wp\/v2\/product_cat?post=1162"},{"taxonomy":"product_tag","embeddable":true,"href":"https:\/\/www.regionalis.shop\/kunsthandwerk-johann-haiszan\/wp-json\/wp\/v2\/product_tag?post=1162"}],"curies":[{"name":"wp","href":"https:\/\/api.w.org\/{rel}","templated":true}]}}