{"id":1183,"date":"2025-04-18T04:39:00","date_gmt":"2025-04-18T02:39:00","guid":{"rendered":"https:\/\/www.regionalis.shop\/kunsthandwerk-johann-haiszan\/product\/set-ohrringe-und-anhaenger-herz-aus-3-holzarten\/"},"modified":"2025-04-18T04:39:00","modified_gmt":"2025-04-18T02:39:00","slug":"set-ohrringe-und-anhaenger-herz-aus-3-holzarten","status":"publish","type":"product","link":"https:\/\/www.regionalis.shop\/kunsthandwerk-johann-haiszan\/shop\/set-ohrringe-und-anhaenger-herz-aus-3-holzarten\/","title":{"rendered":"Set Ohrringe und Anh\u00e4nger Herz aus 3 Holzarten"},"content":{"rendered":"<p>Diese wundersch\u00f6nen und zugleich einzigartigen Ohrringe mit dem Anh\u00e4nger sind weltweit ein Unikat und g\u00e4nzlich handgefertigt.<\/p>\n<p>In dieser Form und Holzzusammenstellung sind sie der Hingucker schlechthin. Damit sie angenehm und federleicht zu tragen sind, wurden sie sehr d\u00fcnn gefertigt. Um das Holz so richtig strahlen zu lassen, wurde es ge\u00f6lt und danach eine gesundheits- und umweltunbedenkliche aber feuchtigkeits-, speichel- und schwei\u00dfresistente Versiegelung aufgetragen und diese anschlie\u00dfend auf Hochglanz poliert.<\/p>\n<p>Die Ohrringe und der Anh\u00e4nger  sind aus Nussbaum (Juglans regia), Zwetschke (Prunus domestica) und Holunder (Sambucus nigra).<\/p>\n","protected":false},"excerpt":{"rendered":"<p>Diese wundersch\u00f6nen und zugleich einzigartigen Ohrringe mit dem Anh\u00e4nger sind weltweit ein Unikat und g\u00e4nzlich handgefertigt. In dieser Form und Holzzusammenstellung sind sie der Hingucker schlechthin. Damit sie angenehm und federleicht zu tragen sind, wurden sie sehr d\u00fcnn gefertigt. Um das Holz so richtig strahlen zu lassen, wurde es ge\u00f6lt und danach eine gesundheits- und &hellip; <a href=\"https:\/\/www.regionalis.shop\/kunsthandwerk-johann-haiszan\/shop\/set-ohrringe-und-anhaenger-herz-aus-3-holzarten\/\">Continued<\/a><\/p>\n","protected":false},"featured_media":1184,"template":"","meta":{"_acf_changed":false},"product_brand":[],"product_cat":[70,71],"product_tag":[],"class_list":{"0":"post-1183","1":"product","2":"type-product","3":"status-publish","4":"has-post-thumbnail","6":"product_cat-schmuck","7":"product_cat-schmucksets","9":"first","10":"instock","11":"purchasable","12":"product-type-simple"},"acf":[],"_links":{"self":[{"href":"https:\/\/www.regionalis.shop\/kunsthandwerk-johann-haiszan\/wp-json\/wp\/v2\/product\/1183","targetHints":{"allow":["GET"]}}],"collection":[{"href":"https:\/\/www.regionalis.shop\/kunsthandwerk-johann-haiszan\/wp-json\/wp\/v2\/product"}],"about":[{"href":"https:\/\/www.regionalis.shop\/kunsthandwerk-johann-haiszan\/wp-json\/wp\/v2\/types\/product"}],"wp:featuredmedia":[{"embeddable":true,"href":"https:\/\/www.regionalis.shop\/kunsthandwerk-johann-haiszan\/wp-json\/wp\/v2\/media\/1184"}],"wp:attachment":[{"href":"https:\/\/www.regionalis.shop\/kunsthandwerk-johann-haiszan\/wp-json\/wp\/v2\/media?parent=1183"}],"wp:term":[{"taxonomy":"product_brand","embeddable":true,"href":"https:\/\/www.regionalis.shop\/kunsthandwerk-johann-haiszan\/wp-json\/wp\/v2\/product_brand?post=1183"},{"taxonomy":"product_cat","embeddable":true,"href":"https:\/\/www.regionalis.shop\/kunsthandwerk-johann-haiszan\/wp-json\/wp\/v2\/product_cat?post=1183"},{"taxonomy":"product_tag","embeddable":true,"href":"https:\/\/www.regionalis.shop\/kunsthandwerk-johann-haiszan\/wp-json\/wp\/v2\/product_tag?post=1183"}],"curies":[{"name":"wp","href":"https:\/\/api.w.org\/{rel}","templated":true}]}}