{"id":1264,"date":"2025-04-18T04:33:43","date_gmt":"2025-04-18T02:33:43","guid":{"rendered":"https:\/\/www.regionalis.shop\/kunsthandwerk-johann-haiszan\/product\/muenzohrringe-4\/"},"modified":"2025-04-18T04:33:43","modified_gmt":"2025-04-18T02:33:43","slug":"muenzohrringe-4","status":"publish","type":"product","link":"https:\/\/www.regionalis.shop\/kunsthandwerk-johann-haiszan\/shop\/muenzohrringe-4\/","title":{"rendered":"M\u00fcnzohrringe"},"content":{"rendered":"<p>Vor einiger Zeit habe ich alte Schillingm\u00fcnzen gefunden und daraus Ohrringe gemacht.<\/p>\n<p>Weil das so gut funktioniert hat, habe ich dasselbe mit 1-Centm\u00fcnzen gemacht.<\/p>\n<p>Diese wundersch\u00f6nen und zugleich einzigartigen Ohrringe sind weltweit ein Unikat und g\u00e4nzlich handgefertigt.<\/p>\n<p>Damit sie angenehm und federleicht zu tragen sind, wurden sie sehr d\u00fcnn gefertigt. Um das Holz so richtig strahlen zu lassen, wurde es ge\u00f6lt und danach eine gesundheits- und umweltunbedenkliche aber feuchtigkeits-, speichel- und schwei\u00dfresistente Versiegelung aufgetragen und diese anschlie\u00dfend auf Hochglanz poliert.<\/p>\n<p>Verwendet wurde Wildkirsche (Prunus avium) und Zwetschke (Prunus domestica).<\/p>\n","protected":false},"excerpt":{"rendered":"<p>Vor einiger Zeit habe ich alte Schillingm\u00fcnzen gefunden und daraus Ohrringe gemacht. Weil das so gut funktioniert hat, habe ich dasselbe mit 1-Centm\u00fcnzen gemacht. Diese wundersch\u00f6nen und zugleich einzigartigen Ohrringe sind weltweit ein Unikat und g\u00e4nzlich handgefertigt. Damit sie angenehm und federleicht zu tragen sind, wurden sie sehr d\u00fcnn gefertigt. Um das Holz so richtig &hellip; <a href=\"https:\/\/www.regionalis.shop\/kunsthandwerk-johann-haiszan\/shop\/muenzohrringe-4\/\">Continued<\/a><\/p>\n","protected":false},"featured_media":1265,"template":"","meta":{"_acf_changed":false},"product_brand":[],"product_cat":[163,70],"product_tag":[],"class_list":{"0":"post-1264","1":"product","2":"type-product","3":"status-publish","4":"has-post-thumbnail","6":"product_cat-ohrringe","7":"product_cat-schmuck","9":"first","10":"instock","11":"purchasable","12":"product-type-simple"},"acf":[],"_links":{"self":[{"href":"https:\/\/www.regionalis.shop\/kunsthandwerk-johann-haiszan\/wp-json\/wp\/v2\/product\/1264","targetHints":{"allow":["GET"]}}],"collection":[{"href":"https:\/\/www.regionalis.shop\/kunsthandwerk-johann-haiszan\/wp-json\/wp\/v2\/product"}],"about":[{"href":"https:\/\/www.regionalis.shop\/kunsthandwerk-johann-haiszan\/wp-json\/wp\/v2\/types\/product"}],"wp:featuredmedia":[{"embeddable":true,"href":"https:\/\/www.regionalis.shop\/kunsthandwerk-johann-haiszan\/wp-json\/wp\/v2\/media\/1265"}],"wp:attachment":[{"href":"https:\/\/www.regionalis.shop\/kunsthandwerk-johann-haiszan\/wp-json\/wp\/v2\/media?parent=1264"}],"wp:term":[{"taxonomy":"product_brand","embeddable":true,"href":"https:\/\/www.regionalis.shop\/kunsthandwerk-johann-haiszan\/wp-json\/wp\/v2\/product_brand?post=1264"},{"taxonomy":"product_cat","embeddable":true,"href":"https:\/\/www.regionalis.shop\/kunsthandwerk-johann-haiszan\/wp-json\/wp\/v2\/product_cat?post=1264"},{"taxonomy":"product_tag","embeddable":true,"href":"https:\/\/www.regionalis.shop\/kunsthandwerk-johann-haiszan\/wp-json\/wp\/v2\/product_tag?post=1264"}],"curies":[{"name":"wp","href":"https:\/\/api.w.org\/{rel}","templated":true}]}}