{"id":1298,"date":"2025-04-18T04:25:19","date_gmt":"2025-04-18T02:25:19","guid":{"rendered":"https:\/\/www.regionalis.shop\/kunsthandwerk-johann-haiszan\/product\/kugelschreiber-aus-4-holzarten-2\/"},"modified":"2025-04-18T04:25:19","modified_gmt":"2025-04-18T02:25:19","slug":"kugelschreiber-aus-4-holzarten-2","status":"publish","type":"product","link":"https:\/\/www.regionalis.shop\/kunsthandwerk-johann-haiszan\/shop\/kugelschreiber-aus-4-holzarten-2\/","title":{"rendered":"Kugelschreiber aus 4 Holzarten"},"content":{"rendered":"<p>Dieser wundersch\u00f6ne Drehkugelschreiber ist g\u00e4nzlich handgefertigt und weltweit ein Unikat.<\/p>\n<p>Um das Holz so richtig strahlen zu lassen, wurde es ge\u00f6lt und danach eine gesundheits- und umweltunbedenkliche aber feuchtigkeits-, speichel- und schwei\u00dfresistente Versiegelung aufgetragen und diese anschlie\u00dfend auf Hochglanz poliert. Somit ist der Stift hervorragend gegen Abgriff und Flecken gesch\u00fctzt.<\/p>\n<p>Auf Wunsch kann die Schreibfarbe in blau und schwarz ausgeliefert werden. Alle Schreibminen k\u00f6nnen ganz einfach bei mir nachbestellt werden, sind aber ebenso in Schreibwarengesch\u00e4ften erh\u00e4ltlich.<\/p>\n<p>Geliefert wird der Stift in einer eleganten und stabilen Schachtel.<\/p>\n<p>Verwendet wurden Wildkirsche (Prunus avium), Buche (Fagus sylvatica), Esche (Fraxinus excelsior) und Bubinga (Guibourtia tessmannii).<\/p>\n","protected":false},"excerpt":{"rendered":"<p>Dieser wundersch\u00f6ne Drehkugelschreiber ist g\u00e4nzlich handgefertigt und weltweit ein Unikat. Um das Holz so richtig strahlen zu lassen, wurde es ge\u00f6lt und danach eine gesundheits- und umweltunbedenkliche aber feuchtigkeits-, speichel- und schwei\u00dfresistente Versiegelung aufgetragen und diese anschlie\u00dfend auf Hochglanz poliert. Somit ist der Stift hervorragend gegen Abgriff und Flecken gesch\u00fctzt. Auf Wunsch kann die Schreibfarbe &hellip; <a href=\"https:\/\/www.regionalis.shop\/kunsthandwerk-johann-haiszan\/shop\/kugelschreiber-aus-4-holzarten-2\/\">Continued<\/a><\/p>\n","protected":false},"featured_media":1299,"template":"","meta":{"_acf_changed":false},"product_brand":[],"product_cat":[62,72],"product_tag":[],"class_list":{"0":"post-1298","1":"product","2":"type-product","3":"status-publish","4":"has-post-thumbnail","6":"product_cat-papeterie-schreibwaren","7":"product_cat-schreibwaren","9":"first","10":"instock","11":"purchasable","12":"product-type-simple"},"acf":[],"_links":{"self":[{"href":"https:\/\/www.regionalis.shop\/kunsthandwerk-johann-haiszan\/wp-json\/wp\/v2\/product\/1298","targetHints":{"allow":["GET"]}}],"collection":[{"href":"https:\/\/www.regionalis.shop\/kunsthandwerk-johann-haiszan\/wp-json\/wp\/v2\/product"}],"about":[{"href":"https:\/\/www.regionalis.shop\/kunsthandwerk-johann-haiszan\/wp-json\/wp\/v2\/types\/product"}],"wp:featuredmedia":[{"embeddable":true,"href":"https:\/\/www.regionalis.shop\/kunsthandwerk-johann-haiszan\/wp-json\/wp\/v2\/media\/1299"}],"wp:attachment":[{"href":"https:\/\/www.regionalis.shop\/kunsthandwerk-johann-haiszan\/wp-json\/wp\/v2\/media?parent=1298"}],"wp:term":[{"taxonomy":"product_brand","embeddable":true,"href":"https:\/\/www.regionalis.shop\/kunsthandwerk-johann-haiszan\/wp-json\/wp\/v2\/product_brand?post=1298"},{"taxonomy":"product_cat","embeddable":true,"href":"https:\/\/www.regionalis.shop\/kunsthandwerk-johann-haiszan\/wp-json\/wp\/v2\/product_cat?post=1298"},{"taxonomy":"product_tag","embeddable":true,"href":"https:\/\/www.regionalis.shop\/kunsthandwerk-johann-haiszan\/wp-json\/wp\/v2\/product_tag?post=1298"}],"curies":[{"name":"wp","href":"https:\/\/api.w.org\/{rel}","templated":true}]}}