{"id":1312,"date":"2025-04-18T00:53:21","date_gmt":"2025-04-17T22:53:21","guid":{"rendered":"https:\/\/www.regionalis.shop\/kunsthandwerk-johann-haiszan\/product\/etui-aus-gestockter-buche-fuer-zigarren-und-kugelschreiber\/"},"modified":"2025-04-18T00:53:21","modified_gmt":"2025-04-17T22:53:21","slug":"etui-aus-gestockter-buche-fuer-zigarren-und-kugelschreiber","status":"publish","type":"product","link":"https:\/\/www.regionalis.shop\/kunsthandwerk-johann-haiszan\/shop\/etui-aus-gestockter-buche-fuer-zigarren-und-kugelschreiber\/","title":{"rendered":"Etui aus gestockter Buche f\u00fcr Zigarren und Kugelschreiber"},"content":{"rendered":"<p>Dieses elegante und noble Etui ist g\u00e4nzlich handgefertigt und weltweit ein Unikat.<\/p>\n<p>F\u00fcr gr\u00f6\u00dftm\u00f6gliche Stabilit\u00e4t und Haltbarkeit wurde ein d\u00fcnnes Edelstahlrohr eingearbeitet, jedoch ist starker seitlicher Druck nach M\u00f6glichkeit zu vermeiden.<\/p>\n<p>Um das Holz so richtig strahlen zu lassen, wurde es ge\u00f6lt und danach eine gesundheits- und umweltunbedenkliche aber feuchtigkeits-, speichel- und schwei\u00dfresistente Versiegelung aufgetragen und diese anschlie\u00dfend auf Hochglanz poliert. Somit ist es hervorragend gegen Abgriff und Flecken gesch\u00fctzt.<\/p>\n<p>Die Holzart ist gestockte Buche (Fagus sylvatica)<\/p>\n<p>Abmessungen:<br \/>\nAu\u00dfen ca. 184mm x 24mm Durchmesser, innen ca. 157mm x 17mm Durchmesser<\/p>\n","protected":false},"excerpt":{"rendered":"<p>Dieses elegante und noble Etui ist g\u00e4nzlich handgefertigt und weltweit ein Unikat. F\u00fcr gr\u00f6\u00dftm\u00f6gliche Stabilit\u00e4t und Haltbarkeit wurde ein d\u00fcnnes Edelstahlrohr eingearbeitet, jedoch ist starker seitlicher Druck nach M\u00f6glichkeit zu vermeiden. Um das Holz so richtig strahlen zu lassen, wurde es ge\u00f6lt und danach eine gesundheits- und umweltunbedenkliche aber feuchtigkeits-, speichel- und schwei\u00dfresistente Versiegelung aufgetragen &hellip; <a href=\"https:\/\/www.regionalis.shop\/kunsthandwerk-johann-haiszan\/shop\/etui-aus-gestockter-buche-fuer-zigarren-und-kugelschreiber\/\">Continued<\/a><\/p>\n","protected":false},"featured_media":1313,"template":"","meta":{"_acf_changed":false},"product_brand":[],"product_cat":[37,82],"product_tag":[],"class_list":{"0":"post-1312","1":"product","2":"type-product","3":"status-publish","4":"has-post-thumbnail","6":"product_cat-accessoires","7":"product_cat-sonstiges-accessoires","9":"first","10":"instock","11":"purchasable","12":"product-type-simple"},"acf":[],"_links":{"self":[{"href":"https:\/\/www.regionalis.shop\/kunsthandwerk-johann-haiszan\/wp-json\/wp\/v2\/product\/1312","targetHints":{"allow":["GET"]}}],"collection":[{"href":"https:\/\/www.regionalis.shop\/kunsthandwerk-johann-haiszan\/wp-json\/wp\/v2\/product"}],"about":[{"href":"https:\/\/www.regionalis.shop\/kunsthandwerk-johann-haiszan\/wp-json\/wp\/v2\/types\/product"}],"wp:featuredmedia":[{"embeddable":true,"href":"https:\/\/www.regionalis.shop\/kunsthandwerk-johann-haiszan\/wp-json\/wp\/v2\/media\/1313"}],"wp:attachment":[{"href":"https:\/\/www.regionalis.shop\/kunsthandwerk-johann-haiszan\/wp-json\/wp\/v2\/media?parent=1312"}],"wp:term":[{"taxonomy":"product_brand","embeddable":true,"href":"https:\/\/www.regionalis.shop\/kunsthandwerk-johann-haiszan\/wp-json\/wp\/v2\/product_brand?post=1312"},{"taxonomy":"product_cat","embeddable":true,"href":"https:\/\/www.regionalis.shop\/kunsthandwerk-johann-haiszan\/wp-json\/wp\/v2\/product_cat?post=1312"},{"taxonomy":"product_tag","embeddable":true,"href":"https:\/\/www.regionalis.shop\/kunsthandwerk-johann-haiszan\/wp-json\/wp\/v2\/product_tag?post=1312"}],"curies":[{"name":"wp","href":"https:\/\/api.w.org\/{rel}","templated":true}]}}