{"id":1317,"date":"2025-04-18T00:34:11","date_gmt":"2025-04-17T22:34:11","guid":{"rendered":"https:\/\/www.regionalis.shop\/kunsthandwerk-johann-haiszan\/product\/memory-aus-holz-mit-motiven-fuer-kleinkinder\/"},"modified":"2025-04-18T00:34:11","modified_gmt":"2025-04-17T22:34:11","slug":"memory-aus-holz-mit-motiven-fuer-kleinkinder","status":"publish","type":"product","link":"https:\/\/www.regionalis.shop\/kunsthandwerk-johann-haiszan\/shop\/memory-aus-holz-mit-motiven-fuer-kleinkinder\/","title":{"rendered":"Memory aus Holz mit Motiven f\u00fcr Kleinkinder"},"content":{"rendered":"<p>12-teiliges Memory, um unsere Kleinen nicht zu \u00fcberfordern mit 6 Paaren von Motiven. Das Spielzeug ist in Handarbeit erzeugt worden, die Motive wurden in das Holz gebrannt. Das Spielzeug ist natur und unbehandelt und kann mit einem feuchtem Tuch gereinigt werden.<\/p>\n<p>Die einzelnen Pl\u00e4ttchen sind 3x3x1cm, k\u00f6nnen nicht so leicht verschluckt werden, aber lassen Sie bitte Ihr Kind dennoch nicht unbeaufsichtigt damit spielen.<\/p>\n<p>Holz ist ein Naturprodukt und unterliegt nat\u00fcrlicher Abn\u00fctzung. Bitte kontrollieren Sie das Produkt regelm\u00e4\u00dfig auf Besch\u00e4digungen, damit das Kind beim Spielen sich nicht verletzt.<\/p>\n<p>Verwendetes Material: Naturholz Buche<\/p>\n","protected":false},"excerpt":{"rendered":"<p>12-teiliges Memory, um unsere Kleinen nicht zu \u00fcberfordern mit 6 Paaren von Motiven. Das Spielzeug ist in Handarbeit erzeugt worden, die Motive wurden in das Holz gebrannt. Das Spielzeug ist natur und unbehandelt und kann mit einem feuchtem Tuch gereinigt werden. Die einzelnen Pl\u00e4ttchen sind 3x3x1cm, k\u00f6nnen nicht so leicht verschluckt werden, aber lassen Sie &hellip; <a href=\"https:\/\/www.regionalis.shop\/kunsthandwerk-johann-haiszan\/shop\/memory-aus-holz-mit-motiven-fuer-kleinkinder\/\">Continued<\/a><\/p>\n","protected":false},"featured_media":1318,"template":"","meta":{"_acf_changed":false},"product_brand":[],"product_cat":[38,88],"product_tag":[],"class_list":{"0":"post-1317","1":"product","2":"type-product","3":"status-publish","4":"has-post-thumbnail","6":"product_cat-baby-kinder","7":"product_cat-spielzeug","9":"first","10":"instock","11":"purchasable","12":"product-type-simple"},"acf":[],"_links":{"self":[{"href":"https:\/\/www.regionalis.shop\/kunsthandwerk-johann-haiszan\/wp-json\/wp\/v2\/product\/1317","targetHints":{"allow":["GET"]}}],"collection":[{"href":"https:\/\/www.regionalis.shop\/kunsthandwerk-johann-haiszan\/wp-json\/wp\/v2\/product"}],"about":[{"href":"https:\/\/www.regionalis.shop\/kunsthandwerk-johann-haiszan\/wp-json\/wp\/v2\/types\/product"}],"wp:featuredmedia":[{"embeddable":true,"href":"https:\/\/www.regionalis.shop\/kunsthandwerk-johann-haiszan\/wp-json\/wp\/v2\/media\/1318"}],"wp:attachment":[{"href":"https:\/\/www.regionalis.shop\/kunsthandwerk-johann-haiszan\/wp-json\/wp\/v2\/media?parent=1317"}],"wp:term":[{"taxonomy":"product_brand","embeddable":true,"href":"https:\/\/www.regionalis.shop\/kunsthandwerk-johann-haiszan\/wp-json\/wp\/v2\/product_brand?post=1317"},{"taxonomy":"product_cat","embeddable":true,"href":"https:\/\/www.regionalis.shop\/kunsthandwerk-johann-haiszan\/wp-json\/wp\/v2\/product_cat?post=1317"},{"taxonomy":"product_tag","embeddable":true,"href":"https:\/\/www.regionalis.shop\/kunsthandwerk-johann-haiszan\/wp-json\/wp\/v2\/product_tag?post=1317"}],"curies":[{"name":"wp","href":"https:\/\/api.w.org\/{rel}","templated":true}]}}