{"id":1321,"date":"2025-04-18T00:33:36","date_gmt":"2025-04-17T22:33:36","guid":{"rendered":"https:\/\/www.regionalis.shop\/kunsthandwerk-johann-haiszan\/product\/weihnachtliches-licht-aus-zirbe\/"},"modified":"2025-04-18T00:33:36","modified_gmt":"2025-04-17T22:33:36","slug":"weihnachtliches-licht-aus-zirbe","status":"publish","type":"product","link":"https:\/\/www.regionalis.shop\/kunsthandwerk-johann-haiszan\/shop\/weihnachtliches-licht-aus-zirbe\/","title":{"rendered":"Weihnachtliches Licht aus Zirbe"},"content":{"rendered":"<p>Teelicht aus Zirbenholz f\u00fcr eine stimmungsvolle Atmosph\u00e4re. Sie ist ebenfalls f\u00fcr eine Stumpenkerze geeignet, durch den Glaszylinder ist das Zirbenholz weitestgehend vor \u00dcberhitzung gesch\u00fctzt.<\/p>\n<p>Das Teelicht oder die Kerze werden einfach von oben in den Glaseinsatz gestellt und angez\u00fcndet. Durch die W\u00e4rme wird ein angenehmer Zirbenduft im Raum verteilt.<\/p>\n<p>Das Zirbenholz ist auf der Au\u00dfenseite gewachst. Ab und zu vor dem Anz\u00fcnden der Kerze mit einem feuchten Tuch innen und au\u00dfen abwischen erh\u00f6ht die angenehme Wirkung des Duftes.<\/p>\n<p>Abmessungen: Zirbenbeh\u00e4lter ca. 11x11x11cm, Glaszylinder H\u00f6he 11cm 8cm Durchmesser innen.<\/p>\n","protected":false},"excerpt":{"rendered":"<p>Teelicht aus Zirbenholz f\u00fcr eine stimmungsvolle Atmosph\u00e4re. Sie ist ebenfalls f\u00fcr eine Stumpenkerze geeignet, durch den Glaszylinder ist das Zirbenholz weitestgehend vor \u00dcberhitzung gesch\u00fctzt. Das Teelicht oder die Kerze werden einfach von oben in den Glaseinsatz gestellt und angez\u00fcndet. Durch die W\u00e4rme wird ein angenehmer Zirbenduft im Raum verteilt. Das Zirbenholz ist auf der Au\u00dfenseite &hellip; <a href=\"https:\/\/www.regionalis.shop\/kunsthandwerk-johann-haiszan\/shop\/weihnachtliches-licht-aus-zirbe\/\">Continued<\/a><\/p>\n","protected":false},"featured_media":1322,"template":"","meta":{"_acf_changed":false},"product_brand":[],"product_cat":[173,103],"product_tag":[],"class_list":{"0":"post-1321","1":"product","2":"type-product","3":"status-publish","4":"has-post-thumbnail","6":"product_cat-weihnachten","7":"product_cat-wohnen-deko","9":"first","10":"instock","11":"purchasable","12":"product-type-simple"},"acf":[],"_links":{"self":[{"href":"https:\/\/www.regionalis.shop\/kunsthandwerk-johann-haiszan\/wp-json\/wp\/v2\/product\/1321","targetHints":{"allow":["GET"]}}],"collection":[{"href":"https:\/\/www.regionalis.shop\/kunsthandwerk-johann-haiszan\/wp-json\/wp\/v2\/product"}],"about":[{"href":"https:\/\/www.regionalis.shop\/kunsthandwerk-johann-haiszan\/wp-json\/wp\/v2\/types\/product"}],"wp:featuredmedia":[{"embeddable":true,"href":"https:\/\/www.regionalis.shop\/kunsthandwerk-johann-haiszan\/wp-json\/wp\/v2\/media\/1322"}],"wp:attachment":[{"href":"https:\/\/www.regionalis.shop\/kunsthandwerk-johann-haiszan\/wp-json\/wp\/v2\/media?parent=1321"}],"wp:term":[{"taxonomy":"product_brand","embeddable":true,"href":"https:\/\/www.regionalis.shop\/kunsthandwerk-johann-haiszan\/wp-json\/wp\/v2\/product_brand?post=1321"},{"taxonomy":"product_cat","embeddable":true,"href":"https:\/\/www.regionalis.shop\/kunsthandwerk-johann-haiszan\/wp-json\/wp\/v2\/product_cat?post=1321"},{"taxonomy":"product_tag","embeddable":true,"href":"https:\/\/www.regionalis.shop\/kunsthandwerk-johann-haiszan\/wp-json\/wp\/v2\/product_tag?post=1321"}],"curies":[{"name":"wp","href":"https:\/\/api.w.org\/{rel}","templated":true}]}}