{"id":1339,"date":"2025-04-18T00:33:36","date_gmt":"2025-04-17T22:33:36","guid":{"rendered":"https:\/\/www.regionalis.shop\/kunsthandwerk-johann-haiszan\/product\/christbaumspitze-aus-holz-3\/"},"modified":"2025-04-18T00:33:36","modified_gmt":"2025-04-17T22:33:36","slug":"christbaumspitze-aus-holz-3","status":"publish","type":"product","link":"https:\/\/www.regionalis.shop\/kunsthandwerk-johann-haiszan\/shop\/christbaumspitze-aus-holz-3\/","title":{"rendered":"Christbaumspitze aus Holz"},"content":{"rendered":"<p>&#8211;Diese einzigartigen Christbaumspitzen werden von mir mit der Hand gefertigt. Jede einzelne ist ein Unikat und keine gleicht der anderen. Sie sind ein wundersch\u00f6nes Geschenk eine Bereicherung f\u00fcr jeden Weihnachtsbaum&#8211;.<\/p>\n<p>Diese Spitze hat eine Kugel mit umweltfreundlicher und l\u00f6sungsmittelfreier Holzbeize gef\u00e4rbt und wurde danach mit nat\u00fcrlichem Bienenwachs eingelassen und geb\u00fcrstet. <\/p>\n<p>Auf Grund des Naturmaterials Holz und der Ausf\u00fchrung in Handarbeit ist jedes St\u00fcck ein Unikat und es kann zu leichten Abweichungen zu den Bildern kommen.<\/p>\n<p>Holzart: Linde<\/p>\n<p>Abmessungen ca. 25cm lang, 50mm Durchmesser<\/p>\n","protected":false},"excerpt":{"rendered":"<p>&#8211;Diese einzigartigen Christbaumspitzen werden von mir mit der Hand gefertigt. Jede einzelne ist ein Unikat und keine gleicht der anderen. Sie sind ein wundersch\u00f6nes Geschenk eine Bereicherung f\u00fcr jeden Weihnachtsbaum&#8211;. Diese Spitze hat eine Kugel mit umweltfreundlicher und l\u00f6sungsmittelfreier Holzbeize gef\u00e4rbt und wurde danach mit nat\u00fcrlichem Bienenwachs eingelassen und geb\u00fcrstet. Auf Grund des Naturmaterials Holz &hellip; <a href=\"https:\/\/www.regionalis.shop\/kunsthandwerk-johann-haiszan\/shop\/christbaumspitze-aus-holz-3\/\">Continued<\/a><\/p>\n","protected":false},"featured_media":1340,"template":"","meta":{"_acf_changed":false},"product_brand":[],"product_cat":[173,103],"product_tag":[],"class_list":{"0":"post-1339","1":"product","2":"type-product","3":"status-publish","4":"has-post-thumbnail","6":"product_cat-weihnachten","7":"product_cat-wohnen-deko","9":"first","10":"instock","11":"purchasable","12":"product-type-simple"},"acf":[],"_links":{"self":[{"href":"https:\/\/www.regionalis.shop\/kunsthandwerk-johann-haiszan\/wp-json\/wp\/v2\/product\/1339","targetHints":{"allow":["GET"]}}],"collection":[{"href":"https:\/\/www.regionalis.shop\/kunsthandwerk-johann-haiszan\/wp-json\/wp\/v2\/product"}],"about":[{"href":"https:\/\/www.regionalis.shop\/kunsthandwerk-johann-haiszan\/wp-json\/wp\/v2\/types\/product"}],"wp:featuredmedia":[{"embeddable":true,"href":"https:\/\/www.regionalis.shop\/kunsthandwerk-johann-haiszan\/wp-json\/wp\/v2\/media\/1340"}],"wp:attachment":[{"href":"https:\/\/www.regionalis.shop\/kunsthandwerk-johann-haiszan\/wp-json\/wp\/v2\/media?parent=1339"}],"wp:term":[{"taxonomy":"product_brand","embeddable":true,"href":"https:\/\/www.regionalis.shop\/kunsthandwerk-johann-haiszan\/wp-json\/wp\/v2\/product_brand?post=1339"},{"taxonomy":"product_cat","embeddable":true,"href":"https:\/\/www.regionalis.shop\/kunsthandwerk-johann-haiszan\/wp-json\/wp\/v2\/product_cat?post=1339"},{"taxonomy":"product_tag","embeddable":true,"href":"https:\/\/www.regionalis.shop\/kunsthandwerk-johann-haiszan\/wp-json\/wp\/v2\/product_tag?post=1339"}],"curies":[{"name":"wp","href":"https:\/\/api.w.org\/{rel}","templated":true}]}}