{"id":1362,"date":"2025-04-18T00:26:13","date_gmt":"2025-04-17T22:26:13","guid":{"rendered":"https:\/\/www.regionalis.shop\/kunsthandwerk-johann-haiszan\/product\/adventkalender-fuers-fenster\/"},"modified":"2025-04-18T00:26:13","modified_gmt":"2025-04-17T22:26:13","slug":"adventkalender-fuers-fenster","status":"publish","type":"product","link":"https:\/\/www.regionalis.shop\/kunsthandwerk-johann-haiszan\/shop\/adventkalender-fuers-fenster\/","title":{"rendered":"Adventkalender f\u00fcrs Fenster"},"content":{"rendered":"<p>Adventkalender f\u00fcr die Wand oder ins Fenster zu h\u00e4ngen. Er ist mit biologischen und gesundheitsunbedenklichen Farben bemalt und kann immer wieder verwendet werden.<\/p>\n<p>Auf die kleinen Haken k\u00f6nnen allerlei Leckereien f\u00fcr die Kinder (oder so wie bei mir, f\u00fcr den Hund) aufgeh\u00e4ngt werden.<\/p>\n<p>L\u00e4nge ca. 48 cm<\/p>\n","protected":false},"excerpt":{"rendered":"<p>Adventkalender f\u00fcr die Wand oder ins Fenster zu h\u00e4ngen. Er ist mit biologischen und gesundheitsunbedenklichen Farben bemalt und kann immer wieder verwendet werden. Auf die kleinen Haken k\u00f6nnen allerlei Leckereien f\u00fcr die Kinder (oder so wie bei mir, f\u00fcr den Hund) aufgeh\u00e4ngt werden. L\u00e4nge ca. 48 cm<\/p>\n","protected":false},"featured_media":1363,"template":"","meta":{"_acf_changed":false},"product_brand":[],"product_cat":[173,103],"product_tag":[],"class_list":{"0":"post-1362","1":"product","2":"type-product","3":"status-publish","4":"has-post-thumbnail","6":"product_cat-weihnachten","7":"product_cat-wohnen-deko","9":"first","10":"instock","11":"purchasable","12":"product-type-simple"},"acf":[],"_links":{"self":[{"href":"https:\/\/www.regionalis.shop\/kunsthandwerk-johann-haiszan\/wp-json\/wp\/v2\/product\/1362","targetHints":{"allow":["GET"]}}],"collection":[{"href":"https:\/\/www.regionalis.shop\/kunsthandwerk-johann-haiszan\/wp-json\/wp\/v2\/product"}],"about":[{"href":"https:\/\/www.regionalis.shop\/kunsthandwerk-johann-haiszan\/wp-json\/wp\/v2\/types\/product"}],"wp:featuredmedia":[{"embeddable":true,"href":"https:\/\/www.regionalis.shop\/kunsthandwerk-johann-haiszan\/wp-json\/wp\/v2\/media\/1363"}],"wp:attachment":[{"href":"https:\/\/www.regionalis.shop\/kunsthandwerk-johann-haiszan\/wp-json\/wp\/v2\/media?parent=1362"}],"wp:term":[{"taxonomy":"product_brand","embeddable":true,"href":"https:\/\/www.regionalis.shop\/kunsthandwerk-johann-haiszan\/wp-json\/wp\/v2\/product_brand?post=1362"},{"taxonomy":"product_cat","embeddable":true,"href":"https:\/\/www.regionalis.shop\/kunsthandwerk-johann-haiszan\/wp-json\/wp\/v2\/product_cat?post=1362"},{"taxonomy":"product_tag","embeddable":true,"href":"https:\/\/www.regionalis.shop\/kunsthandwerk-johann-haiszan\/wp-json\/wp\/v2\/product_tag?post=1362"}],"curies":[{"name":"wp","href":"https:\/\/api.w.org\/{rel}","templated":true}]}}