{"id":1365,"date":"2025-04-18T00:26:13","date_gmt":"2025-04-17T22:26:13","guid":{"rendered":"https:\/\/www.regionalis.shop\/kunsthandwerk-johann-haiszan\/product\/adventkalender-fuer-die-wand\/"},"modified":"2025-04-18T00:26:13","modified_gmt":"2025-04-17T22:26:13","slug":"adventkalender-fuer-die-wand","status":"publish","type":"product","link":"https:\/\/www.regionalis.shop\/kunsthandwerk-johann-haiszan\/shop\/adventkalender-fuer-die-wand\/","title":{"rendered":"Adventkalender f\u00fcr die Wand"},"content":{"rendered":"<p>Dieser Adventkalender f\u00fcr die Wand kann immer wieder verwendet werden. Die Zahlen und Motive sind gebrannt, die Oberfl\u00e4che wurde gewachst.<\/p>\n<p>Die Tage bis Weihnachten sind mit Nummern versehen, dahinter verbergen sich kleine weihnachtliche Motive.<\/p>\n<p>Auf einem der Adventkalender ist ein Tafel-Feld auf dem mit Kreide geschrieben oder gezeichnet werden kann.<\/p>\n<p>Auf die kleinen Haken mit den Ziffern k\u00f6nnen aber auch allerlei Leckereien f\u00fcr die Kinder aufgeh\u00e4ngt werden.<\/p>\n<p>Abmessungen ca. 26&#215;38 cm Tafelfeld ca. 23&#215;10 cm, Ziffern 4&#215;4 cm<\/p>\n","protected":false},"excerpt":{"rendered":"<p>Dieser Adventkalender f\u00fcr die Wand kann immer wieder verwendet werden. Die Zahlen und Motive sind gebrannt, die Oberfl\u00e4che wurde gewachst. Die Tage bis Weihnachten sind mit Nummern versehen, dahinter verbergen sich kleine weihnachtliche Motive. Auf einem der Adventkalender ist ein Tafel-Feld auf dem mit Kreide geschrieben oder gezeichnet werden kann. Auf die kleinen Haken mit &hellip; <a href=\"https:\/\/www.regionalis.shop\/kunsthandwerk-johann-haiszan\/shop\/adventkalender-fuer-die-wand\/\">Continued<\/a><\/p>\n","protected":false},"featured_media":1366,"template":"","meta":{"_acf_changed":false},"product_brand":[],"product_cat":[173,103],"product_tag":[],"class_list":{"0":"post-1365","1":"product","2":"type-product","3":"status-publish","4":"has-post-thumbnail","6":"product_cat-weihnachten","7":"product_cat-wohnen-deko","9":"first","10":"instock","11":"purchasable","12":"product-type-simple"},"acf":[],"_links":{"self":[{"href":"https:\/\/www.regionalis.shop\/kunsthandwerk-johann-haiszan\/wp-json\/wp\/v2\/product\/1365","targetHints":{"allow":["GET"]}}],"collection":[{"href":"https:\/\/www.regionalis.shop\/kunsthandwerk-johann-haiszan\/wp-json\/wp\/v2\/product"}],"about":[{"href":"https:\/\/www.regionalis.shop\/kunsthandwerk-johann-haiszan\/wp-json\/wp\/v2\/types\/product"}],"wp:featuredmedia":[{"embeddable":true,"href":"https:\/\/www.regionalis.shop\/kunsthandwerk-johann-haiszan\/wp-json\/wp\/v2\/media\/1366"}],"wp:attachment":[{"href":"https:\/\/www.regionalis.shop\/kunsthandwerk-johann-haiszan\/wp-json\/wp\/v2\/media?parent=1365"}],"wp:term":[{"taxonomy":"product_brand","embeddable":true,"href":"https:\/\/www.regionalis.shop\/kunsthandwerk-johann-haiszan\/wp-json\/wp\/v2\/product_brand?post=1365"},{"taxonomy":"product_cat","embeddable":true,"href":"https:\/\/www.regionalis.shop\/kunsthandwerk-johann-haiszan\/wp-json\/wp\/v2\/product_cat?post=1365"},{"taxonomy":"product_tag","embeddable":true,"href":"https:\/\/www.regionalis.shop\/kunsthandwerk-johann-haiszan\/wp-json\/wp\/v2\/product_tag?post=1365"}],"curies":[{"name":"wp","href":"https:\/\/api.w.org\/{rel}","templated":true}]}}