{"id":1377,"date":"2025-04-17T23:20:32","date_gmt":"2025-04-17T21:20:32","guid":{"rendered":"https:\/\/www.regionalis.shop\/kunsthandwerk-johann-haiszan\/product\/christbaumkugel-aus-lindenholz-mit-motiven\/"},"modified":"2025-04-17T23:20:32","modified_gmt":"2025-04-17T21:20:32","slug":"christbaumkugel-aus-lindenholz-mit-motiven","status":"publish","type":"product","link":"https:\/\/www.regionalis.shop\/kunsthandwerk-johann-haiszan\/shop\/christbaumkugel-aus-lindenholz-mit-motiven\/","title":{"rendered":"Christbaumkugel aus Lindenholz mit Motiven"},"content":{"rendered":"<p>DIE KUGELN SIND LEIDER AUF GRUND DER HEUTIGEN \u00dcBERGROSSEN NACHFRAGE ALLE WEG UND NUR NOCH SEHR WENIGE VERF\u00dcGBAR. BITTE FRAGEN SIE VOR EINER BESTELLUNG AN.<\/p>\n<p>Weihnachtskugel aus Lindenholz f\u00fcr den Christbaum. Sie ist hohl gedrechselt und dadurch sehr leicht.<\/p>\n<p>&#8211;Diese einzigartigen Christbaumkugeln werden von mir mit der Hand gefertigt. Jede einzelne ist ein Unikat und keine gleicht der anderen. Sie sind nicht nur ein sch\u00f6nes Geschenk sondern bringen auch einem selbst sehr viel Freude und sind eine Bereicherung f\u00fcr jeden Weihnachtsbaum&#8211;.<\/p>\n<p>Die Motive werden in die fertige Kugel geschnitzt und danach wird sie mit nat\u00fcrlichem Bienenwachs behandelt. Als Motive gibt es Tannenbaum, Schneemann, Glocke, Engel, Teddyb\u00e4r, brennende Kerze, Schaukelpferd, heilige Familie, heilige drei K\u00f6nige, Nikolaus, Rudolf Rentier, Elch sowie verschiedene Sterne, Stern von Bethlehem und ornamentale Lilie.<\/p>\n<p>Auf die R\u00fcckseite mache ich auf Wunsch 1-2 Sterne, je nach gew\u00e4hltem Motiv.<\/p>\n<p>Auf Grund des Naturmaterials Holz und der Ausf\u00fchrung in Handarbeit ist jedes St\u00fcck ein Unikat und es kann zu leichten Abweichungen zu den Bildern kommen.<\/p>\n<p>Abmessungen ca. 75mm Durchmesser<\/p>\n","protected":false},"excerpt":{"rendered":"<p>DIE KUGELN SIND LEIDER AUF GRUND DER HEUTIGEN \u00dcBERGROSSEN NACHFRAGE ALLE WEG UND NUR NOCH SEHR WENIGE VERF\u00dcGBAR. BITTE FRAGEN SIE VOR EINER BESTELLUNG AN. Weihnachtskugel aus Lindenholz f\u00fcr den Christbaum. Sie ist hohl gedrechselt und dadurch sehr leicht. &#8211;Diese einzigartigen Christbaumkugeln werden von mir mit der Hand gefertigt. Jede einzelne ist ein Unikat und &hellip; <a href=\"https:\/\/www.regionalis.shop\/kunsthandwerk-johann-haiszan\/shop\/christbaumkugel-aus-lindenholz-mit-motiven\/\">Continued<\/a><\/p>\n","protected":false},"featured_media":1378,"template":"","meta":{"_acf_changed":false},"product_brand":[],"product_cat":[173,103],"product_tag":[],"class_list":{"0":"post-1377","1":"product","2":"type-product","3":"status-publish","4":"has-post-thumbnail","6":"product_cat-weihnachten","7":"product_cat-wohnen-deko","9":"first","10":"instock","11":"purchasable","12":"product-type-simple"},"acf":[],"_links":{"self":[{"href":"https:\/\/www.regionalis.shop\/kunsthandwerk-johann-haiszan\/wp-json\/wp\/v2\/product\/1377","targetHints":{"allow":["GET"]}}],"collection":[{"href":"https:\/\/www.regionalis.shop\/kunsthandwerk-johann-haiszan\/wp-json\/wp\/v2\/product"}],"about":[{"href":"https:\/\/www.regionalis.shop\/kunsthandwerk-johann-haiszan\/wp-json\/wp\/v2\/types\/product"}],"wp:featuredmedia":[{"embeddable":true,"href":"https:\/\/www.regionalis.shop\/kunsthandwerk-johann-haiszan\/wp-json\/wp\/v2\/media\/1378"}],"wp:attachment":[{"href":"https:\/\/www.regionalis.shop\/kunsthandwerk-johann-haiszan\/wp-json\/wp\/v2\/media?parent=1377"}],"wp:term":[{"taxonomy":"product_brand","embeddable":true,"href":"https:\/\/www.regionalis.shop\/kunsthandwerk-johann-haiszan\/wp-json\/wp\/v2\/product_brand?post=1377"},{"taxonomy":"product_cat","embeddable":true,"href":"https:\/\/www.regionalis.shop\/kunsthandwerk-johann-haiszan\/wp-json\/wp\/v2\/product_cat?post=1377"},{"taxonomy":"product_tag","embeddable":true,"href":"https:\/\/www.regionalis.shop\/kunsthandwerk-johann-haiszan\/wp-json\/wp\/v2\/product_tag?post=1377"}],"curies":[{"name":"wp","href":"https:\/\/api.w.org\/{rel}","templated":true}]}}