{"id":1382,"date":"2025-04-17T23:20:32","date_gmt":"2025-04-17T21:20:32","guid":{"rendered":"https:\/\/www.regionalis.shop\/kunsthandwerk-johann-haiszan\/product\/christbaumkugel-aus-holz-hochglanz\/"},"modified":"2025-04-17T23:20:32","modified_gmt":"2025-04-17T21:20:32","slug":"christbaumkugel-aus-holz-hochglanz","status":"publish","type":"product","link":"https:\/\/www.regionalis.shop\/kunsthandwerk-johann-haiszan\/shop\/christbaumkugel-aus-holz-hochglanz\/","title":{"rendered":"Christbaumkugel aus Holz Hochglanz"},"content":{"rendered":"<p>Weihnachtskugel aus Holz f\u00fcr den Christbaum. Sie ist hohl und dadurch sehr leicht. Es sind verschiedene heimische H\u00f6lzer, auch besondere und gestockte wie Buche oder Birke verf\u00fcgbar. Bitte vor der Bestellung anfragen.<\/p>\n<p>Die Kugeln sind lackiert und auf Hochglanz poliert.<\/p>\n<p>Auf Grund des Naturmaterials Holz und der Ausf\u00fchrung in Handarbeit ist jedes St\u00fcck ein Unikat und es kann zu leichten Abweichungen zu den Bildern kommen.<\/p>\n<p>&#8211;Es sind auch geschnitzte Monogramme, Namen oder Jahreszahlen m\u00f6glich. Pro Buschstabe\/Ziffer 3,50 Euro&#8211;<\/p>\n<p>Abmessungen ca. 75mm Durchmesser<\/p>\n","protected":false},"excerpt":{"rendered":"<p>Weihnachtskugel aus Holz f\u00fcr den Christbaum. Sie ist hohl und dadurch sehr leicht. Es sind verschiedene heimische H\u00f6lzer, auch besondere und gestockte wie Buche oder Birke verf\u00fcgbar. Bitte vor der Bestellung anfragen. Die Kugeln sind lackiert und auf Hochglanz poliert. Auf Grund des Naturmaterials Holz und der Ausf\u00fchrung in Handarbeit ist jedes St\u00fcck ein Unikat &hellip; <a href=\"https:\/\/www.regionalis.shop\/kunsthandwerk-johann-haiszan\/shop\/christbaumkugel-aus-holz-hochglanz\/\">Continued<\/a><\/p>\n","protected":false},"featured_media":1383,"template":"","meta":{"_acf_changed":false},"product_brand":[],"product_cat":[173,103],"product_tag":[],"class_list":{"0":"post-1382","1":"product","2":"type-product","3":"status-publish","4":"has-post-thumbnail","6":"product_cat-weihnachten","7":"product_cat-wohnen-deko","9":"first","10":"instock","11":"purchasable","12":"product-type-simple"},"acf":[],"_links":{"self":[{"href":"https:\/\/www.regionalis.shop\/kunsthandwerk-johann-haiszan\/wp-json\/wp\/v2\/product\/1382","targetHints":{"allow":["GET"]}}],"collection":[{"href":"https:\/\/www.regionalis.shop\/kunsthandwerk-johann-haiszan\/wp-json\/wp\/v2\/product"}],"about":[{"href":"https:\/\/www.regionalis.shop\/kunsthandwerk-johann-haiszan\/wp-json\/wp\/v2\/types\/product"}],"wp:featuredmedia":[{"embeddable":true,"href":"https:\/\/www.regionalis.shop\/kunsthandwerk-johann-haiszan\/wp-json\/wp\/v2\/media\/1383"}],"wp:attachment":[{"href":"https:\/\/www.regionalis.shop\/kunsthandwerk-johann-haiszan\/wp-json\/wp\/v2\/media?parent=1382"}],"wp:term":[{"taxonomy":"product_brand","embeddable":true,"href":"https:\/\/www.regionalis.shop\/kunsthandwerk-johann-haiszan\/wp-json\/wp\/v2\/product_brand?post=1382"},{"taxonomy":"product_cat","embeddable":true,"href":"https:\/\/www.regionalis.shop\/kunsthandwerk-johann-haiszan\/wp-json\/wp\/v2\/product_cat?post=1382"},{"taxonomy":"product_tag","embeddable":true,"href":"https:\/\/www.regionalis.shop\/kunsthandwerk-johann-haiszan\/wp-json\/wp\/v2\/product_tag?post=1382"}],"curies":[{"name":"wp","href":"https:\/\/api.w.org\/{rel}","templated":true}]}}