{"id":1392,"date":"2025-04-17T23:16:53","date_gmt":"2025-04-17T21:16:53","guid":{"rendered":"https:\/\/www.regionalis.shop\/kunsthandwerk-johann-haiszan\/product\/manschettenknoepfe-aus-6-holzartzen\/"},"modified":"2025-04-17T23:16:53","modified_gmt":"2025-04-17T21:16:53","slug":"manschettenknoepfe-aus-6-holzartzen","status":"publish","type":"product","link":"https:\/\/www.regionalis.shop\/kunsthandwerk-johann-haiszan\/shop\/manschettenknoepfe-aus-6-holzartzen\/","title":{"rendered":"Manschettenkn\u00f6pfe aus 6 Holzartzen"},"content":{"rendered":"<p>Diese \u00e4u\u00dferst eleganten Manschettenkn\u00f6pfe sind g\u00e4nzlich handgefertigt und weltweit ein Unikat.<\/p>\n<p>Um das Holz so richtig strahlen zu lassen, wurde es ge\u00f6lt, versiegelt und anschlie\u00dfend auf Hochglanz poliert, die nat\u00fcrlich gesundheits- und umweltunbedenklich ist.<\/p>\n<p>Geliefert werden sie in einer eleganten und stabilen Schachtel.<\/p>\n<p>Verwendet wurden die 6 Holzarten Nussbaum (Juglans regia), Ahorn (Acer pseudoplatanus), Goldregen (Laburnum spp.), Wildkirsche (Prunus avium), Zwetschke (Prunus domestica) und Magnolie (Magnolia soulangeana).<\/p>\n","protected":false},"excerpt":{"rendered":"<p>Diese \u00e4u\u00dferst eleganten Manschettenkn\u00f6pfe sind g\u00e4nzlich handgefertigt und weltweit ein Unikat. Um das Holz so richtig strahlen zu lassen, wurde es ge\u00f6lt, versiegelt und anschlie\u00dfend auf Hochglanz poliert, die nat\u00fcrlich gesundheits- und umweltunbedenklich ist. Geliefert werden sie in einer eleganten und stabilen Schachtel. Verwendet wurden die 6 Holzarten Nussbaum (Juglans regia), Ahorn (Acer pseudoplatanus), Goldregen &hellip; <a href=\"https:\/\/www.regionalis.shop\/kunsthandwerk-johann-haiszan\/shop\/manschettenknoepfe-aus-6-holzartzen\/\">Continued<\/a><\/p>\n","protected":false},"featured_media":1393,"template":"","meta":{"_acf_changed":false},"product_brand":[],"product_cat":[37,58],"product_tag":[],"class_list":{"0":"post-1392","1":"product","2":"type-product","3":"status-publish","4":"has-post-thumbnail","6":"product_cat-accessoires","7":"product_cat-manschettenknoepfe","9":"first","10":"instock","11":"purchasable","12":"product-type-simple"},"acf":[],"_links":{"self":[{"href":"https:\/\/www.regionalis.shop\/kunsthandwerk-johann-haiszan\/wp-json\/wp\/v2\/product\/1392","targetHints":{"allow":["GET"]}}],"collection":[{"href":"https:\/\/www.regionalis.shop\/kunsthandwerk-johann-haiszan\/wp-json\/wp\/v2\/product"}],"about":[{"href":"https:\/\/www.regionalis.shop\/kunsthandwerk-johann-haiszan\/wp-json\/wp\/v2\/types\/product"}],"wp:featuredmedia":[{"embeddable":true,"href":"https:\/\/www.regionalis.shop\/kunsthandwerk-johann-haiszan\/wp-json\/wp\/v2\/media\/1393"}],"wp:attachment":[{"href":"https:\/\/www.regionalis.shop\/kunsthandwerk-johann-haiszan\/wp-json\/wp\/v2\/media?parent=1392"}],"wp:term":[{"taxonomy":"product_brand","embeddable":true,"href":"https:\/\/www.regionalis.shop\/kunsthandwerk-johann-haiszan\/wp-json\/wp\/v2\/product_brand?post=1392"},{"taxonomy":"product_cat","embeddable":true,"href":"https:\/\/www.regionalis.shop\/kunsthandwerk-johann-haiszan\/wp-json\/wp\/v2\/product_cat?post=1392"},{"taxonomy":"product_tag","embeddable":true,"href":"https:\/\/www.regionalis.shop\/kunsthandwerk-johann-haiszan\/wp-json\/wp\/v2\/product_tag?post=1392"}],"curies":[{"name":"wp","href":"https:\/\/api.w.org\/{rel}","templated":true}]}}