{"id":1464,"date":"2025-04-17T23:16:15","date_gmt":"2025-04-17T21:16:15","guid":{"rendered":"https:\/\/www.regionalis.shop\/kunsthandwerk-johann-haiszan\/product\/manschettenknoepfe-aus-gestocktem-birkenholz\/"},"modified":"2025-04-17T23:16:15","modified_gmt":"2025-04-17T21:16:15","slug":"manschettenknoepfe-aus-gestocktem-birkenholz","status":"publish","type":"product","link":"https:\/\/www.regionalis.shop\/kunsthandwerk-johann-haiszan\/shop\/manschettenknoepfe-aus-gestocktem-birkenholz\/","title":{"rendered":"Manschettenkn\u00f6pfe aus gestocktem Birkenholz"},"content":{"rendered":"<p>Diese \u00e4u\u00dferst eleganten Manschettenkn\u00f6pfe sind g\u00e4nzlich handgefertigt und weltweit ein Unikat.<\/p>\n<p>Um das Holz so richtig strahlen zu lassen, wurde es ge\u00f6lt, versiegelt und anschlie\u00dfend auf Hochglanz poliert, die nat\u00fcrlich gesundheits- und umweltunbedenklich ist.<\/p>\n<p>Geliefert werden sie in einer eleganten und stabilen Schachtel.<\/p>\n<p>Verwendet wurde gestocktes Birkenholz (Betula pendula)<\/p>\n","protected":false},"excerpt":{"rendered":"<p>Diese \u00e4u\u00dferst eleganten Manschettenkn\u00f6pfe sind g\u00e4nzlich handgefertigt und weltweit ein Unikat. Um das Holz so richtig strahlen zu lassen, wurde es ge\u00f6lt, versiegelt und anschlie\u00dfend auf Hochglanz poliert, die nat\u00fcrlich gesundheits- und umweltunbedenklich ist. Geliefert werden sie in einer eleganten und stabilen Schachtel. Verwendet wurde gestocktes Birkenholz (Betula pendula)<\/p>\n","protected":false},"featured_media":1465,"template":"","meta":{"_acf_changed":false},"product_brand":[],"product_cat":[37,58],"product_tag":[],"class_list":{"0":"post-1464","1":"product","2":"type-product","3":"status-publish","4":"has-post-thumbnail","6":"product_cat-accessoires","7":"product_cat-manschettenknoepfe","9":"first","10":"instock","11":"purchasable","12":"product-type-simple"},"acf":[],"_links":{"self":[{"href":"https:\/\/www.regionalis.shop\/kunsthandwerk-johann-haiszan\/wp-json\/wp\/v2\/product\/1464","targetHints":{"allow":["GET"]}}],"collection":[{"href":"https:\/\/www.regionalis.shop\/kunsthandwerk-johann-haiszan\/wp-json\/wp\/v2\/product"}],"about":[{"href":"https:\/\/www.regionalis.shop\/kunsthandwerk-johann-haiszan\/wp-json\/wp\/v2\/types\/product"}],"wp:featuredmedia":[{"embeddable":true,"href":"https:\/\/www.regionalis.shop\/kunsthandwerk-johann-haiszan\/wp-json\/wp\/v2\/media\/1465"}],"wp:attachment":[{"href":"https:\/\/www.regionalis.shop\/kunsthandwerk-johann-haiszan\/wp-json\/wp\/v2\/media?parent=1464"}],"wp:term":[{"taxonomy":"product_brand","embeddable":true,"href":"https:\/\/www.regionalis.shop\/kunsthandwerk-johann-haiszan\/wp-json\/wp\/v2\/product_brand?post=1464"},{"taxonomy":"product_cat","embeddable":true,"href":"https:\/\/www.regionalis.shop\/kunsthandwerk-johann-haiszan\/wp-json\/wp\/v2\/product_cat?post=1464"},{"taxonomy":"product_tag","embeddable":true,"href":"https:\/\/www.regionalis.shop\/kunsthandwerk-johann-haiszan\/wp-json\/wp\/v2\/product_tag?post=1464"}],"curies":[{"name":"wp","href":"https:\/\/api.w.org\/{rel}","templated":true}]}}