{"id":1492,"date":"2025-04-17T23:16:06","date_gmt":"2025-04-17T21:16:06","guid":{"rendered":"https:\/\/www.regionalis.shop\/kunsthandwerk-johann-haiszan\/product\/set-kugelschreiber-krawattennadel-und-manschettenknoepfe\/"},"modified":"2025-04-17T23:16:06","modified_gmt":"2025-04-17T21:16:06","slug":"set-kugelschreiber-krawattennadel-und-manschettenknoepfe","status":"publish","type":"product","link":"https:\/\/www.regionalis.shop\/kunsthandwerk-johann-haiszan\/shop\/set-kugelschreiber-krawattennadel-und-manschettenknoepfe\/","title":{"rendered":"Set Kugelschreiber, Krawattennadel und Manschettenkn\u00f6pfe"},"content":{"rendered":"<p>Dieses elegante Set aus Kugelschreiber, Krawattennadel und Manschettenkn\u00f6pfen ist g\u00e4nzlich handgefertigt und weltweit ein Unikat.<\/p>\n<p>Um das Holz so richtig strahlen zu lassen, wurde es ge\u00f6lt und danach eine gesundheits- und umweltunbedenkliche aber feuchtigkeits-, speichel- und schwei\u00dfresistente Versiegelung aufgetragen und diese anschlie\u00dfend auf Hochglanz poliert. Somit sind alle Teile hervorragend gegen Abgriff und Flecken gesch\u00fctzt.<\/p>\n<p>Auf Wunsch kann die Schreibfarbe in blau und schwarz ausgeliefert werden. Alle Schreibminen k\u00f6nnen ganz einfach bei mir nachbestellt werden, sind aber ebenso in Schreibwarengesch\u00e4ften erh\u00e4ltlich.<\/p>\n<p>Geliefert wird das Set in einer eleganten und stabilen Schachtel.<\/p>\n<p>Verwendet wurde gestocktes Zwetzschkenholz (Prunus domestica)<\/p>\n","protected":false},"excerpt":{"rendered":"<p>Dieses elegante Set aus Kugelschreiber, Krawattennadel und Manschettenkn\u00f6pfen ist g\u00e4nzlich handgefertigt und weltweit ein Unikat. Um das Holz so richtig strahlen zu lassen, wurde es ge\u00f6lt und danach eine gesundheits- und umweltunbedenkliche aber feuchtigkeits-, speichel- und schwei\u00dfresistente Versiegelung aufgetragen und diese anschlie\u00dfend auf Hochglanz poliert. Somit sind alle Teile hervorragend gegen Abgriff und Flecken gesch\u00fctzt. &hellip; <a href=\"https:\/\/www.regionalis.shop\/kunsthandwerk-johann-haiszan\/shop\/set-kugelschreiber-krawattennadel-und-manschettenknoepfe\/\">Continued<\/a><\/p>\n","protected":false},"featured_media":1493,"template":"","meta":{"_acf_changed":false},"product_brand":[],"product_cat":[37,82],"product_tag":[],"class_list":{"0":"post-1492","1":"product","2":"type-product","3":"status-publish","4":"has-post-thumbnail","6":"product_cat-accessoires","7":"product_cat-sonstiges-accessoires","9":"first","10":"instock","11":"purchasable","12":"product-type-simple"},"acf":[],"_links":{"self":[{"href":"https:\/\/www.regionalis.shop\/kunsthandwerk-johann-haiszan\/wp-json\/wp\/v2\/product\/1492","targetHints":{"allow":["GET"]}}],"collection":[{"href":"https:\/\/www.regionalis.shop\/kunsthandwerk-johann-haiszan\/wp-json\/wp\/v2\/product"}],"about":[{"href":"https:\/\/www.regionalis.shop\/kunsthandwerk-johann-haiszan\/wp-json\/wp\/v2\/types\/product"}],"wp:featuredmedia":[{"embeddable":true,"href":"https:\/\/www.regionalis.shop\/kunsthandwerk-johann-haiszan\/wp-json\/wp\/v2\/media\/1493"}],"wp:attachment":[{"href":"https:\/\/www.regionalis.shop\/kunsthandwerk-johann-haiszan\/wp-json\/wp\/v2\/media?parent=1492"}],"wp:term":[{"taxonomy":"product_brand","embeddable":true,"href":"https:\/\/www.regionalis.shop\/kunsthandwerk-johann-haiszan\/wp-json\/wp\/v2\/product_brand?post=1492"},{"taxonomy":"product_cat","embeddable":true,"href":"https:\/\/www.regionalis.shop\/kunsthandwerk-johann-haiszan\/wp-json\/wp\/v2\/product_cat?post=1492"},{"taxonomy":"product_tag","embeddable":true,"href":"https:\/\/www.regionalis.shop\/kunsthandwerk-johann-haiszan\/wp-json\/wp\/v2\/product_tag?post=1492"}],"curies":[{"name":"wp","href":"https:\/\/api.w.org\/{rel}","templated":true}]}}