{"id":1528,"date":"2025-04-17T23:11:46","date_gmt":"2025-04-17T21:11:46","guid":{"rendered":"https:\/\/www.regionalis.shop\/kunsthandwerk-johann-haiszan\/product\/lastwagen-aus-holz\/"},"modified":"2025-04-17T23:11:46","modified_gmt":"2025-04-17T21:11:46","slug":"lastwagen-aus-holz","status":"publish","type":"product","link":"https:\/\/www.regionalis.shop\/kunsthandwerk-johann-haiszan\/shop\/lastwagen-aus-holz\/","title":{"rendered":"Lastwagen aus Holz"},"content":{"rendered":"<p>Stabiles Fahrzeug zum Spielen, Schieben oder Ziehen. Komplett aus heimischem Fichten- und Kiefernholz gearbeitet, mit Holzleim verleimt und g\u00e4nzlich ohne Metallbestandteile wie Schrauben, N\u00e4gel, Klammern oder Metallachsen. Die Vorderachse ist lenkbar. Das Spielzeug ist g\u00e4nzlich unbehandelt, nur das Holz natur.<\/p>\n<p>Holz ist ein Naturprodukt und unterliegt nat\u00fcrlicher Abn\u00fctzung. Bitte kontrollieren Sie das Produkt regelm\u00e4\u00dfig auf Besch\u00e4digungen, damit das Kind beim Spielen sich nicht verletzt. Es wurden keine Kleinteile verwendet, die verschluckt werden k\u00f6nnten.<\/p>\n<p>Von mir empfohlenes Mindestalter 24 Monate und mit h\u00f6chstens 2 Kilogramm belasten<\/p>\n<p>Abmessungen ca. L36cm x B19cm x H26cm<\/p>\n<p>Verwendetes Material: Naturholz Fichte, Kiefer, Buche und Holzleim<\/p>\n","protected":false},"excerpt":{"rendered":"<p>Stabiles Fahrzeug zum Spielen, Schieben oder Ziehen. Komplett aus heimischem Fichten- und Kiefernholz gearbeitet, mit Holzleim verleimt und g\u00e4nzlich ohne Metallbestandteile wie Schrauben, N\u00e4gel, Klammern oder Metallachsen. Die Vorderachse ist lenkbar. Das Spielzeug ist g\u00e4nzlich unbehandelt, nur das Holz natur. Holz ist ein Naturprodukt und unterliegt nat\u00fcrlicher Abn\u00fctzung. Bitte kontrollieren Sie das Produkt regelm\u00e4\u00dfig auf &hellip; <a href=\"https:\/\/www.regionalis.shop\/kunsthandwerk-johann-haiszan\/shop\/lastwagen-aus-holz\/\">Continued<\/a><\/p>\n","protected":false},"featured_media":1529,"template":"","meta":{"_acf_changed":false},"product_brand":[],"product_cat":[38,88],"product_tag":[],"class_list":{"0":"post-1528","1":"product","2":"type-product","3":"status-publish","4":"has-post-thumbnail","6":"product_cat-baby-kinder","7":"product_cat-spielzeug","9":"first","10":"instock","11":"purchasable","12":"product-type-simple"},"acf":[],"_links":{"self":[{"href":"https:\/\/www.regionalis.shop\/kunsthandwerk-johann-haiszan\/wp-json\/wp\/v2\/product\/1528","targetHints":{"allow":["GET"]}}],"collection":[{"href":"https:\/\/www.regionalis.shop\/kunsthandwerk-johann-haiszan\/wp-json\/wp\/v2\/product"}],"about":[{"href":"https:\/\/www.regionalis.shop\/kunsthandwerk-johann-haiszan\/wp-json\/wp\/v2\/types\/product"}],"wp:featuredmedia":[{"embeddable":true,"href":"https:\/\/www.regionalis.shop\/kunsthandwerk-johann-haiszan\/wp-json\/wp\/v2\/media\/1529"}],"wp:attachment":[{"href":"https:\/\/www.regionalis.shop\/kunsthandwerk-johann-haiszan\/wp-json\/wp\/v2\/media?parent=1528"}],"wp:term":[{"taxonomy":"product_brand","embeddable":true,"href":"https:\/\/www.regionalis.shop\/kunsthandwerk-johann-haiszan\/wp-json\/wp\/v2\/product_brand?post=1528"},{"taxonomy":"product_cat","embeddable":true,"href":"https:\/\/www.regionalis.shop\/kunsthandwerk-johann-haiszan\/wp-json\/wp\/v2\/product_cat?post=1528"},{"taxonomy":"product_tag","embeddable":true,"href":"https:\/\/www.regionalis.shop\/kunsthandwerk-johann-haiszan\/wp-json\/wp\/v2\/product_tag?post=1528"}],"curies":[{"name":"wp","href":"https:\/\/api.w.org\/{rel}","templated":true}]}}