{"id":1531,"date":"2025-04-17T23:11:46","date_gmt":"2025-04-17T21:11:46","guid":{"rendered":"https:\/\/www.regionalis.shop\/kunsthandwerk-johann-haiszan\/product\/ohrringe-aus-kirsche-ahorn-und-nussbaum\/"},"modified":"2025-04-17T23:11:46","modified_gmt":"2025-04-17T21:11:46","slug":"ohrringe-aus-kirsche-ahorn-und-nussbaum","status":"publish","type":"product","link":"https:\/\/www.regionalis.shop\/kunsthandwerk-johann-haiszan\/shop\/ohrringe-aus-kirsche-ahorn-und-nussbaum\/","title":{"rendered":"Ohrringe aus Kirsche, Ahorn und Nussbaum"},"content":{"rendered":"<p>Diese wundersch\u00f6nen und zugleich einzigartigen Ohrringe sind weltweit ein Unikat und g\u00e4nzlich handgefertigt.<\/p>\n<p>In dieser Form und Holzzusammenstellung sind sie der Hingucker schlechthin. Damit sie angenehm und federleicht zu tragen sind, wurden sie sehr d\u00fcnn gefertigt. <\/p>\n<p>Um das Holz so richtig strahlen zu lassen, wurde es ge\u00f6lt und danach eine gesundheits- und umweltunbedenkliche aber feuchtigkeits-, speichel- und schwei\u00dfresistente Versiegelung aufgetragen und diese anschlie\u00dfend auf Hochglanz poliert.<\/p>\n<p>Verwendet wurden die H\u00f6lzer Kirsche (Prunus avium), Ahorn (Acer pseudoplatanus) und Nussbaum (Juglans regia).<\/p>\n","protected":false},"excerpt":{"rendered":"<p>Diese wundersch\u00f6nen und zugleich einzigartigen Ohrringe sind weltweit ein Unikat und g\u00e4nzlich handgefertigt. In dieser Form und Holzzusammenstellung sind sie der Hingucker schlechthin. Damit sie angenehm und federleicht zu tragen sind, wurden sie sehr d\u00fcnn gefertigt. Um das Holz so richtig strahlen zu lassen, wurde es ge\u00f6lt und danach eine gesundheits- und umweltunbedenkliche aber feuchtigkeits-, &hellip; <a href=\"https:\/\/www.regionalis.shop\/kunsthandwerk-johann-haiszan\/shop\/ohrringe-aus-kirsche-ahorn-und-nussbaum\/\">Continued<\/a><\/p>\n","protected":false},"featured_media":1532,"template":"","meta":{"_acf_changed":false},"product_brand":[],"product_cat":[163,70],"product_tag":[],"class_list":{"0":"post-1531","1":"product","2":"type-product","3":"status-publish","4":"has-post-thumbnail","6":"product_cat-ohrringe","7":"product_cat-schmuck","9":"first","10":"instock","11":"purchasable","12":"product-type-simple"},"acf":[],"_links":{"self":[{"href":"https:\/\/www.regionalis.shop\/kunsthandwerk-johann-haiszan\/wp-json\/wp\/v2\/product\/1531","targetHints":{"allow":["GET"]}}],"collection":[{"href":"https:\/\/www.regionalis.shop\/kunsthandwerk-johann-haiszan\/wp-json\/wp\/v2\/product"}],"about":[{"href":"https:\/\/www.regionalis.shop\/kunsthandwerk-johann-haiszan\/wp-json\/wp\/v2\/types\/product"}],"wp:featuredmedia":[{"embeddable":true,"href":"https:\/\/www.regionalis.shop\/kunsthandwerk-johann-haiszan\/wp-json\/wp\/v2\/media\/1532"}],"wp:attachment":[{"href":"https:\/\/www.regionalis.shop\/kunsthandwerk-johann-haiszan\/wp-json\/wp\/v2\/media?parent=1531"}],"wp:term":[{"taxonomy":"product_brand","embeddable":true,"href":"https:\/\/www.regionalis.shop\/kunsthandwerk-johann-haiszan\/wp-json\/wp\/v2\/product_brand?post=1531"},{"taxonomy":"product_cat","embeddable":true,"href":"https:\/\/www.regionalis.shop\/kunsthandwerk-johann-haiszan\/wp-json\/wp\/v2\/product_cat?post=1531"},{"taxonomy":"product_tag","embeddable":true,"href":"https:\/\/www.regionalis.shop\/kunsthandwerk-johann-haiszan\/wp-json\/wp\/v2\/product_tag?post=1531"}],"curies":[{"name":"wp","href":"https:\/\/api.w.org\/{rel}","templated":true}]}}