{"id":1537,"date":"2025-04-17T23:11:46","date_gmt":"2025-04-17T21:11:46","guid":{"rendered":"https:\/\/www.regionalis.shop\/kunsthandwerk-johann-haiszan\/product\/ohrringe-bunte-holzknoepfe-2\/"},"modified":"2025-04-17T23:11:46","modified_gmt":"2025-04-17T21:11:46","slug":"ohrringe-bunte-holzknoepfe-2","status":"publish","type":"product","link":"https:\/\/www.regionalis.shop\/kunsthandwerk-johann-haiszan\/shop\/ohrringe-bunte-holzknoepfe-2\/","title":{"rendered":"Ohrringe bunte Holzkn\u00f6pfe"},"content":{"rendered":"<p>Diese wundersch\u00f6nen und zugleich einzigartigen Ohrringe aus bemalten Holzkn\u00f6pfen sind weltweit ein Unikat und g\u00e4nzlich handgefertigt.<\/p>\n<p>In dieser Form und Zusammenstellung sind sie der Hingucker schlechthin. Damit sie angenehm und federleicht zu tragen sind, wurden sie sehr d\u00fcnn gefertigt.<\/p>\n","protected":false},"excerpt":{"rendered":"<p>Diese wundersch\u00f6nen und zugleich einzigartigen Ohrringe aus bemalten Holzkn\u00f6pfen sind weltweit ein Unikat und g\u00e4nzlich handgefertigt. In dieser Form und Zusammenstellung sind sie der Hingucker schlechthin. Damit sie angenehm und federleicht zu tragen sind, wurden sie sehr d\u00fcnn gefertigt.<\/p>\n","protected":false},"featured_media":1538,"template":"","meta":{"_acf_changed":false},"product_brand":[],"product_cat":[163,70],"product_tag":[],"class_list":{"0":"post-1537","1":"product","2":"type-product","3":"status-publish","4":"has-post-thumbnail","6":"product_cat-ohrringe","7":"product_cat-schmuck","9":"first","10":"instock","11":"purchasable","12":"product-type-simple"},"acf":[],"_links":{"self":[{"href":"https:\/\/www.regionalis.shop\/kunsthandwerk-johann-haiszan\/wp-json\/wp\/v2\/product\/1537","targetHints":{"allow":["GET"]}}],"collection":[{"href":"https:\/\/www.regionalis.shop\/kunsthandwerk-johann-haiszan\/wp-json\/wp\/v2\/product"}],"about":[{"href":"https:\/\/www.regionalis.shop\/kunsthandwerk-johann-haiszan\/wp-json\/wp\/v2\/types\/product"}],"wp:featuredmedia":[{"embeddable":true,"href":"https:\/\/www.regionalis.shop\/kunsthandwerk-johann-haiszan\/wp-json\/wp\/v2\/media\/1538"}],"wp:attachment":[{"href":"https:\/\/www.regionalis.shop\/kunsthandwerk-johann-haiszan\/wp-json\/wp\/v2\/media?parent=1537"}],"wp:term":[{"taxonomy":"product_brand","embeddable":true,"href":"https:\/\/www.regionalis.shop\/kunsthandwerk-johann-haiszan\/wp-json\/wp\/v2\/product_brand?post=1537"},{"taxonomy":"product_cat","embeddable":true,"href":"https:\/\/www.regionalis.shop\/kunsthandwerk-johann-haiszan\/wp-json\/wp\/v2\/product_cat?post=1537"},{"taxonomy":"product_tag","embeddable":true,"href":"https:\/\/www.regionalis.shop\/kunsthandwerk-johann-haiszan\/wp-json\/wp\/v2\/product_tag?post=1537"}],"curies":[{"name":"wp","href":"https:\/\/api.w.org\/{rel}","templated":true}]}}