{"id":1552,"date":"2025-04-17T23:10:52","date_gmt":"2025-04-17T21:10:52","guid":{"rendered":"https:\/\/www.regionalis.shop\/kunsthandwerk-johann-haiszan\/product\/armreifen-aus-4-holzarten-2\/"},"modified":"2025-04-17T23:10:52","modified_gmt":"2025-04-17T21:10:52","slug":"armreifen-aus-4-holzarten-2","status":"publish","type":"product","link":"https:\/\/www.regionalis.shop\/kunsthandwerk-johann-haiszan\/shop\/armreifen-aus-4-holzarten-2\/","title":{"rendered":"Armreifen aus 4 Holzarten"},"content":{"rendered":"<p>Dieser wundersch\u00f6ne und zugleich einzigartige Armreifen ist weltweit ein Unikat und g\u00e4nzlich handgefertigt. In dieser Form und Holzzusammenstellung ist er der Hingucker schlechthin.<\/p>\n<p>Um das Holz so richtig strahlen zu lassen, wurde es ge\u00f6lt und danach eine gesundheits- und umweltunbedenkliche aber feuchtigkeits-, speichel- und schwei\u00dfresistente Versiegelung aufgetragen und diese anschlie\u00dfend auf Hochglanz poliert.<\/p>\n<p>Innendurchmesser 68mm, Au\u00dfendurchmesser 88mm.<\/p>\n<p>Verwendet wurden die H\u00f6lzer Nussbaum (Juglans regia), Wenge (Millettia laurentii), Esche (Fraxinus excelsior), Teakholz (Tectona grandis) und Ahorn (Acer pseudoplatanus).<\/p>\n","protected":false},"excerpt":{"rendered":"<p>Dieser wundersch\u00f6ne und zugleich einzigartige Armreifen ist weltweit ein Unikat und g\u00e4nzlich handgefertigt. In dieser Form und Holzzusammenstellung ist er der Hingucker schlechthin. Um das Holz so richtig strahlen zu lassen, wurde es ge\u00f6lt und danach eine gesundheits- und umweltunbedenkliche aber feuchtigkeits-, speichel- und schwei\u00dfresistente Versiegelung aufgetragen und diese anschlie\u00dfend auf Hochglanz poliert. Innendurchmesser 68mm, &hellip; <a href=\"https:\/\/www.regionalis.shop\/kunsthandwerk-johann-haiszan\/shop\/armreifen-aus-4-holzarten-2\/\">Continued<\/a><\/p>\n","protected":false},"featured_media":1553,"template":"","meta":{"_acf_changed":false},"product_brand":[],"product_cat":[110,70],"product_tag":[],"class_list":{"0":"post-1552","1":"product","2":"type-product","3":"status-publish","4":"has-post-thumbnail","6":"product_cat-armbaender","7":"product_cat-schmuck","9":"first","10":"instock","11":"purchasable","12":"product-type-simple"},"acf":[],"_links":{"self":[{"href":"https:\/\/www.regionalis.shop\/kunsthandwerk-johann-haiszan\/wp-json\/wp\/v2\/product\/1552","targetHints":{"allow":["GET"]}}],"collection":[{"href":"https:\/\/www.regionalis.shop\/kunsthandwerk-johann-haiszan\/wp-json\/wp\/v2\/product"}],"about":[{"href":"https:\/\/www.regionalis.shop\/kunsthandwerk-johann-haiszan\/wp-json\/wp\/v2\/types\/product"}],"wp:featuredmedia":[{"embeddable":true,"href":"https:\/\/www.regionalis.shop\/kunsthandwerk-johann-haiszan\/wp-json\/wp\/v2\/media\/1553"}],"wp:attachment":[{"href":"https:\/\/www.regionalis.shop\/kunsthandwerk-johann-haiszan\/wp-json\/wp\/v2\/media?parent=1552"}],"wp:term":[{"taxonomy":"product_brand","embeddable":true,"href":"https:\/\/www.regionalis.shop\/kunsthandwerk-johann-haiszan\/wp-json\/wp\/v2\/product_brand?post=1552"},{"taxonomy":"product_cat","embeddable":true,"href":"https:\/\/www.regionalis.shop\/kunsthandwerk-johann-haiszan\/wp-json\/wp\/v2\/product_cat?post=1552"},{"taxonomy":"product_tag","embeddable":true,"href":"https:\/\/www.regionalis.shop\/kunsthandwerk-johann-haiszan\/wp-json\/wp\/v2\/product_tag?post=1552"}],"curies":[{"name":"wp","href":"https:\/\/api.w.org\/{rel}","templated":true}]}}