{"id":3,"date":"2023-10-31T09:02:46","date_gmt":"2023-10-31T09:02:46","guid":{"rendered":"https:\/\/stage.shop-it.at\/?page_id=3"},"modified":"2025-10-23T16:29:26","modified_gmt":"2025-10-23T14:29:26","slug":"datenschutzerklarung","status":"publish","type":"page","link":"https:\/\/www.regionalis.shop\/laendle-liebelei\/datenschutzerklarung\/","title":{"rendered":"Datenschutzerkl\u00e4rung"},"content":{"rendered":"<section>\n            <p>Hallo. Ich bin &#8211;Isabelle Franchina,&#8211; Grafikerin aus R\u00f6this in Vorarlberg. Durch meinen Beruf habe ich eine Schw\u00e4che f\u00fcr Typografie, doch leider l\u00e4sst sich per Mausklick nicht jede kreative Idee individuell umsetzen. Daher habe ich 2018 mit dem \/\/Handlettering\/\/ begonnen. Schon beim ersten Strich wusste ich, dass diese Art der Gestaltung meine Liebe zum Detail mit meiner Bastel-Leidenschaft vereint. Nach vielen \u00dcbungsstunden und noch mehr strahlenden Gesichtern der Beschenkten, habe ich im J\u00e4nner 2019 die &#8211;L\u00e4ndle Liebelei&#8211; gegr\u00fcndet.<br \/>\n&#8211;Seither kreiere ich Geburts- und Erinnerungsbilder f\u00fcr Babies, Karten und Papeterie f\u00fcr jeden Anlass und Geschenksideen aller Art.&#8211;<\/p>\n\n    <\/section>","protected":false},"excerpt":{"rendered":"","protected":false},"author":1,"featured_media":0,"parent":0,"menu_order":0,"comment_status":"closed","ping_status":"closed","template":"","meta":{"_acf_changed":false,"footnotes":""},"class_list":["post-3","page","type-page","status-publish","hentry"],"acf":[],"_links":{"self":[{"href":"https:\/\/www.regionalis.shop\/laendle-liebelei\/wp-json\/wp\/v2\/pages\/3","targetHints":{"allow":["GET"]}}],"collection":[{"href":"https:\/\/www.regionalis.shop\/laendle-liebelei\/wp-json\/wp\/v2\/pages"}],"about":[{"href":"https:\/\/www.regionalis.shop\/laendle-liebelei\/wp-json\/wp\/v2\/types\/page"}],"author":[{"embeddable":true,"href":"https:\/\/www.regionalis.shop\/laendle-liebelei\/wp-json\/wp\/v2\/users\/1"}],"replies":[{"embeddable":true,"href":"https:\/\/www.regionalis.shop\/laendle-liebelei\/wp-json\/wp\/v2\/comments?post=3"}],"version-history":[{"count":4,"href":"https:\/\/www.regionalis.shop\/laendle-liebelei\/wp-json\/wp\/v2\/pages\/3\/revisions"}],"predecessor-version":[{"id":1047,"href":"https:\/\/www.regionalis.shop\/laendle-liebelei\/wp-json\/wp\/v2\/pages\/3\/revisions\/1047"}],"wp:attachment":[{"href":"https:\/\/www.regionalis.shop\/laendle-liebelei\/wp-json\/wp\/v2\/media?parent=3"}],"curies":[{"name":"wp","href":"https:\/\/api.w.org\/{rel}","templated":true}]}}