{"id":862,"date":"2025-05-24T13:44:06","date_gmt":"2025-05-24T11:44:06","guid":{"rendered":"https:\/\/starter.stage.shop-it.at\/?page_id=862"},"modified":"2025-10-23T15:21:37","modified_gmt":"2025-10-23T13:21:37","slug":"startseite","status":"publish","type":"page","link":"https:\/\/www.regionalis.shop\/laendle-liebelei\/","title":{"rendered":"Startseite"},"content":{"rendered":"<section>\n        <div class=\"header-image\">\n            <img decoding=\"async\" src=\"https:\/\/www.regionalis.shop\/app\/uploads\/sites\/334\/634_2019_08_26_13_28_54_802363370.jpg\" alt=\"\">\n        <\/div>\n    \n    <\/section>\n    <section>\n    <div class=\"header-title\">\n        <h1 class=\"h2\">Willkommen bei L\u00e4ndle Liebelei<\/h1>\n    <\/div>\n            <h2 class=\"h3\">Handgemacht in R\u00f6this<\/h2>\n                <p>Hallo. Ich bin &#8211;Isabelle Franchina,&#8211; Grafikerin aus R\u00f6this in Vorarlberg. Durch meinen Beruf habe ich eine Schw\u00e4che f\u00fcr Typografie, doch leider l\u00e4sst sich per Mausklick nicht jede kreative Idee individuell umsetzen. Daher habe ich 2018 mit dem \/\/Handlettering\/\/ begonnen. Schon beim ersten Strich wusste ich, dass diese Art der Gestaltung meine Liebe zum Detail mit meiner Bastel-Leidenschaft vereint. Nach vielen \u00dcbungsstunden und noch mehr strahlenden Gesichtern der Beschenkten, habe ich im J\u00e4nner 2019 die &#8211;L\u00e4ndle Liebelei&#8211; gegr\u00fcndet.<br \/>\n&#8211;Seither kreiere ich Geburts- und Erinnerungsbilder f\u00fcr Babies, Karten und Papeterie f\u00fcr jeden Anlass und Geschenksideen aller Art.&#8211;<\/p>\n\n    \n    <h3>Produkte<\/h3>\n\n    <div class=\"woocommerce columns-3 \"><ul class=\"products columns-3\">\n<li class=\"product type-product post-1062 status-publish first instock product_cat-wohndekoration product_cat-wohnen-deko has-post-thumbnail purchasable product-type-simple\">\n\t<a href=\"https:\/\/www.regionalis.shop\/laendle-liebelei\/shop\/holzschild-home\/\" class=\"woocommerce-LoopProduct-link woocommerce-loop-product__link\"><div class=\"wc-block-grid__product-image\"><img loading=\"lazy\" decoding=\"async\" width=\"420\" height=\"420\" src=\"https:\/\/www.regionalis.shop\/app\/uploads\/sites\/334\/634_2020_02_12_10_31_01_445789907.jpg\" class=\"attachment-large size-large\" alt=\"Holzschild &quot;Home&quot;\" srcset=\"https:\/\/www.regionalis.shop\/app\/uploads\/sites\/334\/634_2020_02_12_10_31_01_445789907.jpg 420w, https:\/\/www.regionalis.shop\/app\/uploads\/sites\/334\/634_2020_02_12_10_31_01_445789907-300x300.jpg 300w, https:\/\/www.regionalis.shop\/app\/uploads\/sites\/334\/634_2020_02_12_10_31_01_445789907-150x150.jpg 150w, https:\/\/www.regionalis.shop\/app\/uploads\/sites\/334\/634_2020_02_12_10_31_01_445789907-100x100.jpg 100w\" sizes=\"auto, (max-width: 420px) 100vw, 420px\" \/><\/div><h2 class=\"woocommerce-loop-product__title\">Holzschild &#8222;Home&#8220;<\/h2>\n\t<span class=\"price\"><span class=\"woocommerce-Price-amount amount\"><bdi>29,50&nbsp;<span class=\"woocommerce-Price-currencySymbol\">&euro;<\/span><\/bdi><\/span><\/span>\n<\/a><\/li>\n<li class=\"product type-product post-1058 status-publish instock product_cat-wohndekoration product_cat-wohnen-deko has-post-thumbnail purchasable product-type-simple\">\n\t<a href=\"https:\/\/www.regionalis.shop\/laendle-liebelei\/shop\/holzschild-willkommen\/\" class=\"woocommerce-LoopProduct-link woocommerce-loop-product__link\"><div class=\"wc-block-grid__product-image\"><img loading=\"lazy\" decoding=\"async\" width=\"420\" height=\"420\" src=\"https:\/\/www.regionalis.shop\/app\/uploads\/sites\/334\/634_2020_02_19_16_12_53_805541375.jpeg\" class=\"attachment-large size-large\" alt=\"Holzschild &quot;Willkommen&quot;\" srcset=\"https:\/\/www.regionalis.shop\/app\/uploads\/sites\/334\/634_2020_02_19_16_12_53_805541375.jpeg 420w, https:\/\/www.regionalis.shop\/app\/uploads\/sites\/334\/634_2020_02_19_16_12_53_805541375-300x300.jpeg 300w, https:\/\/www.regionalis.shop\/app\/uploads\/sites\/334\/634_2020_02_19_16_12_53_805541375-150x150.jpeg 150w, https:\/\/www.regionalis.shop\/app\/uploads\/sites\/334\/634_2020_02_19_16_12_53_805541375-100x100.jpeg 100w\" sizes=\"auto, (max-width: 420px) 100vw, 420px\" \/><\/div><h2 class=\"woocommerce-loop-product__title\">Holzschild &#8222;Willkommen&#8220;<\/h2>\n\t<span class=\"price\"><span class=\"woocommerce-Price-amount amount\"><bdi>29,50&nbsp;<span class=\"woocommerce-Price-currencySymbol\">&euro;<\/span><\/bdi><\/span><\/span>\n<\/a><\/li>\n<li class=\"product type-product post-1054 status-publish last instock product_cat-wohndekoration product_cat-wohnen-deko has-post-thumbnail purchasable product-type-simple\">\n\t<a href=\"https:\/\/www.regionalis.shop\/laendle-liebelei\/shop\/holzschild-dahoam\/\" class=\"woocommerce-LoopProduct-link woocommerce-loop-product__link\"><div class=\"wc-block-grid__product-image\"><img loading=\"lazy\" decoding=\"async\" width=\"420\" height=\"420\" src=\"https:\/\/www.regionalis.shop\/app\/uploads\/sites\/334\/634_2020_02_12_10_26_58_594883975.jpg\" class=\"attachment-large size-large\" alt=\"Holzschild &quot;Dahoam&quot;\" srcset=\"https:\/\/www.regionalis.shop\/app\/uploads\/sites\/334\/634_2020_02_12_10_26_58_594883975.jpg 420w, https:\/\/www.regionalis.shop\/app\/uploads\/sites\/334\/634_2020_02_12_10_26_58_594883975-300x300.jpg 300w, https:\/\/www.regionalis.shop\/app\/uploads\/sites\/334\/634_2020_02_12_10_26_58_594883975-150x150.jpg 150w, https:\/\/www.regionalis.shop\/app\/uploads\/sites\/334\/634_2020_02_12_10_26_58_594883975-100x100.jpg 100w\" sizes=\"auto, (max-width: 420px) 100vw, 420px\" \/><\/div><h2 class=\"woocommerce-loop-product__title\">Holzschild &#8222;Dahoam&#8220;<\/h2>\n\t<span class=\"price\"><span class=\"woocommerce-Price-amount amount\"><bdi>29,50&nbsp;<span class=\"woocommerce-Price-currencySymbol\">&euro;<\/span><\/bdi><\/span><\/span>\n<\/a><\/li>\n<\/ul>\n<\/div>\n    <p>\n        <a href=\"https:\/\/www.regionalis.shop\/laendle-liebelei\/shop\/\" class=\"btn btn-primary btn-icon-right\">\n            Alle Produkte <i class=\"bi bi-arrow-right-short\"><\/i>\n        <\/a>\n    <\/p>\n<\/section>\n\n<div data-block-name=\"woocommerce\/store-notices\" class=\"wc-block-store-notices woocommerce alignwide alignwide wp-block-woocommerce-store-notices\"><div class=\"woocommerce-notices-wrapper\"><\/div><\/div>","protected":false},"excerpt":{"rendered":"","protected":false},"author":1,"featured_media":0,"parent":0,"menu_order":0,"comment_status":"closed","ping_status":"closed","template":"template-home.blade.php","meta":{"_acf_changed":false,"footnotes":""},"class_list":["post-862","page","type-page","status-publish","hentry"],"acf":[],"_links":{"self":[{"href":"https:\/\/www.regionalis.shop\/laendle-liebelei\/wp-json\/wp\/v2\/pages\/862","targetHints":{"allow":["GET"]}}],"collection":[{"href":"https:\/\/www.regionalis.shop\/laendle-liebelei\/wp-json\/wp\/v2\/pages"}],"about":[{"href":"https:\/\/www.regionalis.shop\/laendle-liebelei\/wp-json\/wp\/v2\/types\/page"}],"author":[{"embeddable":true,"href":"https:\/\/www.regionalis.shop\/laendle-liebelei\/wp-json\/wp\/v2\/users\/1"}],"replies":[{"embeddable":true,"href":"https:\/\/www.regionalis.shop\/laendle-liebelei\/wp-json\/wp\/v2\/comments?post=862"}],"version-history":[{"count":28,"href":"https:\/\/www.regionalis.shop\/laendle-liebelei\/wp-json\/wp\/v2\/pages\/862\/revisions"}],"predecessor-version":[{"id":1041,"href":"https:\/\/www.regionalis.shop\/laendle-liebelei\/wp-json\/wp\/v2\/pages\/862\/revisions\/1041"}],"wp:attachment":[{"href":"https:\/\/www.regionalis.shop\/laendle-liebelei\/wp-json\/wp\/v2\/media?parent=862"}],"curies":[{"name":"wp","href":"https:\/\/api.w.org\/{rel}","templated":true}]}}