{"id":1066,"date":"2025-04-28T03:56:41","date_gmt":"2025-04-28T01:56:41","guid":{"rendered":"https:\/\/www.regionalis.shop\/laendle-liebelei\/product\/klappkarte-konfetti\/"},"modified":"2025-04-28T03:56:41","modified_gmt":"2025-04-28T01:56:41","slug":"klappkarte-konfetti","status":"publish","type":"product","link":"https:\/\/www.regionalis.shop\/laendle-liebelei\/shop\/klappkarte-konfetti\/","title":{"rendered":"Klappkarte &#8222;Konfetti&#8220;"},"content":{"rendered":"<p>&#8211;Klappkarte mit Hei\u00dfpr\u00e4gefolie in Ros\u00e9gold inkl. farbigem Kuvert und Konfetti.&#8211;<\/p>\n<p>&#8211;Format:&#8211; A6 (148 x 105 mm) mit abgerundeten Ecken.<\/p>\n<p>\u201eF\u00fcr dich soll\u2019s heute Konfetti regnen\u201c \u2013 ein Spruch der sowohl f\u00fcr Geburtstage, bestandene Pr\u00fcfungen und auch einfach so passt! Der Schriftzug wurde liebevoll von Hand geschrieben und digitalisiert. Das hochwertige 340g Papier wurde zus\u00e4tzlich mit Hei\u00dfpr\u00e4gefolie in Ros\u00e9gold veredelt. Um dem Spruch mehr Ausdruck zu verleihen darf eines nat\u00fcrlich nicht fehlen: KONFETTI! Das gibt\u2019s mit dazu. Das farbige Kuvert (Wunschfarbe frei w\u00e4hlbar) ist selbstverst\u00e4ndlich auch dabei.<\/p>\n","protected":false},"excerpt":{"rendered":"<p>&#8211;Klappkarte mit Hei\u00dfpr\u00e4gefolie in Ros\u00e9gold inkl. farbigem Kuvert und Konfetti.&#8211; &#8211;Format:&#8211; A6 (148 x 105 mm) mit abgerundeten Ecken. \u201eF\u00fcr dich soll\u2019s heute Konfetti regnen\u201c \u2013 ein Spruch der sowohl f\u00fcr Geburtstage, bestandene Pr\u00fcfungen und auch einfach so passt! Der Schriftzug wurde liebevoll von Hand geschrieben und digitalisiert. Das hochwertige 340g Papier wurde zus\u00e4tzlich mit &hellip; <a href=\"https:\/\/www.regionalis.shop\/laendle-liebelei\/shop\/klappkarte-konfetti\/\">Continued<\/a><\/p>\n","protected":false},"featured_media":1067,"template":"","meta":{"_acf_changed":false},"product_brand":[],"product_cat":[162,83],"product_tag":[],"class_list":{"0":"post-1066","1":"product","2":"type-product","3":"status-publish","4":"has-post-thumbnail","6":"product_cat-null","7":"product_cat-sonstiges","9":"first","10":"instock","11":"purchasable","12":"product-type-simple"},"acf":[],"_links":{"self":[{"href":"https:\/\/www.regionalis.shop\/laendle-liebelei\/wp-json\/wp\/v2\/product\/1066","targetHints":{"allow":["GET"]}}],"collection":[{"href":"https:\/\/www.regionalis.shop\/laendle-liebelei\/wp-json\/wp\/v2\/product"}],"about":[{"href":"https:\/\/www.regionalis.shop\/laendle-liebelei\/wp-json\/wp\/v2\/types\/product"}],"wp:featuredmedia":[{"embeddable":true,"href":"https:\/\/www.regionalis.shop\/laendle-liebelei\/wp-json\/wp\/v2\/media\/1067"}],"wp:attachment":[{"href":"https:\/\/www.regionalis.shop\/laendle-liebelei\/wp-json\/wp\/v2\/media?parent=1066"}],"wp:term":[{"taxonomy":"product_brand","embeddable":true,"href":"https:\/\/www.regionalis.shop\/laendle-liebelei\/wp-json\/wp\/v2\/product_brand?post=1066"},{"taxonomy":"product_cat","embeddable":true,"href":"https:\/\/www.regionalis.shop\/laendle-liebelei\/wp-json\/wp\/v2\/product_cat?post=1066"},{"taxonomy":"product_tag","embeddable":true,"href":"https:\/\/www.regionalis.shop\/laendle-liebelei\/wp-json\/wp\/v2\/product_tag?post=1066"}],"curies":[{"name":"wp","href":"https:\/\/api.w.org\/{rel}","templated":true}]}}