{"id":1075,"date":"2025-04-18T01:39:44","date_gmt":"2025-04-17T23:39:44","guid":{"rendered":"https:\/\/www.regionalis.shop\/laendle-liebelei\/product\/glasuntersetzer-6er-set-filz\/"},"modified":"2025-04-18T01:39:44","modified_gmt":"2025-04-17T23:39:44","slug":"glasuntersetzer-6er-set-filz","status":"publish","type":"product","link":"https:\/\/www.regionalis.shop\/laendle-liebelei\/shop\/glasuntersetzer-6er-set-filz\/","title":{"rendered":"Glasuntersetzer 6er-Set Filz"},"content":{"rendered":"<p>Alle Schriftz\u00fcge wurden mit viel Liebe von Hand geschrieben, digitalisiert und auf die Untersetzer \u00fcbertragen.<\/p>\n<p>&#8211;Eigenschaften:&#8211;<br \/>\n&#8211; Durchmesser: ca. 10 cm<br \/>\n&#8211; Dicke: ca. 0,5 cm<br \/>\n&#8211; Material: Filz<br \/>\n&#8211; Farbe: Anthrazit<br \/>\n&#8211; Druck: Flexfolie, wei\u00df<br \/>\n&#8211; 6er Set mit 6 unterschiedlichen Spr\u00fcchen<br \/>\n&#8211; inkl. schickem Aufbewahrungsbeutel<\/p>\n<p>&#8211;Pflegehinweis:&#8211;<br \/>\nBei starker Verschmutzung k\u00f6nnen die Untersetzer auch in der Waschmaschine geschwaschen werden (30\u00b0 im Wollwaschgang).<\/p>\n","protected":false},"excerpt":{"rendered":"<p>Alle Schriftz\u00fcge wurden mit viel Liebe von Hand geschrieben, digitalisiert und auf die Untersetzer \u00fcbertragen. &#8211;Eigenschaften:&#8211; &#8211; Durchmesser: ca. 10 cm &#8211; Dicke: ca. 0,5 cm &#8211; Material: Filz &#8211; Farbe: Anthrazit &#8211; Druck: Flexfolie, wei\u00df &#8211; 6er Set mit 6 unterschiedlichen Spr\u00fcchen &#8211; inkl. schickem Aufbewahrungsbeutel &#8211;Pflegehinweis:&#8211; Bei starker Verschmutzung k\u00f6nnen die Untersetzer auch &hellip; <a href=\"https:\/\/www.regionalis.shop\/laendle-liebelei\/shop\/glasuntersetzer-6er-set-filz\/\">Continued<\/a><\/p>\n","protected":false},"featured_media":1076,"template":"","meta":{"_acf_changed":false},"product_brand":[],"product_cat":[127,103],"product_tag":[],"class_list":{"0":"post-1075","1":"product","2":"type-product","3":"status-publish","4":"has-post-thumbnail","6":"product_cat-essen-trinken","7":"product_cat-wohnen-deko","9":"first","10":"instock","11":"purchasable","12":"product-type-simple"},"acf":[],"_links":{"self":[{"href":"https:\/\/www.regionalis.shop\/laendle-liebelei\/wp-json\/wp\/v2\/product\/1075","targetHints":{"allow":["GET"]}}],"collection":[{"href":"https:\/\/www.regionalis.shop\/laendle-liebelei\/wp-json\/wp\/v2\/product"}],"about":[{"href":"https:\/\/www.regionalis.shop\/laendle-liebelei\/wp-json\/wp\/v2\/types\/product"}],"wp:featuredmedia":[{"embeddable":true,"href":"https:\/\/www.regionalis.shop\/laendle-liebelei\/wp-json\/wp\/v2\/media\/1076"}],"wp:attachment":[{"href":"https:\/\/www.regionalis.shop\/laendle-liebelei\/wp-json\/wp\/v2\/media?parent=1075"}],"wp:term":[{"taxonomy":"product_brand","embeddable":true,"href":"https:\/\/www.regionalis.shop\/laendle-liebelei\/wp-json\/wp\/v2\/product_brand?post=1075"},{"taxonomy":"product_cat","embeddable":true,"href":"https:\/\/www.regionalis.shop\/laendle-liebelei\/wp-json\/wp\/v2\/product_cat?post=1075"},{"taxonomy":"product_tag","embeddable":true,"href":"https:\/\/www.regionalis.shop\/laendle-liebelei\/wp-json\/wp\/v2\/product_tag?post=1075"}],"curies":[{"name":"wp","href":"https:\/\/api.w.org\/{rel}","templated":true}]}}