{"id":1052,"date":"2025-04-18T01:30:54","date_gmt":"2025-04-17T23:30:54","guid":{"rendered":"https:\/\/www.regionalis.shop\/laser-styling\/product\/bild-gravur\/"},"modified":"2025-04-18T01:30:54","modified_gmt":"2025-04-17T23:30:54","slug":"bild-gravur","status":"publish","type":"product","link":"https:\/\/www.regionalis.shop\/laser-styling\/shop\/bild-gravur\/","title":{"rendered":"Bild Gravur"},"content":{"rendered":"<p>Bildergravur per Laser.<br \/>\nDas perfekte Geschenk f\u00fcr jeden Anlass oder als Einzelst\u00fcck f\u00fcr Deinen Wohnbereich.<\/p>\n<p>Derzeit ca. 25 Jahre alte Kirsche verf\u00fcgbar, leicht &#8222;wurmstichig&#8220;, Bild versiegelt inkl. Bohrung an der R\u00fcckseite zum aufh\u00e4ngen.<br \/>\nCa 25x22cm &#8211; weitere Gr\u00f6\u00dfen auf Anfrage.<\/p>\n<p>Sende uns einfach Dein Wunschfoto oder Motiv per Mail an laserstyling@gmx.at &#038; wir fertigen Dein Einzelst\u00fcck. Gerne auch Mit einem Text dazu &#8211; wir haben 10 verschiedene Arten.<\/p>\n<p>Dein Laser Styling Team<\/p>\n","protected":false},"excerpt":{"rendered":"<p>Bildergravur per Laser. Das perfekte Geschenk f\u00fcr jeden Anlass oder als Einzelst\u00fcck f\u00fcr Deinen Wohnbereich. Derzeit ca. 25 Jahre alte Kirsche verf\u00fcgbar, leicht &#8222;wurmstichig&#8220;, Bild versiegelt inkl. Bohrung an der R\u00fcckseite zum aufh\u00e4ngen. Ca 25x22cm &#8211; weitere Gr\u00f6\u00dfen auf Anfrage. Sende uns einfach Dein Wunschfoto oder Motiv per Mail an laserstyling@gmx.at &#038; wir fertigen Dein &hellip; <a href=\"https:\/\/www.regionalis.shop\/laser-styling\/shop\/bild-gravur\/\">Continued<\/a><\/p>\n","protected":false},"featured_media":1053,"template":"","meta":{"_acf_changed":false},"product_brand":[],"product_cat":[174,103],"product_tag":[],"class_list":{"0":"post-1052","1":"product","2":"type-product","3":"status-publish","4":"has-post-thumbnail","6":"product_cat-wohndekoration","7":"product_cat-wohnen-deko","9":"first","10":"instock","11":"purchasable","12":"product-type-simple"},"acf":[],"_links":{"self":[{"href":"https:\/\/www.regionalis.shop\/laser-styling\/wp-json\/wp\/v2\/product\/1052","targetHints":{"allow":["GET"]}}],"collection":[{"href":"https:\/\/www.regionalis.shop\/laser-styling\/wp-json\/wp\/v2\/product"}],"about":[{"href":"https:\/\/www.regionalis.shop\/laser-styling\/wp-json\/wp\/v2\/types\/product"}],"wp:featuredmedia":[{"embeddable":true,"href":"https:\/\/www.regionalis.shop\/laser-styling\/wp-json\/wp\/v2\/media\/1053"}],"wp:attachment":[{"href":"https:\/\/www.regionalis.shop\/laser-styling\/wp-json\/wp\/v2\/media?parent=1052"}],"wp:term":[{"taxonomy":"product_brand","embeddable":true,"href":"https:\/\/www.regionalis.shop\/laser-styling\/wp-json\/wp\/v2\/product_brand?post=1052"},{"taxonomy":"product_cat","embeddable":true,"href":"https:\/\/www.regionalis.shop\/laser-styling\/wp-json\/wp\/v2\/product_cat?post=1052"},{"taxonomy":"product_tag","embeddable":true,"href":"https:\/\/www.regionalis.shop\/laser-styling\/wp-json\/wp\/v2\/product_tag?post=1052"}],"curies":[{"name":"wp","href":"https:\/\/api.w.org\/{rel}","templated":true}]}}