{"id":1057,"date":"2025-04-18T01:30:54","date_gmt":"2025-04-17T23:30:54","guid":{"rendered":"https:\/\/www.regionalis.shop\/laser-styling\/product\/trophaeenschild-jagd\/"},"modified":"2025-04-18T01:30:54","modified_gmt":"2025-04-17T23:30:54","slug":"trophaeenschild-jagd","status":"publish","type":"product","link":"https:\/\/www.regionalis.shop\/laser-styling\/shop\/trophaeenschild-jagd\/","title":{"rendered":"Troph\u00e4enschild Jagd"},"content":{"rendered":"<p>Troph\u00e4enschild Rehbock.<\/p>\n<p>Gravur Deines beigestellten Schildes 15,-<\/p>\n<p>Troph\u00e4enschild\/Troph\u00e4enbrett aus L\u00e4rchenholz mit Wunschgravur. Abmessung ca. 28&#215;13 cm Oberfl\u00e4che lackiert mit Bohrung an der R\u00fcckseite. Wir gravieren Ihr Wunschdatum und\/oder Wunschtext! Der Hingucker an jeder Wand &#8211; ein MUSS f\u00fcr jeden J\u00e4ger\/J\u00e4gerin! Eine perfekte Erg\u00e4nzung f\u00fcr Deine Troph\u00e4en.<br \/>\nSende uns Dein Datum und\/oder Deinen Wunschtext per Mail an laserstyling@gmx.at<\/p>\n<p>Dein Laser Styling Team<\/p>\n","protected":false},"excerpt":{"rendered":"<p>Troph\u00e4enschild Rehbock. Gravur Deines beigestellten Schildes 15,- Troph\u00e4enschild\/Troph\u00e4enbrett aus L\u00e4rchenholz mit Wunschgravur. Abmessung ca. 28&#215;13 cm Oberfl\u00e4che lackiert mit Bohrung an der R\u00fcckseite. Wir gravieren Ihr Wunschdatum und\/oder Wunschtext! Der Hingucker an jeder Wand &#8211; ein MUSS f\u00fcr jeden J\u00e4ger\/J\u00e4gerin! Eine perfekte Erg\u00e4nzung f\u00fcr Deine Troph\u00e4en. Sende uns Dein Datum und\/oder Deinen Wunschtext per Mail &hellip; <a href=\"https:\/\/www.regionalis.shop\/laser-styling\/shop\/trophaeenschild-jagd\/\">Continued<\/a><\/p>\n","protected":false},"featured_media":1058,"template":"","meta":{"_acf_changed":false},"product_brand":[],"product_cat":[162,83],"product_tag":[],"class_list":{"0":"post-1057","1":"product","2":"type-product","3":"status-publish","4":"has-post-thumbnail","6":"product_cat-null","7":"product_cat-sonstiges","9":"first","10":"instock","11":"purchasable","12":"product-type-simple"},"acf":[],"_links":{"self":[{"href":"https:\/\/www.regionalis.shop\/laser-styling\/wp-json\/wp\/v2\/product\/1057","targetHints":{"allow":["GET"]}}],"collection":[{"href":"https:\/\/www.regionalis.shop\/laser-styling\/wp-json\/wp\/v2\/product"}],"about":[{"href":"https:\/\/www.regionalis.shop\/laser-styling\/wp-json\/wp\/v2\/types\/product"}],"wp:featuredmedia":[{"embeddable":true,"href":"https:\/\/www.regionalis.shop\/laser-styling\/wp-json\/wp\/v2\/media\/1058"}],"wp:attachment":[{"href":"https:\/\/www.regionalis.shop\/laser-styling\/wp-json\/wp\/v2\/media?parent=1057"}],"wp:term":[{"taxonomy":"product_brand","embeddable":true,"href":"https:\/\/www.regionalis.shop\/laser-styling\/wp-json\/wp\/v2\/product_brand?post=1057"},{"taxonomy":"product_cat","embeddable":true,"href":"https:\/\/www.regionalis.shop\/laser-styling\/wp-json\/wp\/v2\/product_cat?post=1057"},{"taxonomy":"product_tag","embeddable":true,"href":"https:\/\/www.regionalis.shop\/laser-styling\/wp-json\/wp\/v2\/product_tag?post=1057"}],"curies":[{"name":"wp","href":"https:\/\/api.w.org\/{rel}","templated":true}]}}