{"id":1060,"date":"2025-04-18T01:30:54","date_gmt":"2025-04-17T23:30:54","guid":{"rendered":"https:\/\/www.regionalis.shop\/laser-styling\/product\/stallschild-boxenschild-pferdeschild\/"},"modified":"2025-04-18T01:30:54","modified_gmt":"2025-04-17T23:30:54","slug":"stallschild-boxenschild-pferdeschild","status":"publish","type":"product","link":"https:\/\/www.regionalis.shop\/laser-styling\/shop\/stallschild-boxenschild-pferdeschild\/","title":{"rendered":"Stallschild, Boxenschild, Pferdeschild"},"content":{"rendered":"<p>Der Blickfang&#8230;<br \/>\nDerzeit 25 Jahre alte Kirsche verf\u00fcgbar, leicht &#8222;wurmstichig&#8220;, Bild versiegelt inkl. Bohrung an der R\u00fcckseite zum aufh\u00e4ngen.<br \/>\nCa 25x22cm &#8211; weitere Gr\u00f6\u00dfen auf Anfrage.<br \/>\nSende uns Deine Daten &#038; Dein Foto per Mail &#038; wir fertigen Dein Einzelst\u00fcck.<\/p>\n<p>Dein Laser Styling Team<\/p>\n","protected":false},"excerpt":{"rendered":"<p>Der Blickfang&#8230; Derzeit 25 Jahre alte Kirsche verf\u00fcgbar, leicht &#8222;wurmstichig&#8220;, Bild versiegelt inkl. Bohrung an der R\u00fcckseite zum aufh\u00e4ngen. Ca 25x22cm &#8211; weitere Gr\u00f6\u00dfen auf Anfrage. Sende uns Deine Daten &#038; Dein Foto per Mail &#038; wir fertigen Dein Einzelst\u00fcck. Dein Laser Styling Team<\/p>\n","protected":false},"featured_media":1061,"template":"","meta":{"_acf_changed":false},"product_brand":[],"product_cat":[169,103],"product_tag":[],"class_list":{"0":"post-1060","1":"product","2":"type-product","3":"status-publish","4":"has-post-thumbnail","6":"product_cat-sonstiges-wohnen-deko","7":"product_cat-wohnen-deko","9":"first","10":"instock","11":"purchasable","12":"product-type-simple"},"acf":[],"_links":{"self":[{"href":"https:\/\/www.regionalis.shop\/laser-styling\/wp-json\/wp\/v2\/product\/1060","targetHints":{"allow":["GET"]}}],"collection":[{"href":"https:\/\/www.regionalis.shop\/laser-styling\/wp-json\/wp\/v2\/product"}],"about":[{"href":"https:\/\/www.regionalis.shop\/laser-styling\/wp-json\/wp\/v2\/types\/product"}],"wp:featuredmedia":[{"embeddable":true,"href":"https:\/\/www.regionalis.shop\/laser-styling\/wp-json\/wp\/v2\/media\/1061"}],"wp:attachment":[{"href":"https:\/\/www.regionalis.shop\/laser-styling\/wp-json\/wp\/v2\/media?parent=1060"}],"wp:term":[{"taxonomy":"product_brand","embeddable":true,"href":"https:\/\/www.regionalis.shop\/laser-styling\/wp-json\/wp\/v2\/product_brand?post=1060"},{"taxonomy":"product_cat","embeddable":true,"href":"https:\/\/www.regionalis.shop\/laser-styling\/wp-json\/wp\/v2\/product_cat?post=1060"},{"taxonomy":"product_tag","embeddable":true,"href":"https:\/\/www.regionalis.shop\/laser-styling\/wp-json\/wp\/v2\/product_tag?post=1060"}],"curies":[{"name":"wp","href":"https:\/\/api.w.org\/{rel}","templated":true}]}}