{"id":1068,"date":"2025-04-18T01:30:54","date_gmt":"2025-04-17T23:30:54","guid":{"rendered":"https:\/\/www.regionalis.shop\/laser-styling\/product\/bilderrahmen-mit-wunschgravur-15x10cm\/"},"modified":"2025-04-18T01:30:54","modified_gmt":"2025-04-17T23:30:54","slug":"bilderrahmen-mit-wunschgravur-15x10cm","status":"publish","type":"product","link":"https:\/\/www.regionalis.shop\/laser-styling\/shop\/bilderrahmen-mit-wunschgravur-15x10cm\/","title":{"rendered":"Bilderrahmen mit Wunschgravur 15x10cm"},"content":{"rendered":"<p>Schon den perfekten Rahmen f\u00fcr Dein Lieblingsfoto gefunden?<br \/>\nWeitere Gr\u00f6\u00dfen gerne auf Anfrage!<\/p>\n<p>Sende uns Deinen Wunschtext und\/oder Dein Motiv &#038; wir personalisieren Dein Geschenk.<br \/>\nDaten an laserstyling@gmx.at<\/p>\n<p>Dein Laser Styling Team<\/p>\n","protected":false},"excerpt":{"rendered":"<p>Schon den perfekten Rahmen f\u00fcr Dein Lieblingsfoto gefunden? Weitere Gr\u00f6\u00dfen gerne auf Anfrage! Sende uns Deinen Wunschtext und\/oder Dein Motiv &#038; wir personalisieren Dein Geschenk. Daten an laserstyling@gmx.at Dein Laser Styling Team<\/p>\n","protected":false},"featured_media":1069,"template":"","meta":{"_acf_changed":false},"product_brand":[],"product_cat":[131,54],"product_tag":[],"class_list":{"0":"post-1068","1":"product","2":"type-product","3":"status-publish","4":"has-post-thumbnail","6":"product_cat-fotografie","7":"product_cat-kunst-fotografie","9":"first","10":"instock","11":"purchasable","12":"product-type-simple"},"acf":[],"_links":{"self":[{"href":"https:\/\/www.regionalis.shop\/laser-styling\/wp-json\/wp\/v2\/product\/1068","targetHints":{"allow":["GET"]}}],"collection":[{"href":"https:\/\/www.regionalis.shop\/laser-styling\/wp-json\/wp\/v2\/product"}],"about":[{"href":"https:\/\/www.regionalis.shop\/laser-styling\/wp-json\/wp\/v2\/types\/product"}],"wp:featuredmedia":[{"embeddable":true,"href":"https:\/\/www.regionalis.shop\/laser-styling\/wp-json\/wp\/v2\/media\/1069"}],"wp:attachment":[{"href":"https:\/\/www.regionalis.shop\/laser-styling\/wp-json\/wp\/v2\/media?parent=1068"}],"wp:term":[{"taxonomy":"product_brand","embeddable":true,"href":"https:\/\/www.regionalis.shop\/laser-styling\/wp-json\/wp\/v2\/product_brand?post=1068"},{"taxonomy":"product_cat","embeddable":true,"href":"https:\/\/www.regionalis.shop\/laser-styling\/wp-json\/wp\/v2\/product_cat?post=1068"},{"taxonomy":"product_tag","embeddable":true,"href":"https:\/\/www.regionalis.shop\/laser-styling\/wp-json\/wp\/v2\/product_tag?post=1068"}],"curies":[{"name":"wp","href":"https:\/\/api.w.org\/{rel}","templated":true}]}}