{"id":1070,"date":"2025-04-18T01:30:54","date_gmt":"2025-04-17T23:30:54","guid":{"rendered":"https:\/\/www.regionalis.shop\/laser-styling\/product\/tuerschild-hausschild-hausnummer-mit-gravur\/"},"modified":"2025-04-18T01:30:54","modified_gmt":"2025-04-17T23:30:54","slug":"tuerschild-hausschild-hausnummer-mit-gravur","status":"publish","type":"product","link":"https:\/\/www.regionalis.shop\/laser-styling\/shop\/tuerschild-hausschild-hausnummer-mit-gravur\/","title":{"rendered":"T\u00fcrschild, Hausschild, Hausnummer mit Gravur"},"content":{"rendered":"<p>Schieferplatten, T\u00fcrschilder, Stra\u00dfenschild, Glasuntersetzer, Geschenk, ect.<br \/>\nAndere Formen gerne auf Anfrage!<\/p>\n<p>10\u00d710 cm 15,-<br \/>\n20&#215;20 cm 19,-<br \/>\n30&#215;20 cm 29,-<br \/>\n40&#215;30 cm 39,-<\/p>\n<p>Sende uns Deinen Wunschtext und\/oder Dein Motiv &#038; wir personalisieren Dein Geschenk.<br \/>\nDaten an laserstyling@gmx.at<\/p>\n<p>Dein Laser Styling Team<\/p>\n","protected":false},"excerpt":{"rendered":"<p>Schieferplatten, T\u00fcrschilder, Stra\u00dfenschild, Glasuntersetzer, Geschenk, ect. Andere Formen gerne auf Anfrage! 10\u00d710 cm 15,- 20&#215;20 cm 19,- 30&#215;20 cm 29,- 40&#215;30 cm 39,- Sende uns Deinen Wunschtext und\/oder Dein Motiv &#038; wir personalisieren Dein Geschenk. Daten an laserstyling@gmx.at Dein Laser Styling Team<\/p>\n","protected":false},"featured_media":1071,"template":"","meta":{"_acf_changed":false},"product_brand":[],"product_cat":[132,103],"product_tag":[],"class_list":{"0":"post-1070","1":"product","2":"type-product","3":"status-publish","4":"has-post-thumbnail","6":"product_cat-garten-terrasse","7":"product_cat-wohnen-deko","9":"first","10":"instock","11":"purchasable","12":"product-type-simple"},"acf":[],"_links":{"self":[{"href":"https:\/\/www.regionalis.shop\/laser-styling\/wp-json\/wp\/v2\/product\/1070","targetHints":{"allow":["GET"]}}],"collection":[{"href":"https:\/\/www.regionalis.shop\/laser-styling\/wp-json\/wp\/v2\/product"}],"about":[{"href":"https:\/\/www.regionalis.shop\/laser-styling\/wp-json\/wp\/v2\/types\/product"}],"wp:featuredmedia":[{"embeddable":true,"href":"https:\/\/www.regionalis.shop\/laser-styling\/wp-json\/wp\/v2\/media\/1071"}],"wp:attachment":[{"href":"https:\/\/www.regionalis.shop\/laser-styling\/wp-json\/wp\/v2\/media?parent=1070"}],"wp:term":[{"taxonomy":"product_brand","embeddable":true,"href":"https:\/\/www.regionalis.shop\/laser-styling\/wp-json\/wp\/v2\/product_brand?post=1070"},{"taxonomy":"product_cat","embeddable":true,"href":"https:\/\/www.regionalis.shop\/laser-styling\/wp-json\/wp\/v2\/product_cat?post=1070"},{"taxonomy":"product_tag","embeddable":true,"href":"https:\/\/www.regionalis.shop\/laser-styling\/wp-json\/wp\/v2\/product_tag?post=1070"}],"curies":[{"name":"wp","href":"https:\/\/api.w.org\/{rel}","templated":true}]}}