{"id":1052,"date":"2025-04-28T03:54:00","date_gmt":"2025-04-28T01:54:00","guid":{"rendered":"https:\/\/www.regionalis.shop\/lenas-stoffkisterl\/product\/mutter-kind-pass-huelle\/"},"modified":"2025-04-28T03:54:00","modified_gmt":"2025-04-28T01:54:00","slug":"mutter-kind-pass-huelle","status":"publish","type":"product","link":"https:\/\/www.regionalis.shop\/lenas-stoffkisterl\/shop\/mutter-kind-pass-huelle\/","title":{"rendered":"Mutter Kind Pass H\u00fclle"},"content":{"rendered":"<p>Selbst gen\u00e4hte MutterKindPassH\u00fclle mit e Card fach.<br \/>\nDieses Modell ist sofort zu haben.<br \/>\nAus Baumwolle gen\u00e4ht und innen verst\u00e4rkt. So ist der MKpass immer gut gesch\u00fctzt.<\/p>\n","protected":false},"excerpt":{"rendered":"<p>Selbst gen\u00e4hte MutterKindPassH\u00fclle mit e Card fach. Dieses Modell ist sofort zu haben. Aus Baumwolle gen\u00e4ht und innen verst\u00e4rkt. So ist der MKpass immer gut gesch\u00fctzt.<\/p>\n","protected":false},"featured_media":1053,"template":"","meta":{"_acf_changed":false},"product_brand":[],"product_cat":[107,38],"product_tag":[],"class_list":{"0":"post-1052","1":"product","2":"type-product","3":"status-publish","4":"has-post-thumbnail","6":"product_cat-accessoires-baby-kinder","7":"product_cat-baby-kinder","9":"first","10":"instock","11":"purchasable","12":"product-type-simple"},"acf":[],"_links":{"self":[{"href":"https:\/\/www.regionalis.shop\/lenas-stoffkisterl\/wp-json\/wp\/v2\/product\/1052","targetHints":{"allow":["GET"]}}],"collection":[{"href":"https:\/\/www.regionalis.shop\/lenas-stoffkisterl\/wp-json\/wp\/v2\/product"}],"about":[{"href":"https:\/\/www.regionalis.shop\/lenas-stoffkisterl\/wp-json\/wp\/v2\/types\/product"}],"wp:featuredmedia":[{"embeddable":true,"href":"https:\/\/www.regionalis.shop\/lenas-stoffkisterl\/wp-json\/wp\/v2\/media\/1053"}],"wp:attachment":[{"href":"https:\/\/www.regionalis.shop\/lenas-stoffkisterl\/wp-json\/wp\/v2\/media?parent=1052"}],"wp:term":[{"taxonomy":"product_brand","embeddable":true,"href":"https:\/\/www.regionalis.shop\/lenas-stoffkisterl\/wp-json\/wp\/v2\/product_brand?post=1052"},{"taxonomy":"product_cat","embeddable":true,"href":"https:\/\/www.regionalis.shop\/lenas-stoffkisterl\/wp-json\/wp\/v2\/product_cat?post=1052"},{"taxonomy":"product_tag","embeddable":true,"href":"https:\/\/www.regionalis.shop\/lenas-stoffkisterl\/wp-json\/wp\/v2\/product_tag?post=1052"}],"curies":[{"name":"wp","href":"https:\/\/api.w.org\/{rel}","templated":true}]}}