{"id":1058,"date":"2025-04-28T03:46:58","date_gmt":"2025-04-28T01:46:58","guid":{"rendered":"https:\/\/www.regionalis.shop\/lenas-stoffkisterl\/product\/aermel-laetzchen\/"},"modified":"2025-04-28T03:46:58","modified_gmt":"2025-04-28T01:46:58","slug":"aermel-laetzchen","status":"publish","type":"product","link":"https:\/\/www.regionalis.shop\/lenas-stoffkisterl\/shop\/aermel-laetzchen\/","title":{"rendered":"\u00c4rmel l\u00e4tzchen"},"content":{"rendered":"<p>Das \u00c4rmel l\u00e4tzchen ist aus Frottee Stoff gen\u00e4ht. Innen hat es noch mal eine wasserabweisend Schicht. Dadurch kann das Baby in aller ruhe matschen. <\/p>\n<p>Es passt gut von Gr\u00f6\u00dfe 68 bis 86 und ist mit 40Grad waschbar.<\/p>\n","protected":false},"excerpt":{"rendered":"<p>Das \u00c4rmel l\u00e4tzchen ist aus Frottee Stoff gen\u00e4ht. Innen hat es noch mal eine wasserabweisend Schicht. Dadurch kann das Baby in aller ruhe matschen. Es passt gut von Gr\u00f6\u00dfe 68 bis 86 und ist mit 40Grad waschbar.<\/p>\n","protected":false},"featured_media":1059,"template":"","meta":{"_acf_changed":false},"product_brand":[],"product_cat":[38,49],"product_tag":[],"class_list":{"0":"post-1058","1":"product","2":"type-product","3":"status-publish","4":"has-post-thumbnail","6":"product_cat-baby-kinder","7":"product_cat-kinderkleidung","9":"first","10":"instock","11":"purchasable","12":"product-type-simple"},"acf":[],"_links":{"self":[{"href":"https:\/\/www.regionalis.shop\/lenas-stoffkisterl\/wp-json\/wp\/v2\/product\/1058","targetHints":{"allow":["GET"]}}],"collection":[{"href":"https:\/\/www.regionalis.shop\/lenas-stoffkisterl\/wp-json\/wp\/v2\/product"}],"about":[{"href":"https:\/\/www.regionalis.shop\/lenas-stoffkisterl\/wp-json\/wp\/v2\/types\/product"}],"wp:featuredmedia":[{"embeddable":true,"href":"https:\/\/www.regionalis.shop\/lenas-stoffkisterl\/wp-json\/wp\/v2\/media\/1059"}],"wp:attachment":[{"href":"https:\/\/www.regionalis.shop\/lenas-stoffkisterl\/wp-json\/wp\/v2\/media?parent=1058"}],"wp:term":[{"taxonomy":"product_brand","embeddable":true,"href":"https:\/\/www.regionalis.shop\/lenas-stoffkisterl\/wp-json\/wp\/v2\/product_brand?post=1058"},{"taxonomy":"product_cat","embeddable":true,"href":"https:\/\/www.regionalis.shop\/lenas-stoffkisterl\/wp-json\/wp\/v2\/product_cat?post=1058"},{"taxonomy":"product_tag","embeddable":true,"href":"https:\/\/www.regionalis.shop\/lenas-stoffkisterl\/wp-json\/wp\/v2\/product_tag?post=1058"}],"curies":[{"name":"wp","href":"https:\/\/api.w.org\/{rel}","templated":true}]}}