{"id":862,"date":"2025-05-24T13:44:06","date_gmt":"2025-05-24T11:44:06","guid":{"rendered":"https:\/\/starter.stage.shop-it.at\/?page_id=862"},"modified":"2025-10-23T15:21:37","modified_gmt":"2025-10-23T13:21:37","slug":"startseite","status":"publish","type":"page","link":"https:\/\/www.regionalis.shop\/les-frotteurs\/","title":{"rendered":"Startseite"},"content":{"rendered":"<section>\n        <div class=\"header-image\">\n            <img decoding=\"async\" src=\"https:\/\/www.regionalis.shop\/app\/uploads\/sites\/344\/banner_regionalis23.jpg\" alt=\"\">\n        <\/div>\n    \n    <\/section>\n    <section>\n    <div class=\"header-title\">\n        <h1 class=\"h2\">Willkommen bei les frotteurs<\/h1>\n    <\/div>\n            <h2 class=\"h3\">Handgemacht in Wien<\/h2>\n                <p>Sch\u00f6ne Dinge f\u00fcr Gro\u00df und Klein mit Liebe und Faden handgemacht<\/p>\n<div>Perfekt als Geschenkidee f\u00fcr:<\/div>\n<div>\u2022 Geburtstage<\/div>\n<div>\u2022 Pr\u00fcfungen<\/div>\n<div>\u2022 neue Lebensabschnitte<\/div>\n<div>\u2022 als Gl\u00fccksbringer f\u00fcr Reisen<\/div>\n<div>\u2022 oder einfach als kleine Aufmerksamkeit f\u00fcr Lieblingsmenschen<\/div>\n<div><\/div>\n<div>Jedes Produkt wird von mir handgearbeitet und wird erst auf Bestellung mit Liebe zum Detail zu einem Unikat geformt.<\/div>\n<div><\/div>\n\n    \n    <h3>Produkte<\/h3>\n\n    <div class=\"woocommerce columns-3 \"><ul class=\"products columns-3\">\n<li class=\"product type-product post-1371 status-publish first instock product_cat-accessoires product_cat-accessoires-baby-kinder product_cat-baby-kinder product_cat-schluesselanhaenger product_cat-sonstiges-baby-kinder product_cat-sonstiges-accessoires product_cat-uncategorised product_tag-amigurumi-anhaenger product_tag-braune-getigerte-katze product_tag-fertig-gehaekelt product_tag-gluecksbringer product_tag-katzenmami product_tag-katzensitter product_tag-reisebegleiter product_tag-schluesselanhaenger product_tag-taschenanhaenger product_tag-zippanhaenger has-post-thumbnail purchasable product-type-simple\">\n\t<a href=\"https:\/\/www.regionalis.shop\/les-frotteurs\/shop\/braune-katze-anhaenger\/\" class=\"woocommerce-LoopProduct-link woocommerce-loop-product__link\"><div class=\"wc-block-grid__product-image\"><img loading=\"lazy\" decoding=\"async\" width=\"1024\" height=\"1024\" src=\"https:\/\/www.regionalis.shop\/app\/uploads\/sites\/344\/IMG_7333-1024x1024.jpeg\" class=\"attachment-large size-large\" alt=\"Braune Katze Anh\u00e4nger\" srcset=\"https:\/\/www.regionalis.shop\/app\/uploads\/sites\/344\/IMG_7333-1024x1024.jpeg 1024w, https:\/\/www.regionalis.shop\/app\/uploads\/sites\/344\/IMG_7333-300x300.jpeg 300w, https:\/\/www.regionalis.shop\/app\/uploads\/sites\/344\/IMG_7333-150x150.jpeg 150w, https:\/\/www.regionalis.shop\/app\/uploads\/sites\/344\/IMG_7333-768x768.jpeg 768w, https:\/\/www.regionalis.shop\/app\/uploads\/sites\/344\/IMG_7333-1536x1536.jpeg 1536w, https:\/\/www.regionalis.shop\/app\/uploads\/sites\/344\/IMG_7333-2048x2048.jpeg 2048w, https:\/\/www.regionalis.shop\/app\/uploads\/sites\/344\/IMG_7333-600x600.jpeg 600w, https:\/\/www.regionalis.shop\/app\/uploads\/sites\/344\/IMG_7333-100x100.jpeg 100w\" sizes=\"auto, (max-width: 1024px) 100vw, 1024px\" \/><\/div><h2 class=\"woocommerce-loop-product__title\">Braune Katze Anh\u00e4nger<\/h2>\n\t<span class=\"price\"><span class=\"woocommerce-Price-amount amount\"><bdi>19,90&nbsp;<span class=\"woocommerce-Price-currencySymbol\">&euro;<\/span><\/bdi><\/span><\/span>\n<\/a><\/li>\n<li class=\"product type-product post-1362 status-publish instock product_cat-accessoires product_cat-accessoires-baby-kinder product_cat-baby-kinder product_cat-schluesselanhaenger product_cat-sonstiges-accessoires product_cat-sonstiges-baby-kinder product_cat-uncategorised product_tag-amigurumi-anhaenger product_tag-arielle-meerjungfrau product_tag-fertig-gehaekelt product_tag-gluecksbringer product_tag-personalisiert product_tag-reisebegleiter product_tag-schluesselanhaenger product_tag-taschenanhaenger product_tag-wassernixe product_tag-zippanhaenger has-post-thumbnail purchasable product-type-simple\">\n\t<a href=\"https:\/\/www.regionalis.shop\/les-frotteurs\/shop\/wassermann-anhaenger\/\" class=\"woocommerce-LoopProduct-link woocommerce-loop-product__link\"><div class=\"wc-block-grid__product-image\"><img loading=\"lazy\" decoding=\"async\" width=\"1024\" height=\"1024\" src=\"https:\/\/www.regionalis.shop\/app\/uploads\/sites\/344\/IMG_5783-1024x1024.jpeg\" class=\"attachment-large size-large\" alt=\"Wassermann Anh\u00e4nger\" srcset=\"https:\/\/www.regionalis.shop\/app\/uploads\/sites\/344\/IMG_5783-1024x1024.jpeg 1024w, https:\/\/www.regionalis.shop\/app\/uploads\/sites\/344\/IMG_5783-300x300.jpeg 300w, https:\/\/www.regionalis.shop\/app\/uploads\/sites\/344\/IMG_5783-150x150.jpeg 150w, https:\/\/www.regionalis.shop\/app\/uploads\/sites\/344\/IMG_5783-768x768.jpeg 768w, https:\/\/www.regionalis.shop\/app\/uploads\/sites\/344\/IMG_5783-1536x1536.jpeg 1536w, https:\/\/www.regionalis.shop\/app\/uploads\/sites\/344\/IMG_5783-2048x2048.jpeg 2048w, https:\/\/www.regionalis.shop\/app\/uploads\/sites\/344\/IMG_5783-600x600.jpeg 600w, https:\/\/www.regionalis.shop\/app\/uploads\/sites\/344\/IMG_5783-100x100.jpeg 100w\" sizes=\"auto, (max-width: 1024px) 100vw, 1024px\" \/><\/div><h2 class=\"woocommerce-loop-product__title\">Wassermann Anh\u00e4nger<\/h2>\n\t<span class=\"price\"><span class=\"woocommerce-Price-amount amount\"><bdi>19,90&nbsp;<span class=\"woocommerce-Price-currencySymbol\">&euro;<\/span><\/bdi><\/span><\/span>\n<\/a><\/li>\n<li class=\"product type-product post-1355 status-publish last instock product_cat-accessoires product_cat-accessoires-baby-kinder product_cat-baby-kinder product_cat-schluesselanhaenger product_cat-sonstiges-accessoires product_cat-sonstiges-baby-kinder product_cat-uncategorised product_tag-amigurumi-anhaenger product_tag-arielle-meerjungfrau product_tag-fertig-gehaekelt product_tag-gluecksbringer product_tag-personalisiert product_tag-reisebegleiter product_tag-schluesselanhaenger product_tag-taschenanhaenger product_tag-wassernixe product_tag-zippanhaenger has-post-thumbnail purchasable product-type-simple\">\n\t<a href=\"https:\/\/www.regionalis.shop\/les-frotteurs\/shop\/gruene-meerjungfrau-anhaenger\/\" class=\"woocommerce-LoopProduct-link woocommerce-loop-product__link\"><div class=\"wc-block-grid__product-image\"><img loading=\"lazy\" decoding=\"async\" width=\"1024\" height=\"1024\" src=\"https:\/\/www.regionalis.shop\/app\/uploads\/sites\/344\/IMG_5555-1024x1024.jpeg\" class=\"attachment-large size-large\" alt=\"Meerjungfrau Anh\u00e4nger\" srcset=\"https:\/\/www.regionalis.shop\/app\/uploads\/sites\/344\/IMG_5555-1024x1024.jpeg 1024w, https:\/\/www.regionalis.shop\/app\/uploads\/sites\/344\/IMG_5555-300x300.jpeg 300w, https:\/\/www.regionalis.shop\/app\/uploads\/sites\/344\/IMG_5555-150x150.jpeg 150w, https:\/\/www.regionalis.shop\/app\/uploads\/sites\/344\/IMG_5555-768x768.jpeg 768w, https:\/\/www.regionalis.shop\/app\/uploads\/sites\/344\/IMG_5555-1536x1536.jpeg 1536w, https:\/\/www.regionalis.shop\/app\/uploads\/sites\/344\/IMG_5555-2048x2048.jpeg 2048w, https:\/\/www.regionalis.shop\/app\/uploads\/sites\/344\/IMG_5555-600x600.jpeg 600w, https:\/\/www.regionalis.shop\/app\/uploads\/sites\/344\/IMG_5555-100x100.jpeg 100w\" sizes=\"auto, (max-width: 1024px) 100vw, 1024px\" \/><\/div><h2 class=\"woocommerce-loop-product__title\">Gr\u00fcne Meerjungfrau Anh\u00e4nger<\/h2>\n\t<span class=\"price\"><span class=\"woocommerce-Price-amount amount\"><bdi>19,90&nbsp;<span class=\"woocommerce-Price-currencySymbol\">&euro;<\/span><\/bdi><\/span><\/span>\n<\/a><\/li>\n<\/ul>\n<\/div>\n    <p>\n        <a href=\"https:\/\/www.regionalis.shop\/les-frotteurs\/shop\/\" class=\"btn btn-primary btn-icon-right\">\n            Alle Produkte <i class=\"bi bi-arrow-right-short\"><\/i>\n        <\/a>\n    <\/p>\n<\/section>\n\n<div data-block-name=\"woocommerce\/store-notices\" class=\"wc-block-store-notices woocommerce alignwide alignwide wp-block-woocommerce-store-notices\"><div class=\"woocommerce-notices-wrapper\"><\/div><\/div>","protected":false},"excerpt":{"rendered":"","protected":false},"author":1,"featured_media":0,"parent":0,"menu_order":0,"comment_status":"closed","ping_status":"closed","template":"template-home.blade.php","meta":{"_acf_changed":false,"footnotes":""},"class_list":["post-862","page","type-page","status-publish","hentry"],"acf":[],"_links":{"self":[{"href":"https:\/\/www.regionalis.shop\/les-frotteurs\/wp-json\/wp\/v2\/pages\/862","targetHints":{"allow":["GET"]}}],"collection":[{"href":"https:\/\/www.regionalis.shop\/les-frotteurs\/wp-json\/wp\/v2\/pages"}],"about":[{"href":"https:\/\/www.regionalis.shop\/les-frotteurs\/wp-json\/wp\/v2\/types\/page"}],"author":[{"embeddable":true,"href":"https:\/\/www.regionalis.shop\/les-frotteurs\/wp-json\/wp\/v2\/users\/1"}],"replies":[{"embeddable":true,"href":"https:\/\/www.regionalis.shop\/les-frotteurs\/wp-json\/wp\/v2\/comments?post=862"}],"version-history":[{"count":28,"href":"https:\/\/www.regionalis.shop\/les-frotteurs\/wp-json\/wp\/v2\/pages\/862\/revisions"}],"predecessor-version":[{"id":1041,"href":"https:\/\/www.regionalis.shop\/les-frotteurs\/wp-json\/wp\/v2\/pages\/862\/revisions\/1041"}],"wp:attachment":[{"href":"https:\/\/www.regionalis.shop\/les-frotteurs\/wp-json\/wp\/v2\/media?parent=862"}],"curies":[{"name":"wp","href":"https:\/\/api.w.org\/{rel}","templated":true}]}}