{"id":1054,"date":"2025-04-28T04:00:20","date_gmt":"2025-04-28T02:00:20","guid":{"rendered":"https:\/\/www.regionalis.shop\/les-frotteurs\/product\/schluesselanhaenger-hase-auch-als-taschenanhaenger-oder-rucksackclip\/"},"modified":"2025-11-04T21:48:58","modified_gmt":"2025-11-04T20:48:58","slug":"schluesselanhaenger-hase-auch-als-taschenanhaenger-oder-rucksackclip","status":"publish","type":"product","link":"https:\/\/www.regionalis.shop\/les-frotteurs\/shop\/schluesselanhaenger-hase-auch-als-taschenanhaenger-oder-rucksackclip\/","title":{"rendered":"Schl\u00fcsselanh\u00e4nger Hase, Taschenanh\u00e4nger"},"content":{"rendered":"<p>Graues H\u00e4schen mit wei\u00dfem Bauch, wird auf Bestellung gemacht mit Schl\u00fcsselring und\/oder Karabiner.<\/p>\n<p>Gemacht um in deiner Hand gehalten zu werden und als best\u00e4ndiger Begleiter.<br \/>\nKann als Taschenanh\u00e4nger, Schl\u00fcsselhalter oder Mitfahrer verwendet werden, es gibt jede Menge M\u00f6glichkeiten um n\u00fctzlich zu sein.<\/p>\n<p>Gr\u00f6\u00dfe: ca. 7 x 4,5 cm<\/p>\n<p>Material: Baumwollgarn, F\u00fcllwatte, Metall<\/p>\n<p>Jedes St\u00fcck wurde von mir kreiert und handgefertigt<br \/>\nMehr in meinem regionalis Shop \ud83d\ude42<\/p>\n","protected":false},"excerpt":{"rendered":"<p>Grauer Hase Schl\u00fcsselanh\u00e4nger, handgemacht<\/p>\n","protected":false},"featured_media":1055,"template":"","meta":{"_acf_changed":false},"product_brand":[],"product_cat":[107,38,68,80,82],"product_tag":[208,210,188,209,184],"class_list":{"0":"post-1054","1":"product","2":"type-product","3":"status-publish","4":"has-post-thumbnail","6":"product_cat-accessoires-baby-kinder","7":"product_cat-baby-kinder","8":"product_cat-schluesselanhaenger","9":"product_cat-sonstiges-baby-kinder","10":"product_cat-sonstiges-accessoires","11":"product_tag-hase-schluesselanhaenger","12":"product_tag-kaninchen-anhaenger","13":"product_tag-kleines-geschenk","14":"product_tag-rucksack-clip","15":"product_tag-taschenanhaenger","17":"first","18":"instock","19":"purchasable","20":"product-type-simple"},"acf":[],"_links":{"self":[{"href":"https:\/\/www.regionalis.shop\/les-frotteurs\/wp-json\/wp\/v2\/product\/1054","targetHints":{"allow":["GET"]}}],"collection":[{"href":"https:\/\/www.regionalis.shop\/les-frotteurs\/wp-json\/wp\/v2\/product"}],"about":[{"href":"https:\/\/www.regionalis.shop\/les-frotteurs\/wp-json\/wp\/v2\/types\/product"}],"wp:featuredmedia":[{"embeddable":true,"href":"https:\/\/www.regionalis.shop\/les-frotteurs\/wp-json\/wp\/v2\/media\/1055"}],"wp:attachment":[{"href":"https:\/\/www.regionalis.shop\/les-frotteurs\/wp-json\/wp\/v2\/media?parent=1054"}],"wp:term":[{"taxonomy":"product_brand","embeddable":true,"href":"https:\/\/www.regionalis.shop\/les-frotteurs\/wp-json\/wp\/v2\/product_brand?post=1054"},{"taxonomy":"product_cat","embeddable":true,"href":"https:\/\/www.regionalis.shop\/les-frotteurs\/wp-json\/wp\/v2\/product_cat?post=1054"},{"taxonomy":"product_tag","embeddable":true,"href":"https:\/\/www.regionalis.shop\/les-frotteurs\/wp-json\/wp\/v2\/product_tag?post=1054"}],"curies":[{"name":"wp","href":"https:\/\/api.w.org\/{rel}","templated":true}]}}