{"id":1058,"date":"2025-04-28T04:00:20","date_gmt":"2025-04-28T02:00:20","guid":{"rendered":"https:\/\/www.regionalis.shop\/les-frotteurs\/product\/schluesselanhaenger-mops-auch-als-taschenanhaenger-oder-rucksackclip\/"},"modified":"2025-11-04T21:48:35","modified_gmt":"2025-11-04T20:48:35","slug":"schluesselanhaenger-mops-auch-als-taschenanhaenger-oder-rucksackclip","status":"publish","type":"product","link":"https:\/\/www.regionalis.shop\/les-frotteurs\/shop\/schluesselanhaenger-mops-auch-als-taschenanhaenger-oder-rucksackclip\/","title":{"rendered":"Schl\u00fcsselanh\u00e4nger Mops, Taschenanh\u00e4nger"},"content":{"rendered":"<p>Kleiner Mops mit diversen Haken, wird auf Bestellung gemacht mit Schl\u00fcsselring, Knochenanh\u00e4nger oder Karabiner etc., siehe Fotos!<\/p>\n<p>Wie schon Loriot sagte: Ein Leben ohne Mops ist m\u00f6glich, aber sinnlos \ud83d\ude42<\/p>\n<p>Handlich gemacht und als best\u00e4ndiger Begleiter.<br \/>\nKann als Taschenanh\u00e4nger, Schl\u00fcsselhalter oder Mitfahrer verwendet werden.<br \/>\nDen Knochenanh\u00e4nger kannst du beim Graveur deines Vertrauens noch personalisieren lassen.<\/p>\n<p>Gr\u00f6\u00dfe: ca. 6 x 4,5 cm<\/p>\n<p>Material: Baumwollgarn, F\u00fcllwatte, Metall<\/p>\n<p>Jedes St\u00fcck wurde von mir kreiert und handgefertigt<br \/>\nMehr in meinem regionalis Shop \ud83d\ude42<\/p>\n","protected":false},"excerpt":{"rendered":"<p>Kleiner Hundeanh\u00e4nger f\u00fcr Schl\u00fcsseln, Taschen etc.<\/p>\n","protected":false},"featured_media":1241,"template":"","meta":{"_acf_changed":false},"product_brand":[],"product_cat":[37,68,82],"product_tag":[199,200,201,181,188,202,203],"class_list":{"0":"post-1058","1":"product","2":"type-product","3":"status-publish","4":"has-post-thumbnail","6":"product_cat-accessoires","7":"product_cat-schluesselanhaenger","8":"product_cat-sonstiges-accessoires","9":"product_tag-fuer-hundebesitzer","10":"product_tag-geschenksidee","11":"product_tag-haekeltier","12":"product_tag-handgemacht","13":"product_tag-kleines-geschenk","14":"product_tag-kleines-suesses-ding","15":"product_tag-rucksackclip","17":"first","18":"instock","19":"purchasable","20":"product-type-simple"},"acf":[],"_links":{"self":[{"href":"https:\/\/www.regionalis.shop\/les-frotteurs\/wp-json\/wp\/v2\/product\/1058","targetHints":{"allow":["GET"]}}],"collection":[{"href":"https:\/\/www.regionalis.shop\/les-frotteurs\/wp-json\/wp\/v2\/product"}],"about":[{"href":"https:\/\/www.regionalis.shop\/les-frotteurs\/wp-json\/wp\/v2\/types\/product"}],"wp:featuredmedia":[{"embeddable":true,"href":"https:\/\/www.regionalis.shop\/les-frotteurs\/wp-json\/wp\/v2\/media\/1241"}],"wp:attachment":[{"href":"https:\/\/www.regionalis.shop\/les-frotteurs\/wp-json\/wp\/v2\/media?parent=1058"}],"wp:term":[{"taxonomy":"product_brand","embeddable":true,"href":"https:\/\/www.regionalis.shop\/les-frotteurs\/wp-json\/wp\/v2\/product_brand?post=1058"},{"taxonomy":"product_cat","embeddable":true,"href":"https:\/\/www.regionalis.shop\/les-frotteurs\/wp-json\/wp\/v2\/product_cat?post=1058"},{"taxonomy":"product_tag","embeddable":true,"href":"https:\/\/www.regionalis.shop\/les-frotteurs\/wp-json\/wp\/v2\/product_tag?post=1058"}],"curies":[{"name":"wp","href":"https:\/\/api.w.org\/{rel}","templated":true}]}}