{"id":1072,"date":"2025-04-28T03:58:56","date_gmt":"2025-04-28T01:58:56","guid":{"rendered":"https:\/\/www.regionalis.shop\/les-frotteurs\/product\/fledermaus-bleistift-gruselig-suesser-flattermann-mit-regenbogenbleistift\/"},"modified":"2025-12-10T10:12:52","modified_gmt":"2025-12-10T09:12:52","slug":"fledermaus-bleistift","status":"publish","type":"product","link":"https:\/\/www.regionalis.shop\/les-frotteurs\/shop\/fledermaus-bleistift\/","title":{"rendered":"Fledermaus Bleistift"},"content":{"rendered":"<p style=\"text-align: left\">Fledermaus Topper mit einem Graphitbleistift im tollem Regenbogendesign<br \/>\nDie Kappe ist nicht fixiert und kann auf jeden anderen Bleistift mit \u00e4hnlicher Gr\u00f6\u00dfe gesteckt werden<\/p>\n<p>Stift: Standard HB Bleistift<br \/>\ndie bunten Schichten wurden aus Papier gemacht<\/p>\n<p>Handgemachter Fledermaus Aufsatz<br \/>\nBaumwollgarn, feine Handarbeit<\/p>\n<p>L\u00e4nge insgesamt: ca. 20 cm<\/p>\n<p>Jedes St\u00fcck wurde von mir kreiert und handgefertigt<br \/>\nMehr in meinem Shop \ud83d\ude42<\/p>\n","protected":false},"excerpt":{"rendered":"<p>Fledermaus Topper mit einem Graphitbleistift im tollem Regenbogendesign Die Kappe ist nicht fixiert und kann auf jeden anderen Bleistift mit \u00e4hnlicher Gr\u00f6\u00dfe gesteckt werden Stift: Standard HB Bleistift die bunten Schichten wurden aus Papier gemacht Handgemachter Fledermaus Aufsatz Baumwollgarn, feine Handarbeit L\u00e4nge insgesamt: ca. 20 cm Jedes St\u00fcck wurde von mir kreiert und handgefertigt Mehr &hellip; <a href=\"https:\/\/www.regionalis.shop\/les-frotteurs\/shop\/fledermaus-bleistift\/\">Continued<\/a><\/p>\n","protected":false},"featured_media":1073,"template":"","meta":{"_acf_changed":false},"product_brand":[],"product_cat":[38,75],"product_tag":[213,212,215,211,214,192,191,216],"class_list":{"0":"post-1072","1":"product","2":"type-product","3":"status-publish","4":"has-post-thumbnail","6":"product_cat-baby-kinder","7":"product_cat-schule-lernen","8":"product_tag-batman","9":"product_tag-bleistift-topper","10":"product_tag-flattermann","11":"product_tag-fledermaus","12":"product_tag-halloween","13":"product_tag-home-office","14":"product_tag-homeschooling","15":"product_tag-talisman","17":"first","18":"instock","19":"purchasable","20":"product-type-simple"},"acf":[],"_links":{"self":[{"href":"https:\/\/www.regionalis.shop\/les-frotteurs\/wp-json\/wp\/v2\/product\/1072","targetHints":{"allow":["GET"]}}],"collection":[{"href":"https:\/\/www.regionalis.shop\/les-frotteurs\/wp-json\/wp\/v2\/product"}],"about":[{"href":"https:\/\/www.regionalis.shop\/les-frotteurs\/wp-json\/wp\/v2\/types\/product"}],"wp:featuredmedia":[{"embeddable":true,"href":"https:\/\/www.regionalis.shop\/les-frotteurs\/wp-json\/wp\/v2\/media\/1073"}],"wp:attachment":[{"href":"https:\/\/www.regionalis.shop\/les-frotteurs\/wp-json\/wp\/v2\/media?parent=1072"}],"wp:term":[{"taxonomy":"product_brand","embeddable":true,"href":"https:\/\/www.regionalis.shop\/les-frotteurs\/wp-json\/wp\/v2\/product_brand?post=1072"},{"taxonomy":"product_cat","embeddable":true,"href":"https:\/\/www.regionalis.shop\/les-frotteurs\/wp-json\/wp\/v2\/product_cat?post=1072"},{"taxonomy":"product_tag","embeddable":true,"href":"https:\/\/www.regionalis.shop\/les-frotteurs\/wp-json\/wp\/v2\/product_tag?post=1072"}],"curies":[{"name":"wp","href":"https:\/\/api.w.org\/{rel}","templated":true}]}}