{"id":1077,"date":"2025-04-28T03:56:41","date_gmt":"2025-04-28T01:56:41","guid":{"rendered":"https:\/\/www.regionalis.shop\/les-frotteurs\/product\/geflecktes-schweinchen-bleistift-gluecksbringer\/"},"modified":"2025-11-05T09:57:05","modified_gmt":"2025-11-05T08:57:05","slug":"geflecktes-schweinchen-bleistift-gluecksbringer","status":"publish","type":"product","link":"https:\/\/www.regionalis.shop\/les-frotteurs\/shop\/geflecktes-schweinchen-bleistift-gluecksbringer\/","title":{"rendered":"Geflecktes Schweinchen Bleistift, Gl\u00fccksbringer"},"content":{"rendered":"<p>Schweinchen Bleistift, handgemachter Aufsatz f\u00fcr einen Graphitbleistift im tollem Regenbogendesign<br \/>\nDer Topper ist nicht fixiert und kann auf jeden anderen Bleistift mit \u00e4hnlicher Gr\u00f6\u00dfe gesteckt werden<\/p>\n<p>Stift: Standard HB Bleistift<br \/>\ndie bunten Schichten wurden aus Papier gemacht<\/p>\n<p>Handgemachter Gl\u00fccksbringer in hellrosa<br \/>\nBaumwollgarn, feine Handarbeit<\/p>\n<p>Wunschfarbe m\u00f6glich!<\/p>\n<p>L\u00e4nge insgesamt: ca. 20 cm<\/p>\n<p>Jedes St\u00fcck wurde von mir kreiert und handgefertigt<br \/>\nMehr in meinem Shop \ud83d\ude42<\/p>\n<p>Vielen Dank!<\/p>\n","protected":false},"excerpt":{"rendered":"<p>Schweinchen Bleistift, handgemachter Aufsatz f\u00fcr einen Graphitbleistift im tollem Regenbogendesign Der Topper ist nicht fixiert und kann auf jeden anderen Bleistift mit \u00e4hnlicher Gr\u00f6\u00dfe gesteckt werden Stift: Standard HB Bleistift die bunten Schichten wurden aus Papier gemacht Handgemachter Gl\u00fccksbringer in hellrosa Baumwollgarn, feine Handarbeit Wunschfarbe m\u00f6glich! L\u00e4nge insgesamt: ca. 20 cm Jedes St\u00fcck wurde von &hellip; <a href=\"https:\/\/www.regionalis.shop\/les-frotteurs\/shop\/geflecktes-schweinchen-bleistift-gluecksbringer\/\">Continued<\/a><\/p>\n","protected":false},"featured_media":1266,"template":"","meta":{"_acf_changed":false},"product_brand":[],"product_cat":[62,72,75,80,87],"product_tag":[212,226,181,225,230,229,228,227],"class_list":{"0":"post-1077","1":"product","2":"type-product","3":"status-publish","4":"has-post-thumbnail","6":"product_cat-papeterie-schreibwaren","7":"product_cat-schreibwaren","8":"product_cat-schule-lernen","9":"product_cat-sonstiges-baby-kinder","10":"product_cat-sonstiges-papeterie-schreibwaren","11":"product_tag-bleistift-topper","12":"product_tag-fleckvieh","13":"product_tag-handgemacht","14":"product_tag-puenktchen","15":"product_tag-regenbogen-stift","16":"product_tag-rosa-sau","17":"product_tag-schwein-mit-punkten","18":"product_tag-schweinchen","20":"first","21":"instock","22":"purchasable","23":"product-type-simple"},"acf":[],"_links":{"self":[{"href":"https:\/\/www.regionalis.shop\/les-frotteurs\/wp-json\/wp\/v2\/product\/1077","targetHints":{"allow":["GET"]}}],"collection":[{"href":"https:\/\/www.regionalis.shop\/les-frotteurs\/wp-json\/wp\/v2\/product"}],"about":[{"href":"https:\/\/www.regionalis.shop\/les-frotteurs\/wp-json\/wp\/v2\/types\/product"}],"wp:featuredmedia":[{"embeddable":true,"href":"https:\/\/www.regionalis.shop\/les-frotteurs\/wp-json\/wp\/v2\/media\/1266"}],"wp:attachment":[{"href":"https:\/\/www.regionalis.shop\/les-frotteurs\/wp-json\/wp\/v2\/media?parent=1077"}],"wp:term":[{"taxonomy":"product_brand","embeddable":true,"href":"https:\/\/www.regionalis.shop\/les-frotteurs\/wp-json\/wp\/v2\/product_brand?post=1077"},{"taxonomy":"product_cat","embeddable":true,"href":"https:\/\/www.regionalis.shop\/les-frotteurs\/wp-json\/wp\/v2\/product_cat?post=1077"},{"taxonomy":"product_tag","embeddable":true,"href":"https:\/\/www.regionalis.shop\/les-frotteurs\/wp-json\/wp\/v2\/product_tag?post=1077"}],"curies":[{"name":"wp","href":"https:\/\/api.w.org\/{rel}","templated":true}]}}