{"id":1092,"date":"2025-04-28T03:56:41","date_gmt":"2025-04-28T01:56:41","guid":{"rendered":"https:\/\/www.regionalis.shop\/les-frotteurs\/product\/schluesselanhaenger-eule-auch-als-taschenclip-verwendbar\/"},"modified":"2025-11-10T14:54:07","modified_gmt":"2025-11-10T13:54:07","slug":"schluesselanhaenger-eule-auch-als-taschenclip-verwendbar","status":"publish","type":"product","link":"https:\/\/www.regionalis.shop\/les-frotteurs\/shop\/schluesselanhaenger-eule-auch-als-taschenclip-verwendbar\/","title":{"rendered":"Schl\u00fcsselanh\u00e4nger Eule, Taschenclip"},"content":{"rendered":"<p><!--more-->Eule Anh\u00e4nger, wird auf Bestellung gemacht mit Schl\u00fcsselring und\/oder Karabiner.<br \/>\nHandlich gemacht als best\u00e4ndigen Begleiter.<br \/>\nKann als Taschenanh\u00e4nger, Schl\u00fcsselhalter oder Mitfahrer verwendet werden, es gibt jede Menge M\u00f6glichkeiten f\u00fcr das V\u00f6gelchen um n\u00fctzlich zu sein.<br \/>\nJetzt neu mit einer Kugelkette, die auch ge\u00f6ffnet und gek\u00fcrzt werden kann.<\/p>\n<p>Ma\u00dfe: ca. 6 x 4,5 cm<\/p>\n<p>Material: Baumwollgarn, F\u00fcllwatte, Metall<\/p>\n<p>Jedes St\u00fcck wurde von mir kreiert und handgefertigt<br \/>\nMehr in meinem regionalis Shop \ud83d\ude42<\/p>\n","protected":false},"excerpt":{"rendered":"","protected":false},"featured_media":1093,"template":"","meta":{"_acf_changed":false},"product_brand":[],"product_cat":[37,68,80,82],"product_tag":[221,224,201,181,223,203,222],"class_list":{"0":"post-1092","1":"product","2":"type-product","3":"status-publish","4":"has-post-thumbnail","6":"product_cat-accessoires","7":"product_cat-schluesselanhaenger","8":"product_cat-sonstiges-baby-kinder","9":"product_cat-sonstiges-accessoires","10":"product_tag-eule-anhaenger","11":"product_tag-graue-eule","12":"product_tag-haekeltier","13":"product_tag-handgemacht","14":"product_tag-herz-karabiner","15":"product_tag-rucksackclip","16":"product_tag-vogel-accessoire","18":"first","19":"instock","20":"purchasable","21":"product-type-simple"},"acf":[],"_links":{"self":[{"href":"https:\/\/www.regionalis.shop\/les-frotteurs\/wp-json\/wp\/v2\/product\/1092","targetHints":{"allow":["GET"]}}],"collection":[{"href":"https:\/\/www.regionalis.shop\/les-frotteurs\/wp-json\/wp\/v2\/product"}],"about":[{"href":"https:\/\/www.regionalis.shop\/les-frotteurs\/wp-json\/wp\/v2\/types\/product"}],"wp:featuredmedia":[{"embeddable":true,"href":"https:\/\/www.regionalis.shop\/les-frotteurs\/wp-json\/wp\/v2\/media\/1093"}],"wp:attachment":[{"href":"https:\/\/www.regionalis.shop\/les-frotteurs\/wp-json\/wp\/v2\/media?parent=1092"}],"wp:term":[{"taxonomy":"product_brand","embeddable":true,"href":"https:\/\/www.regionalis.shop\/les-frotteurs\/wp-json\/wp\/v2\/product_brand?post=1092"},{"taxonomy":"product_cat","embeddable":true,"href":"https:\/\/www.regionalis.shop\/les-frotteurs\/wp-json\/wp\/v2\/product_cat?post=1092"},{"taxonomy":"product_tag","embeddable":true,"href":"https:\/\/www.regionalis.shop\/les-frotteurs\/wp-json\/wp\/v2\/product_tag?post=1092"}],"curies":[{"name":"wp","href":"https:\/\/api.w.org\/{rel}","templated":true}]}}